{"id":10725,"date":"2025-01-14T16:30:52","date_gmt":"2025-01-14T14:30:52","guid":{"rendered":"https:\/\/messila.fi\/?page_id=10725"},"modified":"2026-04-16T09:42:38","modified_gmt":"2026-04-16T07:42:38","slug":"explore-messila","status":"publish","type":"page","link":"https:\/\/messila.fi\/en\/explore-messila\/","title":{"rendered":"Explore Messil\u00e4"},"content":{"rendered":"\n\t<section class=\"section dark\" id=\"section_67495478\">\n\t\t<div class=\"section-bg fill\" >\n\t\t\t\t\t\t\t\t\t<div class=\"section-bg-overlay absolute fill\"><\/div>\n\t\t\t\n\n\t\t<\/div>\n\n\t\t\n\t<div class=\"ux-shape-divider ux-shape-divider--bottom ux-shape-divider--style-waves-opacity-3\">\n\t\t<svg viewBox=\"0 0 1000 300\" xmlns=\"http:\/\/www.w3.org\/2000\/svg\" preserveAspectRatio=\"none\">\n\t<path class=\"ux-shape-fill\" opacity=\"0.05\" d=\"M1014 264V386H206L34 300C34 300 344.42 277.16 436 221C542 156 590 160 704 209C811 255 899.11 214.94 979 346L1014 264Z\"\/>\n\t<path class=\"ux-shape-fill\" opacity=\"0.1\" d=\"M-302 55C-302 55 -66.73 263.25 50 214C178 160 283 116 353 141C445.68 174.1 534.28 256.19 588 249C692.9 235 764.52 75.94 855 131C940.61 183.09 1000 254 1000 254V328L-306 338L-302 55Z\"\/>\n\t<path class=\"ux-shape-fill\" opacity=\"0.15\" d=\"M-286 255C-286 255 -72 152 52 126C176 100 255 155 436 227C581.57 284.91 614.7 277.79 708 227C787 184 1009 3.0001 1093 164C1146 265.63 1031 293 1031 293L924 377L-288 389L-286 255Z\"\/>\n\t<path class=\"ux-shape-fill\" opacity=\"0.3\" d=\"M-24 69C-24 69 275.68 370.66 389 314C397 310 622 316 673 356C690.47 369.7 845 224 890 182C944.8 130.85 1018 92 1078 143C1154.12 207.7 1196 242 1196 242L1184 374L-28 386L-24 69Z\"\/>\n\t<path class=\"ux-shape-fill\" d=\"M-12 201C-12 201 58 284 182 258C306 232 342.29 221.23 456 264C565 305 640.82 288.36 721 249C776 222 837.5 191.31 935 253C984 284 1030 279 1030 279L1024 430L-12 440V201Z\"\/>\n<\/svg>\n\t<\/div>\n\n\t\t<div class=\"section-content relative\">\n\t\t\t\n<div class=\"row\"  id=\"row-1596475479\">\n\n\t<div id=\"col-1420447651\" class=\"col small-12 large-12\"  >\n\t\t\t\t<div class=\"col-inner text-center text-shadow-4\"  >\n\t\t\t\n\t\t\t\n\t<div id=\"text-272012534\" class=\"text\">\n\t\t\n<h1>Explore Messil\u00e4<\/h1>\n\t\t\n<style>\n#text-272012534 {\n  font-size: 2.25rem;\n  line-height: 1;\n}\n@media (min-width:550px) {\n  #text-272012534 {\n    font-size: 2.5rem;\n  }\n}\n@media (min-width:850px) {\n  #text-272012534 {\n    font-size: 3rem;\n  }\n}\n<\/style>\n\t<\/div>\n\t\n\t\t<\/div>\n\t\t\t\t\t<\/div>\n\n\t\n<\/div>\n\t\t<\/div>\n\n\t\t\n<style>\n#section_67495478 {\n  padding-top: 30px;\n  padding-bottom: 30px;\n  min-height: 100px;\n}\n#section_67495478 .section-bg-overlay {\n  background-color: #0077a0;\n}\n#section_67495478 .ux-shape-divider--bottom svg {\n  height: 100px;\n  --divider-width: 100%;\n}\n<\/style>\n\t<\/section>\n\t\n<div class=\"row\"  id=\"row-1837275804\">\n\n\t<div id=\"col-1593411489\" class=\"col small-12 large-12\"  >\n\t\t\t\t<div class=\"col-inner text-center\"  >\n\t\t\t\n\t\t\t\n\n<span><span><a href=\"https:\/\/messila.fi\/en\/\">Etusivu<\/a><\/span><\/span>\n\n\t\t<\/div>\n\t\t\t\t\t<\/div>\n\n\t\n<\/div>\n\n\t<section class=\"section\" id=\"section_218688070\">\n\t\t<div class=\"section-bg fill\" >\n\t\t\t\t\t\t\t\t\t<div class=\"section-bg-overlay absolute fill\"><\/div>\n\t\t\t\n\n\t\t<\/div>\n\n\t\t\n\n\t\t<div class=\"section-content relative\">\n\t\t\t\n<div class=\"row row-large align-middle\"  id=\"row-1752653979\">\n\n\t<div id=\"col-2066586140\" class=\"col small-12 large-12\"  >\n\t\t\t\t<div class=\"col-inner\"  >\n\t\t\t\n\t\t\t\n\t\t<div id=\"ux-relay-2783202654\" class=\"ux-relay ux-relay--pagination\" data-flatsome-relay=\"{&quot;postType&quot;:&quot;post&quot;,&quot;tag&quot;:&quot;blog_posts&quot;,&quot;atts&quot;:{&quot;style&quot;:&quot;vertical&quot;,&quot;type&quot;:&quot;masonry&quot;,&quot;col_spacing&quot;:&quot;small&quot;,&quot;columns&quot;:&quot;1&quot;,&quot;columns__md&quot;:&quot;1&quot;,&quot;depth&quot;:&quot;2&quot;,&quot;relay&quot;:&quot;pagination&quot;,&quot;cat&quot;:&quot;1&quot;,&quot;posts&quot;:&quot;4&quot;,&quot;title_size&quot;:&quot;xlarge&quot;,&quot;readmore&quot;:&quot;Read more!&quot;,&quot;readmore_color&quot;:&quot;primary&quot;,&quot;show_category&quot;:&quot;text&quot;,&quot;comments&quot;:&quot;false&quot;,&quot;image_height&quot;:&quot;75%&quot;,&quot;image_width&quot;:&quot;50&quot;,&quot;text_align&quot;:&quot;left&quot;},&quot;currentPage&quot;:&quot;1&quot;,&quot;totalPages&quot;:7,&quot;totalPosts&quot;:26,&quot;postCount&quot;:4}\">\n\t\t\n  \n    <div id=\"row-1520664715\" class=\"row large-columns-1 medium-columns-1 small-columns-1 row-small has-shadow row-box-shadow-2 row-masonry\" data-packery-options='{\"itemSelector\": \".col\", \"gutter\": 0, \"presentageWidth\" : true}'>\n\n  <div class=\"col post-item\" >\n\t\t\t<div class=\"col-inner\">\n\t\t\t\t<div class=\"box box-vertical box-text-bottom box-blog-post has-hover\">\n            \t\t\t\t\t<div class=\"box-image\" style=\"width:50%;\">\n  \t\t\t\t\t\t<div class=\"image-cover\" style=\"padding-top:75%;\">\n\t\t\t\t\t\t\t<a href=\"https:\/\/messila.fi\/en\/mothers-day-lunch-in-messila\/\" class=\"plain\" aria-label=\"Mother&#8217;s Day Lunch in Messil\u00e4\">\n\t\t\t\t\t\t\t\t<img loading=\"lazy\" decoding=\"async\" width=\"300\" height=\"169\" src=\"https:\/\/messila.fi\/wp-content\/uploads\/2026\/04\/KartanoravintolaaitienpaivaENG11920-x-1080-px-300x169.png\" class=\"attachment-medium size-medium wp-post-image\" alt=\"\" srcset=\"https:\/\/messila.fi\/wp-content\/uploads\/2026\/04\/KartanoravintolaaitienpaivaENG11920-x-1080-px-300x169.png 300w, https:\/\/messila.fi\/wp-content\/uploads\/2026\/04\/KartanoravintolaaitienpaivaENG11920-x-1080-px-1024x576.png 1024w, https:\/\/messila.fi\/wp-content\/uploads\/2026\/04\/KartanoravintolaaitienpaivaENG11920-x-1080-px-768x432.png 768w, https:\/\/messila.fi\/wp-content\/uploads\/2026\/04\/KartanoravintolaaitienpaivaENG11920-x-1080-px-1536x864.png 1536w, https:\/\/messila.fi\/wp-content\/uploads\/2026\/04\/KartanoravintolaaitienpaivaENG11920-x-1080-px.png 1920w\" sizes=\"auto, (max-width: 300px) 100vw, 300px\" \/>\t\t\t\t\t\t\t<\/a>\n  \t\t\t\t\t\t\t  \t\t\t\t\t\t\t  \t\t\t\t\t\t<\/div>\n  \t\t\t\t\t\t  \t\t\t\t\t<\/div>\n          \t\t\t\t\t<div class=\"box-text text-left\" >\n\t\t\t\t\t<div class=\"box-text-inner blog-post-inner\">\n\n\t\t\t\t\t\n\t\t\t\t\t\t\t\t\t\t\t<p class=\"cat-label  is-xxsmall op-7 uppercase\">\n\t\t\t\t\tConference and Celebration Manor Hotel Messil\u00e4 News \t\t\t\t\t<\/p>\n\t\t\t\t\t\t\t\t\t\t<h5 class=\"post-title is-xlarge \">\n\t\t\t\t\t\t<a href=\"https:\/\/messila.fi\/en\/mothers-day-lunch-in-messila\/\" class=\"plain\">Mother&#8217;s Day Lunch in Messil\u00e4<\/a>\n\t\t\t\t\t<\/h5>\n\t\t\t\t\t\t\t\t\t\t<div class=\"is-divider\"><\/div>\n\t\t\t\t\t\t\t\t\t\t<p class=\"from_the_blog_excerpt \">\n\t\t\t\t\t\tMother\u2019s Day will once again be celebrated at Messil\u00e4\u2019s atmospheric Manor Restaurant with a traditional...\t\t\t\t\t<\/p>\n\t\t\t\t\t                    \n\t\t\t\t\t\t\t\t\t\t\t<a href=\"https:\/\/messila.fi\/en\/mothers-day-lunch-in-messila\/\" class=\"button primary is-outline is-small mb-0\">\n\t\t\t\t\t\t\tRead more!\t\t\t\t\t\t<\/a>\n\t\t\t\t\t\n\t\t\t\t\t\n\t\t\t\t\t<\/div>\n\t\t\t\t\t<\/div>\n\t\t\t\t\t\t\t\t\t\t\t\t\t\t\t\t<div class=\"badge absolute top post-date badge-outline\">\n\t\t\t\t\t\t\t<div class=\"badge-inner\">\n\t\t\t\t\t\t\t\t<span class=\"post-date-day\">04<\/span><br>\n\t\t\t\t\t\t\t\t<span class=\"post-date-month is-xsmall\">Apr<\/span>\n\t\t\t\t\t\t\t<\/div>\n\t\t\t\t\t\t<\/div>\n\t\t\t\t\t\t\t\t\t<\/div>\n\t\t\t<\/div>\n\t\t<\/div><div class=\"col post-item\" >\n\t\t\t<div class=\"col-inner\">\n\t\t\t\t<div class=\"box box-vertical box-text-bottom box-blog-post has-hover\">\n            \t\t\t\t\t<div class=\"box-image\" style=\"width:50%;\">\n  \t\t\t\t\t\t<div class=\"image-cover\" style=\"padding-top:75%;\">\n\t\t\t\t\t\t\t<a href=\"https:\/\/messila.fi\/en\/kevatrieha-messilassa-28-3-26\/\" class=\"plain\" aria-label=\"Kev\u00e4trieha Messil\u00e4ss\u00e4 28.3.26!\">\n\t\t\t\t\t\t\t\t<img loading=\"lazy\" decoding=\"async\" width=\"300\" height=\"200\" src=\"https:\/\/messila.fi\/wp-content\/uploads\/2026\/03\/IMG_6156-300x200.jpg\" class=\"attachment-medium size-medium wp-post-image\" alt=\"\" srcset=\"https:\/\/messila.fi\/wp-content\/uploads\/2026\/03\/IMG_6156-300x200.jpg 300w, https:\/\/messila.fi\/wp-content\/uploads\/2026\/03\/IMG_6156-1024x683.jpg 1024w, https:\/\/messila.fi\/wp-content\/uploads\/2026\/03\/IMG_6156-768x512.jpg 768w, https:\/\/messila.fi\/wp-content\/uploads\/2026\/03\/IMG_6156-1536x1024.jpg 1536w, https:\/\/messila.fi\/wp-content\/uploads\/2026\/03\/IMG_6156-2048x1365.jpg 2048w\" sizes=\"auto, (max-width: 300px) 100vw, 300px\" \/>\t\t\t\t\t\t\t<\/a>\n  \t\t\t\t\t\t\t  \t\t\t\t\t\t\t  \t\t\t\t\t\t<\/div>\n  \t\t\t\t\t\t  \t\t\t\t\t<\/div>\n          \t\t\t\t\t<div class=\"box-text text-left\" >\n\t\t\t\t\t<div class=\"box-text-inner blog-post-inner\">\n\n\t\t\t\t\t\n\t\t\t\t\t\t\t\t\t\t\t<p class=\"cat-label  is-xxsmall op-7 uppercase\">\n\t\t\t\t\tNews \t\t\t\t\t<\/p>\n\t\t\t\t\t\t\t\t\t\t<h5 class=\"post-title is-xlarge \">\n\t\t\t\t\t\t<a href=\"https:\/\/messila.fi\/en\/kevatrieha-messilassa-28-3-26\/\" class=\"plain\">Kev\u00e4trieha Messil\u00e4ss\u00e4 28.3.26!<\/a>\n\t\t\t\t\t<\/h5>\n\t\t\t\t\t\t\t\t\t\t<div class=\"is-divider\"><\/div>\n\t\t\t\t\t\t\t\t\t\t<p class=\"from_the_blog_excerpt \">\n\t\t\t\t\t\tKev\u00e4tlumet ovat parhaimmillaan ja meill\u00e4 Messil\u00e4ss\u00e4 on tulossa taas lis\u00e4\u00e4 kivaa tapahtumaa koko perheelle, sill\u00e4...\t\t\t\t\t<\/p>\n\t\t\t\t\t                    \n\t\t\t\t\t\t\t\t\t\t\t<a href=\"https:\/\/messila.fi\/en\/kevatrieha-messilassa-28-3-26\/\" class=\"button primary is-outline is-small mb-0\">\n\t\t\t\t\t\t\tRead more!\t\t\t\t\t\t<\/a>\n\t\t\t\t\t\n\t\t\t\t\t\n\t\t\t\t\t<\/div>\n\t\t\t\t\t<\/div>\n\t\t\t\t\t\t\t\t\t\t\t\t\t\t\t\t<div class=\"badge absolute top post-date badge-outline\">\n\t\t\t\t\t\t\t<div class=\"badge-inner\">\n\t\t\t\t\t\t\t\t<span class=\"post-date-day\">13<\/span><br>\n\t\t\t\t\t\t\t\t<span class=\"post-date-month is-xsmall\">Mar<\/span>\n\t\t\t\t\t\t\t<\/div>\n\t\t\t\t\t\t<\/div>\n\t\t\t\t\t\t\t\t\t<\/div>\n\t\t\t<\/div>\n\t\t<\/div><div class=\"col post-item\" >\n\t\t\t<div class=\"col-inner\">\n\t\t\t\t<div class=\"box box-vertical box-text-bottom box-blog-post has-hover\">\n            \t\t\t\t\t<div class=\"box-image\" style=\"width:50%;\">\n  \t\t\t\t\t\t<div class=\"image-cover\" style=\"padding-top:75%;\">\n\t\t\t\t\t\t\t<a href=\"https:\/\/messila.fi\/en\/paasiaisen-viettoa-kevaisessa-messilassa\/\" class=\"plain\" aria-label=\"Eastertime at Messil\u00e4\">\n\t\t\t\t\t\t\t\t<img loading=\"lazy\" decoding=\"async\" width=\"300\" height=\"200\" src=\"https:\/\/messila.fi\/wp-content\/uploads\/2026\/03\/Aitta_37-300x200.jpg\" class=\"attachment-medium size-medium wp-post-image\" alt=\"\" srcset=\"https:\/\/messila.fi\/wp-content\/uploads\/2026\/03\/Aitta_37-300x200.jpg 300w, https:\/\/messila.fi\/wp-content\/uploads\/2026\/03\/Aitta_37-1024x683.jpg 1024w, https:\/\/messila.fi\/wp-content\/uploads\/2026\/03\/Aitta_37-768x512.jpg 768w, https:\/\/messila.fi\/wp-content\/uploads\/2026\/03\/Aitta_37-1536x1024.jpg 1536w, https:\/\/messila.fi\/wp-content\/uploads\/2026\/03\/Aitta_37-2048x1365.jpg 2048w\" sizes=\"auto, (max-width: 300px) 100vw, 300px\" \/>\t\t\t\t\t\t\t<\/a>\n  \t\t\t\t\t\t\t  \t\t\t\t\t\t\t  \t\t\t\t\t\t<\/div>\n  \t\t\t\t\t\t  \t\t\t\t\t<\/div>\n          \t\t\t\t\t<div class=\"box-text text-left\" >\n\t\t\t\t\t<div class=\"box-text-inner blog-post-inner\">\n\n\t\t\t\t\t\n\t\t\t\t\t\t\t\t\t\t\t<p class=\"cat-label  is-xxsmall op-7 uppercase\">\n\t\t\t\t\tHotel Messil\u00e4 News Ski Resort \t\t\t\t\t<\/p>\n\t\t\t\t\t\t\t\t\t\t<h5 class=\"post-title is-xlarge \">\n\t\t\t\t\t\t<a href=\"https:\/\/messila.fi\/en\/paasiaisen-viettoa-kevaisessa-messilassa\/\" class=\"plain\">Eastertime at Messil\u00e4<\/a>\n\t\t\t\t\t<\/h5>\n\t\t\t\t\t\t\t\t\t\t<div class=\"is-divider\"><\/div>\n\t\t\t\t\t\t\t\t\t\t<p class=\"from_the_blog_excerpt \">\n\t\t\t\t\t\tThe gentle rays of the spring time sun shine on Messil\u00e4&#8217;s slopes and skiing weather...\t\t\t\t\t<\/p>\n\t\t\t\t\t                    \n\t\t\t\t\t\t\t\t\t\t\t<a href=\"https:\/\/messila.fi\/en\/paasiaisen-viettoa-kevaisessa-messilassa\/\" class=\"button primary is-outline is-small mb-0\">\n\t\t\t\t\t\t\tRead more!\t\t\t\t\t\t<\/a>\n\t\t\t\t\t\n\t\t\t\t\t\n\t\t\t\t\t<\/div>\n\t\t\t\t\t<\/div>\n\t\t\t\t\t\t\t\t\t\t\t\t\t\t\t\t<div class=\"badge absolute top post-date badge-outline\">\n\t\t\t\t\t\t\t<div class=\"badge-inner\">\n\t\t\t\t\t\t\t\t<span class=\"post-date-day\">10<\/span><br>\n\t\t\t\t\t\t\t\t<span class=\"post-date-month is-xsmall\">Mar<\/span>\n\t\t\t\t\t\t\t<\/div>\n\t\t\t\t\t\t<\/div>\n\t\t\t\t\t\t\t\t\t<\/div>\n\t\t\t<\/div>\n\t\t<\/div><div class=\"col post-item\" >\n\t\t\t<div class=\"col-inner\">\n\t\t\t\t<div class=\"box box-vertical box-text-bottom box-blog-post has-hover\">\n            \t\t\t\t\t<div class=\"box-image\" style=\"width:50%;\">\n  \t\t\t\t\t\t<div class=\"image-cover\" style=\"padding-top:75%;\">\n\t\t\t\t\t\t\t<a href=\"https:\/\/messila.fi\/en\/kevaan-26-majoitustarjous-messilassa\/\" class=\"plain\" aria-label=\"Springtime Special Offer on Messil\u00e4&#8217;s Accommodation\">\n\t\t\t\t\t\t\t\t<img loading=\"lazy\" decoding=\"async\" width=\"300\" height=\"200\" src=\"https:\/\/messila.fi\/wp-content\/uploads\/2026\/03\/IMG_2955-300x200.jpg\" class=\"attachment-medium size-medium wp-post-image\" alt=\"\" srcset=\"https:\/\/messila.fi\/wp-content\/uploads\/2026\/03\/IMG_2955-300x200.jpg 300w, https:\/\/messila.fi\/wp-content\/uploads\/2026\/03\/IMG_2955-1024x683.jpg 1024w, https:\/\/messila.fi\/wp-content\/uploads\/2026\/03\/IMG_2955-768x512.jpg 768w, https:\/\/messila.fi\/wp-content\/uploads\/2026\/03\/IMG_2955-1536x1024.jpg 1536w, https:\/\/messila.fi\/wp-content\/uploads\/2026\/03\/IMG_2955-2048x1365.jpg 2048w\" sizes=\"auto, (max-width: 300px) 100vw, 300px\" \/>\t\t\t\t\t\t\t<\/a>\n  \t\t\t\t\t\t\t  \t\t\t\t\t\t\t  \t\t\t\t\t\t<\/div>\n  \t\t\t\t\t\t  \t\t\t\t\t<\/div>\n          \t\t\t\t\t<div class=\"box-text text-left\" >\n\t\t\t\t\t<div class=\"box-text-inner blog-post-inner\">\n\n\t\t\t\t\t\n\t\t\t\t\t\t\t\t\t\t\t<p class=\"cat-label  is-xxsmall op-7 uppercase\">\n\t\t\t\t\tNews \t\t\t\t\t<\/p>\n\t\t\t\t\t\t\t\t\t\t<h5 class=\"post-title is-xlarge \">\n\t\t\t\t\t\t<a href=\"https:\/\/messila.fi\/en\/kevaan-26-majoitustarjous-messilassa\/\" class=\"plain\">Springtime Special Offer on Messil\u00e4&#8217;s Accommodation<\/a>\n\t\t\t\t\t<\/h5>\n\t\t\t\t\t\t\t\t\t\t<div class=\"is-divider\"><\/div>\n\t\t\t\t\t\t\t\t\t\t<p class=\"from_the_blog_excerpt \">\n\t\t\t\t\t\tSpringtime is often busy and sometimes a mini break is just what is needed. A...\t\t\t\t\t<\/p>\n\t\t\t\t\t                    \n\t\t\t\t\t\t\t\t\t\t\t<a href=\"https:\/\/messila.fi\/en\/kevaan-26-majoitustarjous-messilassa\/\" class=\"button primary is-outline is-small mb-0\">\n\t\t\t\t\t\t\tRead more!\t\t\t\t\t\t<\/a>\n\t\t\t\t\t\n\t\t\t\t\t\n\t\t\t\t\t<\/div>\n\t\t\t\t\t<\/div>\n\t\t\t\t\t\t\t\t\t\t\t\t\t\t\t\t<div class=\"badge absolute top post-date badge-outline\">\n\t\t\t\t\t\t\t<div class=\"badge-inner\">\n\t\t\t\t\t\t\t\t<span class=\"post-date-day\">03<\/span><br>\n\t\t\t\t\t\t\t\t<span class=\"post-date-month is-xsmall\">Mar<\/span>\n\t\t\t\t\t\t\t<\/div>\n\t\t\t\t\t\t<\/div>\n\t\t\t\t\t\t\t\t\t<\/div>\n\t\t\t<\/div>\n\t\t<\/div><\/div>\t\t<div class=\"ux-relay__control ux-relay__control--bottom container pb-half text-center\">\n\t\t\t<ul class=\"ux-relay__pagination page-numbers nav-pagination links\"><li><span aria-current=\"page\" class=\"page-number current\">1<\/span><\/li><li><a class=\"page-number\" href=\"#\/page\/2\">2<\/a><\/li><li><a class=\"page-number\" href=\"#\/page\/3\">3<\/a><\/li><li><a class=\"page-number\" href=\"#\/page\/4\">4<\/a><\/li><li><span class=\"page-number dots\">&hellip;<\/span><\/li><li><a class=\"page-number\" href=\"#\/page\/7\">7<\/a><\/li><li><a aria-label=\"Next\" class=\"next page-number\" href=\"#\/page\/2\"><i class=\"icon-angle-right\" aria-hidden=\"true\"><\/i><\/a><\/li><\/ul>\t\t<\/div>\n\t\t\t\t<\/div>\n\t\t\n\t\t<\/div>\n\t\t\t\t\t<\/div>\n\n\t\n<\/div>\n\t\t<\/div>\n\n\t\t\n<style>\n#section_218688070 {\n  padding-top: 60px;\n  padding-bottom: 60px;\n}\n#section_218688070 .section-bg-overlay {\n  background-color: rgba(255, 255, 255, 0.85);\n}\n<\/style>\n\t<\/section>\n\t\n\n\t<section class=\"section\" id=\"section_87491777\">\n\t\t<div class=\"section-bg fill\" >\n\t\t\t<img loading=\"lazy\" decoding=\"async\" width=\"2048\" height=\"846\" src=\"https:\/\/messila.fi\/wp-content\/uploads\/2024\/07\/DJI_0211-Pano.jpg\" class=\"bg attachment- size-\" alt=\"\" \/>\t\t\t\t\t\t\n\t\t\t\n\n\t\t<\/div>\n\n\t\t\n\n\t\t<div class=\"section-content relative\">\n\t\t\t\n<div class=\"row align-middle\"  id=\"row-2081515090\">\n\n\t<div id=\"col-1575037465\" class=\"col small-12 large-12 small-col-first\"  >\n\t\t\t\t<div class=\"col-inner box-shadow-2\" style=\"background-color:rgb(255,255,255);\" >\n\t\t\t\n\t\t\t\n<h2>Events<\/h2>\n\n<div>Attention: The internal data of table \u201c76\u201d is corrupted!<\/div>\n\n\t\t<\/div>\n\t\t\t\t\n<style>\n#col-1575037465 > .col-inner {\n  padding: 10px 10px 10px 10px;\n}\n<\/style>\n\t<\/div>\n\n\t\n<\/div>\n\t\t<\/div>\n\n\t\t\n<style>\n#section_87491777 {\n  padding-top: 75px;\n  padding-bottom: 75px;\n  background-color: rgb(255,255,255);\n}\n<\/style>\n\t<\/section>\n\t\n","protected":false},"excerpt":{"rendered":"","protected":false},"author":9,"featured_media":0,"parent":0,"menu_order":0,"comment_status":"closed","ping_status":"closed","template":"page-blank.php","meta":{"_acf_changed":false,"footnotes":""},"class_list":["post-10725","page","type-page","status-publish","hentry"],"acf":[],"yoast_head":"<!-- This site is optimized with the Yoast SEO plugin v27.5 - https:\/\/yoast.com\/product\/yoast-seo-wordpress\/ -->\n<title>Explore Messil\u00e4 - Messil\u00e4<\/title>\n<meta name=\"description\" content=\"Discover the best offers, events and ideas at Messil\u00e4. Get inspired and plan your next experience.\" \/>\n<meta name=\"robots\" content=\"index, follow, max-snippet:-1, max-image-preview:large, max-video-preview:-1\" \/>\n<link rel=\"canonical\" href=\"https:\/\/messila.fi\/en\/explore-messila\/\" \/>\n<meta property=\"og:locale\" content=\"en_US\" \/>\n<meta property=\"og:type\" content=\"article\" \/>\n<meta property=\"og:title\" content=\"Explore Messil\u00e4 - Messil\u00e4\" \/>\n<meta property=\"og:description\" content=\"Discover the best offers, events and ideas at Messil\u00e4. Get inspired and plan your next experience.\" \/>\n<meta property=\"og:url\" content=\"https:\/\/messila.fi\/en\/explore-messila\/\" \/>\n<meta property=\"og:site_name\" content=\"Messil\u00e4\" \/>\n<meta property=\"article:modified_time\" content=\"2026-04-16T07:42:38+00:00\" \/>\n<meta name=\"twitter:card\" content=\"summary_large_image\" \/>\n<script type=\"application\/ld+json\" class=\"yoast-schema-graph\">{\"@context\":\"https:\\\/\\\/schema.org\",\"@graph\":[{\"@type\":\"WebPage\",\"@id\":\"https:\\\/\\\/messila.fi\\\/en\\\/explore-messila\\\/\",\"url\":\"https:\\\/\\\/messila.fi\\\/en\\\/explore-messila\\\/\",\"name\":\"Explore Messil\u00e4 - Messil\u00e4\",\"isPartOf\":{\"@id\":\"https:\\\/\\\/messila.fi\\\/en\\\/#website\"},\"datePublished\":\"2025-01-14T14:30:52+00:00\",\"dateModified\":\"2026-04-16T07:42:38+00:00\",\"description\":\"Discover the best offers, events and ideas at Messil\u00e4. Get inspired and plan your next experience.\",\"breadcrumb\":{\"@id\":\"https:\\\/\\\/messila.fi\\\/en\\\/explore-messila\\\/#breadcrumb\"},\"inLanguage\":\"en-US\",\"potentialAction\":[{\"@type\":\"ReadAction\",\"target\":[\"https:\\\/\\\/messila.fi\\\/en\\\/explore-messila\\\/\"]}]},{\"@type\":\"BreadcrumbList\",\"@id\":\"https:\\\/\\\/messila.fi\\\/en\\\/explore-messila\\\/#breadcrumb\",\"itemListElement\":[{\"@type\":\"ListItem\",\"position\":1,\"name\":\"Etusivu\",\"item\":\"https:\\\/\\\/messila.fi\\\/en\\\/\"},{\"@type\":\"ListItem\",\"position\":2,\"name\":\"Explore Messil\u00e4\"}]},{\"@type\":\"WebSite\",\"@id\":\"https:\\\/\\\/messila.fi\\\/en\\\/#website\",\"url\":\"https:\\\/\\\/messila.fi\\\/en\\\/\",\"name\":\"Messil\u00e4\",\"description\":\"Messil\u00e4 Maailma Oy\",\"potentialAction\":[{\"@type\":\"SearchAction\",\"target\":{\"@type\":\"EntryPoint\",\"urlTemplate\":\"https:\\\/\\\/messila.fi\\\/en\\\/?s={search_term_string}\"},\"query-input\":{\"@type\":\"PropertyValueSpecification\",\"valueRequired\":true,\"valueName\":\"search_term_string\"}}],\"inLanguage\":\"en-US\"}]}<\/script>\n<!-- \/ Yoast SEO plugin. -->","yoast_head_json":{"title":"Explore Messil\u00e4 - Messil\u00e4","description":"Discover the best offers, events and ideas at Messil\u00e4. Get inspired and plan your next experience.","robots":{"index":"index","follow":"follow","max-snippet":"max-snippet:-1","max-image-preview":"max-image-preview:large","max-video-preview":"max-video-preview:-1"},"canonical":"https:\/\/messila.fi\/en\/explore-messila\/","og_locale":"en_US","og_type":"article","og_title":"Explore Messil\u00e4 - Messil\u00e4","og_description":"Discover the best offers, events and ideas at Messil\u00e4. Get inspired and plan your next experience.","og_url":"https:\/\/messila.fi\/en\/explore-messila\/","og_site_name":"Messil\u00e4","article_modified_time":"2026-04-16T07:42:38+00:00","twitter_card":"summary_large_image","schema":{"@context":"https:\/\/schema.org","@graph":[{"@type":"WebPage","@id":"https:\/\/messila.fi\/en\/explore-messila\/","url":"https:\/\/messila.fi\/en\/explore-messila\/","name":"Explore Messil\u00e4 - Messil\u00e4","isPartOf":{"@id":"https:\/\/messila.fi\/en\/#website"},"datePublished":"2025-01-14T14:30:52+00:00","dateModified":"2026-04-16T07:42:38+00:00","description":"Discover the best offers, events and ideas at Messil\u00e4. Get inspired and plan your next experience.","breadcrumb":{"@id":"https:\/\/messila.fi\/en\/explore-messila\/#breadcrumb"},"inLanguage":"en-US","potentialAction":[{"@type":"ReadAction","target":["https:\/\/messila.fi\/en\/explore-messila\/"]}]},{"@type":"BreadcrumbList","@id":"https:\/\/messila.fi\/en\/explore-messila\/#breadcrumb","itemListElement":[{"@type":"ListItem","position":1,"name":"Etusivu","item":"https:\/\/messila.fi\/en\/"},{"@type":"ListItem","position":2,"name":"Explore Messil\u00e4"}]},{"@type":"WebSite","@id":"https:\/\/messila.fi\/en\/#website","url":"https:\/\/messila.fi\/en\/","name":"Messil\u00e4","description":"Messil\u00e4 Maailma Oy","potentialAction":[{"@type":"SearchAction","target":{"@type":"EntryPoint","urlTemplate":"https:\/\/messila.fi\/en\/?s={search_term_string}"},"query-input":{"@type":"PropertyValueSpecification","valueRequired":true,"valueName":"search_term_string"}}],"inLanguage":"en-US"}]}},"_links":{"self":[{"href":"https:\/\/messila.fi\/en\/wp-json\/wp\/v2\/pages\/10725","targetHints":{"allow":["GET"]}}],"collection":[{"href":"https:\/\/messila.fi\/en\/wp-json\/wp\/v2\/pages"}],"about":[{"href":"https:\/\/messila.fi\/en\/wp-json\/wp\/v2\/types\/page"}],"author":[{"embeddable":true,"href":"https:\/\/messila.fi\/en\/wp-json\/wp\/v2\/users\/9"}],"replies":[{"embeddable":true,"href":"https:\/\/messila.fi\/en\/wp-json\/wp\/v2\/comments?post=10725"}],"version-history":[{"count":49,"href":"https:\/\/messila.fi\/en\/wp-json\/wp\/v2\/pages\/10725\/revisions"}],"predecessor-version":[{"id":21533,"href":"https:\/\/messila.fi\/en\/wp-json\/wp\/v2\/pages\/10725\/revisions\/21533"}],"wp:attachment":[{"href":"https:\/\/messila.fi\/en\/wp-json\/wp\/v2\/media?parent=10725"}],"curies":[{"name":"wp","href":"https:\/\/api.w.org\/{rel}","templated":true}]}}