{"id":2083,"date":"2022-01-05T09:52:33","date_gmt":"2022-01-05T07:52:33","guid":{"rendered":"https:\/\/dev.aikadesign.fi\/messila\/?page_id=2083"},"modified":"2023-01-09T12:21:56","modified_gmt":"2023-01-09T10:21:56","slug":"ski-express","status":"publish","type":"page","link":"https:\/\/messila.fi\/en\/messila-slopes\/slopes\/ski-express\/","title":{"rendered":"Ski-Express"},"content":{"rendered":"\n\t<section class=\"section\" id=\"section_1092125146\">\n\t\t<div class=\"section-bg fill\" >\n\t\t\t<img loading=\"lazy\" decoding=\"async\" width=\"1200\" height=\"800\" src=\"https:\/\/messila.fi\/wp-content\/uploads\/2021\/12\/Messila_main_etusivu.jpg\" class=\"bg attachment-original size-original\" alt=\"\" \/>\t\t\t\t\t\t\n\t\t\t\n\n\t\t<\/div>\n\n\t\t\n\n\t\t<div class=\"section-content relative\">\n\t\t\t\n\t\t<\/div>\n\n\t\t\n<style>\n#section_1092125146 {\n  padding-top: 112px;\n  padding-bottom: 112px;\n}\n<\/style>\n\t<\/section>\n\t\n\n\t<section class=\"section\" id=\"section_1410196566\">\n\t\t<div class=\"section-bg fill\" >\n\t\t\t\t\t\t\t\t\t\n\t\t\t\n\n\t\t<\/div>\n\n\t\t\n\n\t\t<div class=\"section-content relative\">\n\t\t\t\n<div class=\"row\"  id=\"row-1865954978\">\n\n\t<div id=\"col-1057561502\" class=\"col medium-4 small-12 large-4\"  >\n\t\t\t\t<div class=\"col-inner\"  >\n\t\t\t\n\t\t\t\n<p class=\"text-center\"><mark>Block <strong>\"187\"<\/strong> not found<\/mark><\/p>\n\t\t<\/div>\n\t\t\t\t\t<\/div>\n\n\t\n\n\t<div id=\"col-271324899\" class=\"col medium-8 small-12 large-8\"  >\n\t\t\t\t<div class=\"col-inner\"  >\n\t\t\t\n\t\t\t\n<h1 class=\"uppercase\">Ski-Express<\/h1>\n<p>The easiest way to get to the slopes from the Helsinki area is to take a ski bus. Messil\u00e4 Ski Express offers transportation from Helsinki to Messil\u00e4 Ski Center and back.<\/p>\n<ul>\n<li>Pre-registration for the bus is required.<\/li>\n<li>The bus runs on Saturdays (from January 4th onwards) and on week 8 from Thursday till Saturday.<\/li>\n<\/ul>\n<ul>\n<li>Pre-registration is obligatory and it must be made by Friday, 12.00 pm, on the week of the trip.<\/li>\n<li>Sign up for the transportation can be made <strong><a href=\"https:\/\/www.reissuruoti.fi\/uutiset\/messila-skiexpress-rinnebussi-info\/\">here.<\/a><\/strong><\/li>\n<li>Please fill all the required information on the form. (NOTE! Every passenger needs to fill their own form.)<\/li>\n<li>The ticket can be paid to driver with CASH ONLY.<\/li>\n<\/ul>\n<ul>\n<li>The route will be run if there are a minimum of 20 passengers.<\/li>\n<li>Ski bus is not operating on Sundays.<\/li>\n<\/ul>\n<p>Inquiries between 8.00 am and 4.00 pm on weekdays p. +358 29 170 0120<\/p>\n<p><strong><a href=\"https:\/\/www.reissuruoti.fi\/uutiset\/messila-skiexpress-rinnebussi-info\/\">Sign up for the transportation can be made here.<\/a><\/strong><\/p>\n<p>\u00a0<\/p>\n<h3>Prices, Bus Stops and Timetables<\/h3>\n<p>Ski pass and two-way bus ticket 55 \u20ac \/ person.<br \/>One-way ticket without a ski pass 20 \u20ac \/ person.<\/p>\n<p>Disposable keycard is included in the price.<\/p>\n\n<table id=\"tablepress-16\" class=\"tablepress tablepress-id-16\">\n<thead>\n<tr class=\"row-1\">\n\t<th class=\"column-1\">Bus stop  <\/th><th class=\"column-2\">Departure <\/th><th class=\"column-3\">Return<\/th>\n<\/tr>\n<\/thead>\n<tbody class=\"row-hover\">\n<tr class=\"row-2\">\n\t<td class=\"column-1\">Iso Omena shopping center, Espoo: Piispanaukio bus stop E3111<\/td><td class=\"column-2\">8.25<\/td><td class=\"column-3\">approx. 20.15<\/td>\n<\/tr>\n<tr class=\"row-3\">\n\t<td class=\"column-1\">Etel\u00e4inen Rautatienkatu 10, Autotalo parking lot<\/td><td class=\"column-2\">approx. 8.40<\/td><td class=\"column-3\">approx. 20.00<\/td>\n<\/tr>\n<tr class=\"row-4\">\n\t<td class=\"column-1\">Turunlinnantie 16,<br \/>\nbus stop outside of Tallinn Square<\/td><td class=\"column-2\">approx. 9.05<\/td><td class=\"column-3\">approx. 19.35<\/td>\n<\/tr>\n<tr class=\"row-5\">\n\t<td class=\"column-1\">Tikkurila station<br \/>\n(in front of the Hotel Vantaa)<\/td><td class=\"column-2\">approx. 9.30<\/td><td class=\"column-3\">approx. 19.10<\/td>\n<\/tr>\n<tr class=\"row-6\">\n\t<td class=\"column-1\">M\u00e4nts\u00e4l\u00e4 bus station, Yhdystie 1<\/td><td class=\"column-2\">approx. 10.10<\/td><td class=\"column-3\">approx. 18.30<\/td>\n<\/tr>\n<tr class=\"row-7\">\n\t<td class=\"column-1\">Renkom\u00e4ki ABC (bus parking area)<\/td><td class=\"column-2\">approx. 10.40<\/td><td class=\"column-3\">approx. 18.00<\/td>\n<\/tr>\n<tr class=\"row-8\">\n\t<td class=\"column-1\">Messil\u00e4<\/td><td class=\"column-2\">11<\/td><td class=\"column-3\">17.30<\/td>\n<\/tr>\n<\/tbody>\n<\/table>\n<!-- #tablepress-16 from cache -->\n<h3>Group Transport<\/h3>\n<p>Group transport needs to be reserved in advance via email <span id=\"cloak4baa47ad88ac039ba6e19cb54f95f604\"><a href=\"mailto:asiakaspalvelu@reissuruoti.fi\">asiakaspalvelu@reissuruoti.fi<\/a><\/span>\u00a0or by calling +358 29 170 0120<\/p>\n\t\t<\/div>\n\t\t\t\t\t<\/div>\n\n\t\n<\/div>\n\t\t<\/div>\n\n\t\t\n<style>\n#section_1410196566 {\n  padding-top: 30px;\n  padding-bottom: 30px;\n}\n<\/style>\n\t<\/section>\n\t\n","protected":false},"excerpt":{"rendered":"","protected":false},"author":1,"featured_media":0,"parent":2015,"menu_order":0,"comment_status":"closed","ping_status":"closed","template":"page-blank.php","meta":{"_acf_changed":false,"footnotes":""},"class_list":["post-2083","page","type-page","status-publish","hentry"],"acf":[],"yoast_head":"<!-- This site is optimized with the Yoast SEO plugin v27.3 - https:\/\/yoast.com\/product\/yoast-seo-wordpress\/ -->\n<title>Ski-Express - Messil\u00e4<\/title>\n<meta name=\"robots\" content=\"index, follow, max-snippet:-1, max-image-preview:large, max-video-preview:-1\" \/>\n<link rel=\"canonical\" href=\"https:\/\/messila.fi\/en\/messila-slopes\/slopes\/ski-express\/\" \/>\n<meta property=\"og:locale\" content=\"en_US\" \/>\n<meta property=\"og:type\" content=\"article\" \/>\n<meta property=\"og:title\" content=\"Ski-Express - Messil\u00e4\" \/>\n<meta property=\"og:url\" content=\"https:\/\/messila.fi\/en\/messila-slopes\/slopes\/ski-express\/\" \/>\n<meta property=\"og:site_name\" content=\"Messil\u00e4\" \/>\n<meta property=\"article:modified_time\" content=\"2023-01-09T10:21:56+00:00\" \/>\n<meta name=\"twitter:card\" content=\"summary_large_image\" \/>\n<script type=\"application\/ld+json\" class=\"yoast-schema-graph\">{\"@context\":\"https:\\\/\\\/schema.org\",\"@graph\":[{\"@type\":\"WebPage\",\"@id\":\"https:\\\/\\\/messila.fi\\\/en\\\/messila-slopes\\\/slopes\\\/ski-express\\\/\",\"url\":\"https:\\\/\\\/messila.fi\\\/en\\\/messila-slopes\\\/slopes\\\/ski-express\\\/\",\"name\":\"Ski-Express - Messil\u00e4\",\"isPartOf\":{\"@id\":\"https:\\\/\\\/messila.fi\\\/en\\\/#website\"},\"datePublished\":\"2022-01-05T07:52:33+00:00\",\"dateModified\":\"2023-01-09T10:21:56+00:00\",\"breadcrumb\":{\"@id\":\"https:\\\/\\\/messila.fi\\\/en\\\/messila-slopes\\\/slopes\\\/ski-express\\\/#breadcrumb\"},\"inLanguage\":\"en-US\",\"potentialAction\":[{\"@type\":\"ReadAction\",\"target\":[\"https:\\\/\\\/messila.fi\\\/en\\\/messila-slopes\\\/slopes\\\/ski-express\\\/\"]}]},{\"@type\":\"BreadcrumbList\",\"@id\":\"https:\\\/\\\/messila.fi\\\/en\\\/messila-slopes\\\/slopes\\\/ski-express\\\/#breadcrumb\",\"itemListElement\":[{\"@type\":\"ListItem\",\"position\":1,\"name\":\"Etusivu\",\"item\":\"https:\\\/\\\/messila.fi\\\/en\\\/\"},{\"@type\":\"ListItem\",\"position\":2,\"name\":\"Messil\u00e4 slopes\",\"item\":\"https:\\\/\\\/messila.fi\\\/en\\\/messila-slopes\\\/\"},{\"@type\":\"ListItem\",\"position\":3,\"name\":\"Slopes\",\"item\":\"https:\\\/\\\/messila.fi\\\/en\\\/messila-slopes\\\/slopes\\\/\"},{\"@type\":\"ListItem\",\"position\":4,\"name\":\"Ski-Express\"}]},{\"@type\":\"WebSite\",\"@id\":\"https:\\\/\\\/messila.fi\\\/en\\\/#website\",\"url\":\"https:\\\/\\\/messila.fi\\\/en\\\/\",\"name\":\"Messil\u00e4\",\"description\":\"Messil\u00e4 Maailma Oy\",\"potentialAction\":[{\"@type\":\"SearchAction\",\"target\":{\"@type\":\"EntryPoint\",\"urlTemplate\":\"https:\\\/\\\/messila.fi\\\/en\\\/?s={search_term_string}\"},\"query-input\":{\"@type\":\"PropertyValueSpecification\",\"valueRequired\":true,\"valueName\":\"search_term_string\"}}],\"inLanguage\":\"en-US\"}]}<\/script>\n<!-- \/ Yoast SEO plugin. -->","yoast_head_json":{"title":"Ski-Express - Messil\u00e4","robots":{"index":"index","follow":"follow","max-snippet":"max-snippet:-1","max-image-preview":"max-image-preview:large","max-video-preview":"max-video-preview:-1"},"canonical":"https:\/\/messila.fi\/en\/messila-slopes\/slopes\/ski-express\/","og_locale":"en_US","og_type":"article","og_title":"Ski-Express - Messil\u00e4","og_url":"https:\/\/messila.fi\/en\/messila-slopes\/slopes\/ski-express\/","og_site_name":"Messil\u00e4","article_modified_time":"2023-01-09T10:21:56+00:00","twitter_card":"summary_large_image","schema":{"@context":"https:\/\/schema.org","@graph":[{"@type":"WebPage","@id":"https:\/\/messila.fi\/en\/messila-slopes\/slopes\/ski-express\/","url":"https:\/\/messila.fi\/en\/messila-slopes\/slopes\/ski-express\/","name":"Ski-Express - Messil\u00e4","isPartOf":{"@id":"https:\/\/messila.fi\/en\/#website"},"datePublished":"2022-01-05T07:52:33+00:00","dateModified":"2023-01-09T10:21:56+00:00","breadcrumb":{"@id":"https:\/\/messila.fi\/en\/messila-slopes\/slopes\/ski-express\/#breadcrumb"},"inLanguage":"en-US","potentialAction":[{"@type":"ReadAction","target":["https:\/\/messila.fi\/en\/messila-slopes\/slopes\/ski-express\/"]}]},{"@type":"BreadcrumbList","@id":"https:\/\/messila.fi\/en\/messila-slopes\/slopes\/ski-express\/#breadcrumb","itemListElement":[{"@type":"ListItem","position":1,"name":"Etusivu","item":"https:\/\/messila.fi\/en\/"},{"@type":"ListItem","position":2,"name":"Messil\u00e4 slopes","item":"https:\/\/messila.fi\/en\/messila-slopes\/"},{"@type":"ListItem","position":3,"name":"Slopes","item":"https:\/\/messila.fi\/en\/messila-slopes\/slopes\/"},{"@type":"ListItem","position":4,"name":"Ski-Express"}]},{"@type":"WebSite","@id":"https:\/\/messila.fi\/en\/#website","url":"https:\/\/messila.fi\/en\/","name":"Messil\u00e4","description":"Messil\u00e4 Maailma Oy","potentialAction":[{"@type":"SearchAction","target":{"@type":"EntryPoint","urlTemplate":"https:\/\/messila.fi\/en\/?s={search_term_string}"},"query-input":{"@type":"PropertyValueSpecification","valueRequired":true,"valueName":"search_term_string"}}],"inLanguage":"en-US"}]}},"_links":{"self":[{"href":"https:\/\/messila.fi\/en\/wp-json\/wp\/v2\/pages\/2083","targetHints":{"allow":["GET"]}}],"collection":[{"href":"https:\/\/messila.fi\/en\/wp-json\/wp\/v2\/pages"}],"about":[{"href":"https:\/\/messila.fi\/en\/wp-json\/wp\/v2\/types\/page"}],"author":[{"embeddable":true,"href":"https:\/\/messila.fi\/en\/wp-json\/wp\/v2\/users\/1"}],"replies":[{"embeddable":true,"href":"https:\/\/messila.fi\/en\/wp-json\/wp\/v2\/comments?post=2083"}],"version-history":[{"count":7,"href":"https:\/\/messila.fi\/en\/wp-json\/wp\/v2\/pages\/2083\/revisions"}],"predecessor-version":[{"id":3846,"href":"https:\/\/messila.fi\/en\/wp-json\/wp\/v2\/pages\/2083\/revisions\/3846"}],"up":[{"embeddable":true,"href":"https:\/\/messila.fi\/en\/wp-json\/wp\/v2\/pages\/2015"}],"wp:attachment":[{"href":"https:\/\/messila.fi\/en\/wp-json\/wp\/v2\/media?parent=2083"}],"curies":[{"name":"wp","href":"https:\/\/api.w.org\/{rel}","templated":true}]}}