{"id":8501,"date":"2024-10-04T10:50:58","date_gmt":"2024-10-04T08:50:58","guid":{"rendered":"https:\/\/messila.fi\/?page_id=8501"},"modified":"2026-04-02T09:15:20","modified_gmt":"2026-04-02T07:15:20","slug":"conferences-and-celebrations","status":"publish","type":"page","link":"https:\/\/messila.fi\/en\/conferences-and-celebrations\/","title":{"rendered":"Conferences and celebrations"},"content":{"rendered":"\n\t<section class=\"section dark has-parallax\" id=\"section_1990366994\">\n\t\t<div class=\"section-bg fill\" data-parallax-container=\".section\" data-parallax-background data-parallax=\"-4\">\n\t\t\t<img loading=\"lazy\" decoding=\"async\" width=\"1536\" height=\"1022\" src=\"https:\/\/messila.fi\/wp-content\/uploads\/2021\/12\/Messila_kartanoravintola_09-1536x1022.jpg\" class=\"bg attachment-1536x1536 size-1536x1536\" alt=\"\" \/>\t\t\t\t\t\t\n\t\t\t\n\n\t\t<\/div>\n\n\t\t\n\t<div class=\"ux-shape-divider ux-shape-divider--bottom ux-shape-divider--style-waves-opacity-3\">\n\t\t<svg viewBox=\"0 0 1000 300\" xmlns=\"http:\/\/www.w3.org\/2000\/svg\" preserveAspectRatio=\"none\">\n\t<path class=\"ux-shape-fill\" opacity=\"0.05\" d=\"M1014 264V386H206L34 300C34 300 344.42 277.16 436 221C542 156 590 160 704 209C811 255 899.11 214.94 979 346L1014 264Z\"\/>\n\t<path class=\"ux-shape-fill\" opacity=\"0.1\" d=\"M-302 55C-302 55 -66.73 263.25 50 214C178 160 283 116 353 141C445.68 174.1 534.28 256.19 588 249C692.9 235 764.52 75.94 855 131C940.61 183.09 1000 254 1000 254V328L-306 338L-302 55Z\"\/>\n\t<path class=\"ux-shape-fill\" opacity=\"0.15\" d=\"M-286 255C-286 255 -72 152 52 126C176 100 255 155 436 227C581.57 284.91 614.7 277.79 708 227C787 184 1009 3.0001 1093 164C1146 265.63 1031 293 1031 293L924 377L-288 389L-286 255Z\"\/>\n\t<path class=\"ux-shape-fill\" opacity=\"0.3\" d=\"M-24 69C-24 69 275.68 370.66 389 314C397 310 622 316 673 356C690.47 369.7 845 224 890 182C944.8 130.85 1018 92 1078 143C1154.12 207.7 1196 242 1196 242L1184 374L-28 386L-24 69Z\"\/>\n\t<path class=\"ux-shape-fill\" d=\"M-12 201C-12 201 58 284 182 258C306 232 342.29 221.23 456 264C565 305 640.82 288.36 721 249C776 222 837.5 191.31 935 253C984 284 1030 279 1030 279L1024 430L-12 440V201Z\"\/>\n<\/svg>\n\t<\/div>\n\n\t\t<div class=\"section-content relative\">\n\t\t\t\n<div class=\"row\"  id=\"row-32793503\">\n\n\t<div id=\"col-781010656\" class=\"col small-12 large-12\"  >\n\t\t\t\t<div class=\"col-inner text-center text-shadow-4\"  >\n\t\t\t\n\t\t\t\n\t<div id=\"text-137417560\" class=\"text\">\n\t\t\n<h1>Conferences and Celebrations<\/h1>\n\t\t\n<style>\n#text-137417560 {\n  font-size: 2.25rem;\n  line-height: 1;\n}\n@media (min-width:550px) {\n  #text-137417560 {\n    font-size: 2.5rem;\n  }\n}\n@media (min-width:850px) {\n  #text-137417560 {\n    font-size: 3rem;\n  }\n}\n<\/style>\n\t<\/div>\n\t\n\t\t<\/div>\n\t\t\t\t\t<\/div>\n\n\t\n<\/div>\n\t\t<\/div>\n\n\t\t\n<style>\n#section_1990366994 {\n  padding-top: 30px;\n  padding-bottom: 30px;\n  min-height: 500px;\n}\n#section_1990366994 .section-bg img {\n  object-position: 50% 50%;\n}\n#section_1990366994 .ux-shape-divider--bottom svg {\n  height: 100px;\n  --divider-width: 100%;\n}\n<\/style>\n\t<\/section>\n\t\n<div class=\"row\"  id=\"row-1564911193\">\n\n\t<div id=\"col-1369191602\" class=\"col small-12 large-12\"  >\n\t\t\t\t<div class=\"col-inner text-center\"  >\n\t\t\t\n\t\t\t\n\n<span><span><a href=\"https:\/\/messila.fi\/en\/\">Etusivu<\/a><\/span><\/span>\n\n\t\t<\/div>\n\t\t\t\t\t<\/div>\n\n\t\n<\/div>\n\n\t<section class=\"section\" id=\"section_1178918886\">\n\t\t<div class=\"section-bg fill\" >\n\t\t\t\t\t\t\t\t\t\n\t\t\t\n\n\t\t<\/div>\n\n\t\t\n\n\t\t<div class=\"section-content relative\">\n\t\t\t\n<div class=\"row align-center\"  id=\"row-79566040\">\n\n\t<div id=\"col-159973765\" class=\"col small-12 large-12\"  >\n\t\t\t\t<div class=\"col-inner\"  >\n\t\t\t\n\t\t\t\n\t\t<\/div>\n\t\t\t\t\t<\/div>\n\n\t\n<\/div>\n<div class=\"row align-center\"  id=\"row-429006385\">\n\n\t<div id=\"col-1388265257\" class=\"col small-12 large-12\"  >\n\t\t\t\t<div class=\"col-inner\"  >\n\t\t\t\n\t\t\t\n<p class=\"lead\" style=\"text-align: center;\">Messil\u00e4 offers a variety of options for conferences, celebrations and weddings. Messil\u00e4 has offers venues for small gatherings in a comfortable cabinets, large spaces with a stage and everything in between.<\/p>\n\t\t<\/div>\n\t\t\t\t\t<\/div>\n\n\t\n<\/div>\n<div class=\"row row-full-width align-middle align-center\"  id=\"row-1531749029\">\n\n\t<div id=\"col-815580509\" class=\"col medium-5 small-12 large-5\"  >\n\t\t\t\t<div class=\"col-inner\"  >\n\t\t\t\n\t\t\t\n<h2>Messil\u00e4 offers the whole package!<\/h2>\n<p>Messil\u00e4 offers the setting for successful meetings and celebrations in a unique manor environment. Years of experience, careful planning and warm service guarantee an event where every detail is just right.<\/p>\n<p>We have a variety of facilities at your disposal for different needs \u2013 the atmospheric Manor Restaurant and the Market Restaurant in the historic surroundings of an old barn. Whether it is a small gathering or a larger celebration, the whole thing is always tailored to your wishes and budget.<\/p>\n<p>Messil\u00e4 combines high-quality facilities, delicious catering and smooth arrangements, which will make your day effortless and memorable.<\/p>\n<p>We also offer accommodation and a variety of activities all year round, so that your stay is a comprehensive experience.<\/p>\n<p>\u00a0<\/p>\n\t\t<\/div>\n\t\t\t\t\t<\/div>\n\n\t\n\n\t<div id=\"col-1919546943\" class=\"col medium-6 small-12 large-6 small-col-first\"  >\n\t\t\t\t<div class=\"col-inner text-center\"  >\n\t\t\t\n\t\t\t\n\t<div class=\"img has-hover x md-x lg-x y md-y lg-y\" id=\"image_1210279221\">\n\t\t\t\t\t\t\t\t<div class=\"img-inner image-cover dark\" style=\"padding-top:75%;\">\n\t\t\t<img loading=\"lazy\" decoding=\"async\" width=\"1020\" height=\"680\" src=\"https:\/\/messila.fi\/wp-content\/uploads\/2025\/04\/IMG_8374-1024x683.jpg\" class=\"attachment-large size-large\" alt=\"\" srcset=\"https:\/\/messila.fi\/wp-content\/uploads\/2025\/04\/IMG_8374-1024x683.jpg 1024w, https:\/\/messila.fi\/wp-content\/uploads\/2025\/04\/IMG_8374-300x200.jpg 300w, https:\/\/messila.fi\/wp-content\/uploads\/2025\/04\/IMG_8374-768x512.jpg 768w, https:\/\/messila.fi\/wp-content\/uploads\/2025\/04\/IMG_8374-1536x1024.jpg 1536w, https:\/\/messila.fi\/wp-content\/uploads\/2025\/04\/IMG_8374-2048x1365.jpg 2048w\" sizes=\"auto, (max-width: 1020px) 100vw, 1020px\" \/>\t\t\t\t\t\t\n\t\t\t\t\t<\/div>\n\t\t\t\t\t\t\t\t\n<style>\n#image_1210279221 {\n  width: 80%;\n}\n<\/style>\n\t<\/div>\n\t\n\t\t<\/div>\n\t\t\t\t\t<\/div>\n\n\t\n\n\t<div id=\"col-2083695831\" class=\"col medium-5 small-12 large-5\"  >\n\t\t\t\t<div class=\"col-inner\"  >\n\t\t\t\n\t\t\t\n<h2>Reservations<\/h2>\n<p>Please book your conference and event reservations through Messil\u00e4&#8217;s sales services either by phone, or via email. Please note that all prices include tax.\u00a0<\/p>\n<p>You can also make inquiries about celebrations directly to Messil\u00e4&#8217;s restaurant manager Katri R\u00e4s\u00e4nen either by phone +358 44 760 1333 or via email katri.rasanen(at)messila.fi.<\/p>\n\t\t<\/div>\n\t\t\t\t\t<\/div>\n\n\t\n\n\t<div id=\"col-887162898\" class=\"col medium-6 small-12 large-6\"  >\n\t\t\t\t<div class=\"col-inner text-center\"  >\n\t\t\t\n\t\t\t\n<div class=\"row align-middle align-center\"  id=\"row-2102232757\">\n\n\t<div id=\"col-619633544\" class=\"col medium-9 small-12 large-9\"  >\n\t\t\t\t<div class=\"col-inner\"  >\n\t\t\t\n\t\t\t\n<a href=\"\/en\/conferences-and-celebrations\/conferences\/\" class=\"button primary expand\" style=\"border-radius:99px;\">\n\t\t<span>Conferences<\/span>\n\t<i class=\"icon-angle-right\" aria-hidden=\"true\"><\/i><\/a>\n\n<a href=\"\/en\/conferences-and-celebrations\/celebrations\/\" class=\"button primary expand\" style=\"border-radius:99px;\">\n\t\t<span>Celebrations<\/span>\n\t<i class=\"icon-angle-right\" aria-hidden=\"true\"><\/i><\/a>\n\n<a href=\"\/en\/conferences-and-celebrations\/conference-rooms-and-celebration-venues\/\" class=\"button primary expand\" style=\"border-radius:99px;\">\n\t\t<span>Rooms and venues<\/span>\n\t<i class=\"icon-angle-right\" aria-hidden=\"true\"><\/i><\/a>\n\n<a href=\"\/en\/conferences-and-celebrations\/activities\/\" class=\"button primary expand\" style=\"border-radius:99px;\">\n\t\t<span>Activities<\/span>\n\t<i class=\"icon-angle-right\" aria-hidden=\"true\"><\/i><\/a>\n\n<a href=\"\/en\/conferences-and-celebrations\/reservation-terms-and-conditions-conferences-and-celebrations\/\" class=\"button primary expand\" style=\"border-radius:99px;\">\n\t\t<span>Reservation Terms and Conditions<\/span>\n\t<i class=\"icon-angle-right\" aria-hidden=\"true\"><\/i><\/a>\n\n<a href=\"https:\/\/www.facebook.com\/messilankartano\/\" target=\"_blank\" class=\"button primary expand\" rel=\"noopener\" style=\"border-radius:99px;\">\n\t\t<span>Manor Facebook<\/span>\n\t<i class=\"icon-angle-right\" aria-hidden=\"true\"><\/i><\/a>\n\n\t\t<\/div>\n\t\t\t\t\t<\/div>\n\n\t\n<\/div>\n\t\t<\/div>\n\t\t\t\t\t<\/div>\n\n\t\n<\/div>\n<div class=\"row row-full-width align-middle\"  id=\"row-1609192572\">\n\n\t<div id=\"col-2063470183\" class=\"col medium-6 small-12 large-6 small-col-first\"  >\n\t\t\t\t<div class=\"col-inner text-center\"  >\n\t\t\t\n\t\t\t\n\t<div class=\"img has-hover x md-x lg-x y md-y lg-y\" id=\"image_1876865344\">\n\t\t\t\t\t\t\t\t<div class=\"img-inner image-cover dark\" style=\"padding-top:75%;\">\n\t\t\t<img loading=\"lazy\" decoding=\"async\" width=\"1020\" height=\"825\" src=\"https:\/\/messila.fi\/wp-content\/uploads\/2025\/04\/IMG_8677-1-1024x828.jpg\" class=\"attachment-large size-large\" alt=\"\" srcset=\"https:\/\/messila.fi\/wp-content\/uploads\/2025\/04\/IMG_8677-1-1024x828.jpg 1024w, https:\/\/messila.fi\/wp-content\/uploads\/2025\/04\/IMG_8677-1-300x243.jpg 300w, https:\/\/messila.fi\/wp-content\/uploads\/2025\/04\/IMG_8677-1-768x621.jpg 768w, https:\/\/messila.fi\/wp-content\/uploads\/2025\/04\/IMG_8677-1-1536x1243.jpg 1536w, https:\/\/messila.fi\/wp-content\/uploads\/2025\/04\/IMG_8677-1-2048x1657.jpg 2048w\" sizes=\"auto, (max-width: 1020px) 100vw, 1020px\" \/>\t\t\t\t\t\t\n\t\t\t\t\t<\/div>\n\t\t\t\t\t\t\t\t\n<style>\n#image_1876865344 {\n  width: 80%;\n}\n<\/style>\n\t<\/div>\n\t\n\t\t<\/div>\n\t\t\t\t\t<\/div>\n\n\t\n\n\t<div id=\"col-557317784\" class=\"col medium-6 small-12 large-6\"  >\n\t\t\t\t<div class=\"col-inner\"  >\n\t\t\t\n\t\t\t\n<h2>The History of Messil\u00e4 Manor<\/h2>\n<p>Messil\u00e4&#8217;s name derives from\u00a0 Heyen Messissoni in the 1460s, who was the first resident of the village and a lay judge.<\/p>\n<p>The current manor house was built in 1910. It has been renovated over the years according to the trends of the time and also the Messil\u00e4 yard circle has been renovated. The most recent renovations to the manor house have been made in the 2020s. The barn was built in 1900 and nowadays it serves as the Market Restaurant, which can be reserved for events, conferences and celebrations all year round.<\/p>\n<p>The old store houses in the yard circle were built in the 1920s and are now renovated and used as a part of Hotel Messil\u00e4&#8217;s accommodation. Hotel Messil\u00e4 itself was completed at the turn of the 1960&#8217;s and 1970s and has served as a hotel building since then.The Bistro was built in 1982 and it used to be a horse stable, before it was renovated into a restaurant.<\/p>\n<a href=\"\/en\/conferences-and-celebrations\/messila-manor-history\/\" class=\"button primary\" style=\"border-radius:99px;\">\n\t\t<span>Read more!<\/span>\n\t<i class=\"icon-angle-right\" aria-hidden=\"true\"><\/i><\/a>\n\n\t\t<\/div>\n\t\t\t\t\t<\/div>\n\n\t\n<\/div>\n\t\t<\/div>\n\n\t\t\n<style>\n#section_1178918886 {\n  padding-top: 75px;\n  padding-bottom: 75px;\n  background-color: rgb(255,255,255);\n}\n<\/style>\n\t<\/section>\n\t\n\n\t<section class=\"section has-parallax\" id=\"section_1172337905\">\n\t\t<div class=\"section-bg fill\" data-parallax-container=\".section\" data-parallax-background data-parallax=\"-4\">\n\t\t\t<img loading=\"lazy\" decoding=\"async\" width=\"1536\" height=\"1022\" src=\"https:\/\/messila.fi\/wp-content\/uploads\/2021\/12\/Messila_kartanoravintola_03-1536x1022.jpg\" class=\"bg attachment-1536x1536 size-1536x1536\" alt=\"\" \/>\t\t\t\t\t\t\n\t\t\t\n\n\t\t<\/div>\n\n\t\t\n\n\t\t<div class=\"section-content relative\">\n\t\t\t\n<div class=\"row align-right\"  id=\"row-2014230001\">\n\n\t<div id=\"col-610674107\" class=\"col medium-6 small-12 large-6\"  >\n\t\t\t\t<div class=\"col-inner\" style=\"background-color:rgb(255,255,255);\" >\n\t\t\t\n\t\t\t\n\t<div id=\"text-362229705\" class=\"text\">\n\t\t\n<p>Contact us<\/p>\n\t\t\n<style>\n#text-362229705 {\n  font-size: 2rem;\n}\n<\/style>\n\t<\/div>\n\t\n<p>Our sales services is happy to help you plan an event to suit your needs.<\/p>\n<p>\u00a0<\/p>\n<a href=\"\/en\/conferences-and-celebrations\/event-inquiry\/\" class=\"button primary lowercase\" style=\"border-radius:99px;\">\n\t\t<span>Event Inquiry<\/span>\n\t<i class=\"icon-angle-right\" aria-hidden=\"true\"><\/i><\/a>\n\n\t\t<\/div>\n\t\t\t\t\n<style>\n#col-610674107 > .col-inner {\n  padding: 50px 50px 50px 50px;\n  border-radius: 25px;\n}\n<\/style>\n\t<\/div>\n\n\t\n<\/div>\n\t\t<\/div>\n\n\t\t\n<style>\n#section_1172337905 {\n  padding-top: 75px;\n  padding-bottom: 75px;\n  min-height: 500px;\n}\n<\/style>\n\t<\/section>\n\t\n","protected":false},"excerpt":{"rendered":"","protected":false},"author":9,"featured_media":0,"parent":0,"menu_order":0,"comment_status":"closed","ping_status":"closed","template":"page-blank.php","meta":{"_acf_changed":false,"footnotes":""},"class_list":["post-8501","page","type-page","status-publish","hentry"],"acf":[],"yoast_head":"<!-- This site is optimized with the Yoast SEO plugin v27.3 - https:\/\/yoast.com\/product\/yoast-seo-wordpress\/ -->\n<title>Conferences and celebrations - Messil\u00e4<\/title>\n<meta name=\"robots\" content=\"index, follow, max-snippet:-1, max-image-preview:large, max-video-preview:-1\" \/>\n<link rel=\"canonical\" href=\"https:\/\/messila.fi\/en\/conferences-and-celebrations\/\" \/>\n<meta property=\"og:locale\" content=\"en_US\" \/>\n<meta property=\"og:type\" content=\"article\" \/>\n<meta property=\"og:title\" content=\"Conferences and celebrations - Messil\u00e4\" \/>\n<meta property=\"og:url\" content=\"https:\/\/messila.fi\/en\/conferences-and-celebrations\/\" \/>\n<meta property=\"og:site_name\" content=\"Messil\u00e4\" \/>\n<meta property=\"article:modified_time\" content=\"2026-04-02T07:15:20+00:00\" \/>\n<meta name=\"twitter:card\" content=\"summary_large_image\" \/>\n<script type=\"application\/ld+json\" class=\"yoast-schema-graph\">{\"@context\":\"https:\\\/\\\/schema.org\",\"@graph\":[{\"@type\":\"WebPage\",\"@id\":\"https:\\\/\\\/messila.fi\\\/en\\\/conferences-and-celebrations\\\/\",\"url\":\"https:\\\/\\\/messila.fi\\\/en\\\/conferences-and-celebrations\\\/\",\"name\":\"Conferences and celebrations - Messil\u00e4\",\"isPartOf\":{\"@id\":\"https:\\\/\\\/messila.fi\\\/en\\\/#website\"},\"datePublished\":\"2024-10-04T08:50:58+00:00\",\"dateModified\":\"2026-04-02T07:15:20+00:00\",\"breadcrumb\":{\"@id\":\"https:\\\/\\\/messila.fi\\\/en\\\/conferences-and-celebrations\\\/#breadcrumb\"},\"inLanguage\":\"en-US\",\"potentialAction\":[{\"@type\":\"ReadAction\",\"target\":[\"https:\\\/\\\/messila.fi\\\/en\\\/conferences-and-celebrations\\\/\"]}]},{\"@type\":\"BreadcrumbList\",\"@id\":\"https:\\\/\\\/messila.fi\\\/en\\\/conferences-and-celebrations\\\/#breadcrumb\",\"itemListElement\":[{\"@type\":\"ListItem\",\"position\":1,\"name\":\"Etusivu\",\"item\":\"https:\\\/\\\/messila.fi\\\/en\\\/\"},{\"@type\":\"ListItem\",\"position\":2,\"name\":\"Conferences and celebrations\"}]},{\"@type\":\"WebSite\",\"@id\":\"https:\\\/\\\/messila.fi\\\/en\\\/#website\",\"url\":\"https:\\\/\\\/messila.fi\\\/en\\\/\",\"name\":\"Messil\u00e4\",\"description\":\"Messil\u00e4 Maailma Oy\",\"potentialAction\":[{\"@type\":\"SearchAction\",\"target\":{\"@type\":\"EntryPoint\",\"urlTemplate\":\"https:\\\/\\\/messila.fi\\\/en\\\/?s={search_term_string}\"},\"query-input\":{\"@type\":\"PropertyValueSpecification\",\"valueRequired\":true,\"valueName\":\"search_term_string\"}}],\"inLanguage\":\"en-US\"}]}<\/script>\n<!-- \/ Yoast SEO plugin. -->","yoast_head_json":{"title":"Conferences and celebrations - Messil\u00e4","robots":{"index":"index","follow":"follow","max-snippet":"max-snippet:-1","max-image-preview":"max-image-preview:large","max-video-preview":"max-video-preview:-1"},"canonical":"https:\/\/messila.fi\/en\/conferences-and-celebrations\/","og_locale":"en_US","og_type":"article","og_title":"Conferences and celebrations - Messil\u00e4","og_url":"https:\/\/messila.fi\/en\/conferences-and-celebrations\/","og_site_name":"Messil\u00e4","article_modified_time":"2026-04-02T07:15:20+00:00","twitter_card":"summary_large_image","schema":{"@context":"https:\/\/schema.org","@graph":[{"@type":"WebPage","@id":"https:\/\/messila.fi\/en\/conferences-and-celebrations\/","url":"https:\/\/messila.fi\/en\/conferences-and-celebrations\/","name":"Conferences and celebrations - Messil\u00e4","isPartOf":{"@id":"https:\/\/messila.fi\/en\/#website"},"datePublished":"2024-10-04T08:50:58+00:00","dateModified":"2026-04-02T07:15:20+00:00","breadcrumb":{"@id":"https:\/\/messila.fi\/en\/conferences-and-celebrations\/#breadcrumb"},"inLanguage":"en-US","potentialAction":[{"@type":"ReadAction","target":["https:\/\/messila.fi\/en\/conferences-and-celebrations\/"]}]},{"@type":"BreadcrumbList","@id":"https:\/\/messila.fi\/en\/conferences-and-celebrations\/#breadcrumb","itemListElement":[{"@type":"ListItem","position":1,"name":"Etusivu","item":"https:\/\/messila.fi\/en\/"},{"@type":"ListItem","position":2,"name":"Conferences and celebrations"}]},{"@type":"WebSite","@id":"https:\/\/messila.fi\/en\/#website","url":"https:\/\/messila.fi\/en\/","name":"Messil\u00e4","description":"Messil\u00e4 Maailma Oy","potentialAction":[{"@type":"SearchAction","target":{"@type":"EntryPoint","urlTemplate":"https:\/\/messila.fi\/en\/?s={search_term_string}"},"query-input":{"@type":"PropertyValueSpecification","valueRequired":true,"valueName":"search_term_string"}}],"inLanguage":"en-US"}]}},"_links":{"self":[{"href":"https:\/\/messila.fi\/en\/wp-json\/wp\/v2\/pages\/8501","targetHints":{"allow":["GET"]}}],"collection":[{"href":"https:\/\/messila.fi\/en\/wp-json\/wp\/v2\/pages"}],"about":[{"href":"https:\/\/messila.fi\/en\/wp-json\/wp\/v2\/types\/page"}],"author":[{"embeddable":true,"href":"https:\/\/messila.fi\/en\/wp-json\/wp\/v2\/users\/9"}],"replies":[{"embeddable":true,"href":"https:\/\/messila.fi\/en\/wp-json\/wp\/v2\/comments?post=8501"}],"version-history":[{"count":38,"href":"https:\/\/messila.fi\/en\/wp-json\/wp\/v2\/pages\/8501\/revisions"}],"predecessor-version":[{"id":21079,"href":"https:\/\/messila.fi\/en\/wp-json\/wp\/v2\/pages\/8501\/revisions\/21079"}],"wp:attachment":[{"href":"https:\/\/messila.fi\/en\/wp-json\/wp\/v2\/media?parent=8501"}],"curies":[{"name":"wp","href":"https:\/\/api.w.org\/{rel}","templated":true}]}}