{"id":8530,"date":"2024-10-04T12:55:03","date_gmt":"2024-10-04T10:55:03","guid":{"rendered":"https:\/\/messila.fi\/?page_id=8530"},"modified":"2026-04-08T13:21:02","modified_gmt":"2026-04-08T11:21:02","slug":"messila-manor-history","status":"publish","type":"page","link":"https:\/\/messila.fi\/en\/conferences-and-celebrations\/messila-manor-history\/","title":{"rendered":"Messil\u00e4 Manor history"},"content":{"rendered":"\n\t<section class=\"section dark has-parallax\" id=\"section_538716678\">\n\t\t<div class=\"section-bg fill\" data-parallax-container=\".section\" data-parallax-background data-parallax=\"-4\">\n\t\t\t<img loading=\"lazy\" decoding=\"async\" width=\"1536\" height=\"957\" src=\"https:\/\/messila.fi\/wp-content\/uploads\/2026\/04\/img103-1536x957.jpg\" class=\"bg attachment-1536x1536 size-1536x1536\" alt=\"\" \/>\t\t\t\t\t\t\n\t\t\t\n\n\t\t<\/div>\n\n\t\t\n\t<div class=\"ux-shape-divider ux-shape-divider--bottom ux-shape-divider--style-waves-opacity-3\">\n\t\t<svg viewBox=\"0 0 1000 300\" xmlns=\"http:\/\/www.w3.org\/2000\/svg\" preserveAspectRatio=\"none\">\n\t<path class=\"ux-shape-fill\" opacity=\"0.05\" d=\"M1014 264V386H206L34 300C34 300 344.42 277.16 436 221C542 156 590 160 704 209C811 255 899.11 214.94 979 346L1014 264Z\"\/>\n\t<path class=\"ux-shape-fill\" opacity=\"0.1\" d=\"M-302 55C-302 55 -66.73 263.25 50 214C178 160 283 116 353 141C445.68 174.1 534.28 256.19 588 249C692.9 235 764.52 75.94 855 131C940.61 183.09 1000 254 1000 254V328L-306 338L-302 55Z\"\/>\n\t<path class=\"ux-shape-fill\" opacity=\"0.15\" d=\"M-286 255C-286 255 -72 152 52 126C176 100 255 155 436 227C581.57 284.91 614.7 277.79 708 227C787 184 1009 3.0001 1093 164C1146 265.63 1031 293 1031 293L924 377L-288 389L-286 255Z\"\/>\n\t<path class=\"ux-shape-fill\" opacity=\"0.3\" d=\"M-24 69C-24 69 275.68 370.66 389 314C397 310 622 316 673 356C690.47 369.7 845 224 890 182C944.8 130.85 1018 92 1078 143C1154.12 207.7 1196 242 1196 242L1184 374L-28 386L-24 69Z\"\/>\n\t<path class=\"ux-shape-fill\" d=\"M-12 201C-12 201 58 284 182 258C306 232 342.29 221.23 456 264C565 305 640.82 288.36 721 249C776 222 837.5 191.31 935 253C984 284 1030 279 1030 279L1024 430L-12 440V201Z\"\/>\n<\/svg>\n\t<\/div>\n\n\t\t<div class=\"section-content relative\">\n\t\t\t\n<div class=\"row\"  id=\"row-322549055\">\n\n\t<div id=\"col-731582204\" class=\"col small-12 large-12\"  >\n\t\t\t\t<div class=\"col-inner text-center text-shadow-4\"  >\n\t\t\t\n\t\t\t\n\t<div id=\"text-1647254953\" class=\"text\">\n\t\t\n<h1>Messil\u00e4 Manor History<\/h1>\n\t\t\n<style>\n#text-1647254953 {\n  font-size: 2.25rem;\n  line-height: 1;\n}\n@media (min-width:550px) {\n  #text-1647254953 {\n    font-size: 2.5rem;\n  }\n}\n@media (min-width:850px) {\n  #text-1647254953 {\n    font-size: 3rem;\n  }\n}\n<\/style>\n\t<\/div>\n\t\n\t\t<\/div>\n\t\t\t\t\t<\/div>\n\n\t\n<\/div>\n\t\t<\/div>\n\n\t\t\n<style>\n#section_538716678 {\n  padding-top: 30px;\n  padding-bottom: 30px;\n  min-height: 500px;\n}\n#section_538716678 .section-bg img {\n  object-position: 43% 52%;\n}\n#section_538716678 .ux-shape-divider--bottom svg {\n  height: 100px;\n  --divider-width: 100%;\n}\n<\/style>\n\t<\/section>\n\t\n<div class=\"row\"  id=\"row-1498133528\">\n\n\t<div id=\"col-1243123338\" class=\"col small-12 large-12\"  >\n\t\t\t\t<div class=\"col-inner text-center\"  >\n\t\t\t\n\t\t\t\n\n<span><span><a href=\"https:\/\/messila.fi\/en\/\">Etusivu<\/a><\/span><\/span>\n\n\t\t<\/div>\n\t\t\t\t\t<\/div>\n\n\t\n<\/div>\n\n\t<section class=\"section\" id=\"section_241447559\">\n\t\t<div class=\"section-bg fill\" >\n\t\t\t\t\t\t\t\t\t\n\t\t\t\n\n\t\t<\/div>\n\n\t\t\n\n\t\t<div class=\"section-content relative\">\n\t\t\t\n<div class=\"row\"  id=\"row-1061559829\">\n\n\t<div id=\"col-1795489954\" class=\"col small-12 large-12\"  >\n\t\t\t\t<div class=\"col-inner\"  >\n\t\t\t\n\t\t\t\n\t\t<\/div>\n\t\t\t\t\t<\/div>\n\n\t\n<\/div>\n<div class=\"row align-center\"  id=\"row-1294505444\">\n\n\t<div id=\"col-447572122\" class=\"col small-12 large-12\"  >\n\t\t\t\t<div class=\"col-inner\"  >\n\t\t\t\n\t\t\t\n<div class=\"row\"  id=\"row-2131475747\">\n\n\t<div id=\"col-196580803\" class=\"col small-12 large-12\"  >\n\t\t\t\t<div class=\"col-inner\"  >\n\t\t\t\n\t\t\t\n<p>Messil\u00e4 originated in the village of Okeroinen, one of the largest villages in the H\u00e4me region. Messil\u00e4 first appeared in historical records during the Catholic era in 1403, when Niilo Olavinpoika Tavast, the district judge of Hollola, settled a border dispute and confirmed the boundary between the villages of Messil\u00e4 and Okeroinen.<\/p>\n\t\t<\/div>\n\t\t\t\t\t<\/div>\n\n\t\n<\/div>\n<div id=\"col-1446108747\" class=\"col small-12 large-12\">\n<div class=\"col-inner\">\n<h2>Messil\u00e4 Estate<\/h2>\n<\/div>\n<p data-start=\"122\" data-end=\"353\">In the 1460s, Heyen Messisson, the first known inhabitant and local bailiff of the village, lived here. Messil\u00e4 likely derives its name from him. The village was also known as Tiirismaa, a name used widely until the 19th century.<\/p>\n<p data-start=\"355\" data-end=\"549\">By 1539, there were four taxable farms in the village. Toward the end of the 1580s, a prolonged war against Russia and increased taxes left the farms deserted, and Tiirismaa became crown land.<\/p>\n<p data-start=\"551\" data-end=\"1099\">In 1634, Queen Christina granted one of the abandoned farms tax-free to Lady Margareta Kudlin for as long as she remained a widow. Lady Margareta and her family settled in the village, cultivating two additional farms. Soon, the village became a cavalry estate. Lady Margareta\u2019s daughter Anna Margareta\u2019s husband, Corporal David Reid, incorporated the three-farm village of Tiirismaa into his cultivation and provided a horse, a man, and his equipment and weapons for the king\u2019s army. Eskil Martinpoika is mentioned as Messil\u00e4\u2019s first cavalryman.<\/p>\n<p data-start=\"1101\" data-end=\"1346\">In 1663, due to Anna Margareta\u2019s childlessness, Messil\u00e4 passed to Matts Falck, the crown bailiff of the Hollola district, under whose care the estate flourished. In 1691, a fire destroyed the main building, two outbuildings, and the livestock.<\/p>\n<p data-start=\"1348\" data-end=\"1640\">Following a military reform in 1695, Messil\u00e4 became a supporting farm of the Taipale cavalry estate and had to supply an infantryman. During this time, while the Falck brothers served in the Karelian cavalry regiment stationed in Viipuri, farm managers maintained and cultivated the estate.<\/p>\n<div class=\"col-inner\">\n<h2><strong data-start=\"1642\" data-end=\"1663\">Changing Families<\/strong><\/h2>\n<p data-start=\"1667\" data-end=\"1897\">In 1750, Falck sold Messil\u00e4 to Helsinki merchant Aron Peron for 1,200 copper thalers. Peron later converted it from crown land into a hereditary estate and built the predecessor of today\u2019s Manor House, a two-story main building.<\/p>\n<p data-start=\"1899\" data-end=\"2394\">In 1781, Messil\u00e4 changed owners again. The Peron family lost the estate in a card game to Kaarle Polon, the son of a rusthollari (yeoman) from Uskila village in Hollola. He became the first owner from the peasant class. After Kaarle Polon\u2019s death and his second eldest son Kaarle Henrik came of age, the estate was divided in 1799 into two farms: Alestalo and Yl\u00f6stalo, the latter remaining with Kaarle Henrik. The main building of Yl\u00f6stalo, still standing today, was constructed at that time<\/p>\n<h2>Industry<\/h2>\n<p data-start=\"2412\" data-end=\"2991\">The Polon family were industrialists. In 1815, a broadcloth factory was established at Yl\u00f6stalo. On the Alestalo side, Kaarle Juhana Polon received permission in 1821 to establish a leather factory along with dyeing, weaving, and saddlery workshops. According to the 1840 population records, the broadcloth factory employed one master, two journeymen, and one worker, while the leather factory employed two masters, three journeymen, and two workers. Furniture production also emerged around this time, leading to the construction of five small workers\u2019 cottages on the estate.<\/p>\n<p data-start=\"2993\" data-end=\"3297\">Over the years, Messil\u00e4 has had many owners. The estate could also be inherited through daughters, which is why Messil\u00e4 remained within certain families for long periods, even as surnames changed. The most recent owner families include Polon, Grenman, Melander, S\u00f6yring, S\u00f6yri\u00f6, Pullinen, and Toivonen.<\/p>\n<h2><strong data-start=\"3299\" data-end=\"3310\">Tourism<\/strong><\/h2>\n<p data-start=\"3314\" data-end=\"3703\">Tourism at Messil\u00e4 began in 1859, when a Helsinki engineer visited to plan a viewing tower at Tiirismaa. By around 1880, visitors were served food and drink for a fee. A decade later, a side building of the manor was moved to the courtyard to serve as guest accommodation. In the 1920s, following the Salpausselk\u00e4 competitions, the idea of establishing a sports hotel at Messil\u00e4 emerged.<\/p>\n<p data-start=\"3705\" data-end=\"4023\">In 1969, a generational change occurred, marking the beginning of Messil\u00e4 as a holiday resort. The current hotel building was constructed. Over the years, attractions at Messil\u00e4 have included \u201cTurn-of-the-Century Feasts,\u201d Kes\u00e4maa, Dancing Waters, and the summer luge track, all of which have since ceased operations.<\/p>\n<h2>Today<\/h2>\n<p data-start=\"4038\" data-end=\"4279\">Today, Messil\u00e4 is a vibrant and versatile conference and leisure center. It is owned by three businessmen who started their enterprise in 1999. In the traditional manor setting, visitors can still sense a touch of life from centuries past.<\/p>\n<\/div>\n<\/div>\n\t\t<\/div>\n\t\t\t\t\t<\/div>\n\n\t\n<\/div>\n\t\t<\/div>\n\n\t\t\n<style>\n#section_241447559 {\n  padding-top: 75px;\n  padding-bottom: 75px;\n  background-color: rgb(255,255,255);\n}\n<\/style>\n\t<\/section>\n\t\n\n\t<section class=\"section\" id=\"section_902011987\">\n\t\t<div class=\"section-bg fill\" >\n\t\t\t\t\t\t\t\t\t\n\t\t\t\n\n\t\t<\/div>\n\n\t\t\n\n\t\t<div class=\"section-content relative\">\n\t\t\t\n<div class=\"row\"  id=\"row-1533830629\">\n\n\t<div id=\"col-2052494950\" class=\"col small-12 large-12\"  >\n\t\t\t\t<div class=\"col-inner\"  >\n\t\t\t\n\t\t\t\n  <style>\n    #gallery-1884366884 .grid-col-1{height: 600px}\n    #gallery-1884366884 .grid-col-1-2{height: 300px}\n    #gallery-1884366884 .grid-col-1-3{height:200px}\n    #gallery-1884366884 .grid-col-2-3{height: 400px}\n    #gallery-1884366884 .grid-col-1-4{height: 150px}\n    #gallery-1884366884 .grid-col-3-4{height: 450px}\n\n\n        \/* Tablet *\/\n    @media (max-width: 850px){\n      #gallery-1884366884 .grid-col-1{height: 400px}\n      #gallery-1884366884 .grid-col-1-2{height: 200px}\n      #gallery-1884366884 .grid-col-1-3{height:133.33333333333px}\n      #gallery-1884366884 .grid-col-2-3{height: 266.66666666667px}\n      #gallery-1884366884 .grid-col-1-4{height: 100px}\n      #gallery-1884366884 .grid-col-3-4{height: 300px}\n    }\n    \n        \/* Mobile *\/\n    @media (max-width: 550px){\n      #gallery-1884366884 .grid-col-1{height: 400px}\n      #gallery-1884366884 .grid-col-1-2{height: 200px}\n      #gallery-1884366884 .grid-col-1-3{height:133.33333333333px}\n      #gallery-1884366884 .grid-col-2-3{height: 266.66666666667px}\n      #gallery-1884366884 .grid-col-1-4{height: 100px}\n      #gallery-1884366884 .grid-col-3-4{height: 300px}\n    }\n    \n\n  <\/style>\n  \n  \n    <div id=\"gallery-1884366884\" class=\"row row-grid\" data-packery-options='{\"itemSelector\": \".col\", \"gutter\": 0, \"presentageWidth\" : true}'>\n\n  <div class=\"gallery-col col grid-col grid-col-1 large-6 medium-12\" >\n          <div class=\"col-inner\">\n            <a class=\"image-lightbox lightbox-gallery\" href=\"https:\/\/messila.fi\/wp-content\/uploads\/2026\/04\/img174-1024x692.jpg\" title=\"\">            <div class=\"box has-hover gallery-box box-overlay dark box-text-center\">\n              <div class=\"box-image image-zoom\" >\n                <img loading=\"lazy\" decoding=\"async\" width=\"1020\" height=\"689\" src=\"https:\/\/messila.fi\/wp-content\/uploads\/2026\/04\/img174-1024x692.jpg\" class=\"attachment-large size-large\" alt=\"\" ids=\"21327,21333,21315,21309\" type=\"grid\" grid=\"3\" image_hover=\"zoom\" srcset=\"https:\/\/messila.fi\/wp-content\/uploads\/2026\/04\/img174-1024x692.jpg 1024w, https:\/\/messila.fi\/wp-content\/uploads\/2026\/04\/img174-300x203.jpg 300w, https:\/\/messila.fi\/wp-content\/uploads\/2026\/04\/img174-768x519.jpg 768w, https:\/\/messila.fi\/wp-content\/uploads\/2026\/04\/img174-1536x1037.jpg 1536w, https:\/\/messila.fi\/wp-content\/uploads\/2026\/04\/img174-2048x1383.jpg 2048w\" sizes=\"auto, (max-width: 1020px) 100vw, 1020px\" \/>                                  <div class=\"overlay fill\"\n                      style=\"background-color: rgba(0,0,0,.15)\">\n                  <\/div>\n                                                              <\/div>\n              <div class=\"box-text text-left dark\" >\n                 <p><\/p>\n              <\/div>\n            <\/div>\n            <\/a>          <\/div>\n         <\/div><div class=\"gallery-col col grid-col grid-col-1-2 large-6 medium-6\" >\n          <div class=\"col-inner\">\n            <a class=\"image-lightbox lightbox-gallery\" href=\"https:\/\/messila.fi\/wp-content\/uploads\/2026\/04\/img175-1024x670.jpg\" title=\"\">            <div class=\"box has-hover gallery-box box-overlay dark box-text-center\">\n              <div class=\"box-image image-zoom\" >\n                <img loading=\"lazy\" decoding=\"async\" width=\"300\" height=\"196\" src=\"https:\/\/messila.fi\/wp-content\/uploads\/2026\/04\/img175-300x196.jpg\" class=\"attachment-medium size-medium\" alt=\"\" ids=\"21327,21333,21315,21309\" type=\"grid\" grid=\"3\" image_hover=\"zoom\" srcset=\"https:\/\/messila.fi\/wp-content\/uploads\/2026\/04\/img175-300x196.jpg 300w, https:\/\/messila.fi\/wp-content\/uploads\/2026\/04\/img175-1024x670.jpg 1024w, https:\/\/messila.fi\/wp-content\/uploads\/2026\/04\/img175-768x503.jpg 768w, https:\/\/messila.fi\/wp-content\/uploads\/2026\/04\/img175-1536x1006.jpg 1536w, https:\/\/messila.fi\/wp-content\/uploads\/2026\/04\/img175-2048x1341.jpg 2048w\" sizes=\"auto, (max-width: 300px) 100vw, 300px\" \/>                                  <div class=\"overlay fill\"\n                      style=\"background-color: rgba(0,0,0,.15)\">\n                  <\/div>\n                                                              <\/div>\n              <div class=\"box-text text-left dark\" >\n                 <p><\/p>\n              <\/div>\n            <\/div>\n            <\/a>          <\/div>\n         <\/div><div class=\"gallery-col col grid-col grid-col-1-2 large-3 medium-6\" >\n          <div class=\"col-inner\">\n            <a class=\"image-lightbox lightbox-gallery\" href=\"https:\/\/messila.fi\/wp-content\/uploads\/2026\/04\/img168-1024x685.jpg\" title=\"\">            <div class=\"box has-hover gallery-box box-overlay dark box-text-center\">\n              <div class=\"box-image image-zoom\" >\n                <img loading=\"lazy\" decoding=\"async\" width=\"300\" height=\"201\" src=\"https:\/\/messila.fi\/wp-content\/uploads\/2026\/04\/img168-300x201.jpg\" class=\"attachment-medium size-medium\" alt=\"\" ids=\"21327,21333,21315,21309\" type=\"grid\" grid=\"3\" image_hover=\"zoom\" srcset=\"https:\/\/messila.fi\/wp-content\/uploads\/2026\/04\/img168-300x201.jpg 300w, https:\/\/messila.fi\/wp-content\/uploads\/2026\/04\/img168-1024x685.jpg 1024w, https:\/\/messila.fi\/wp-content\/uploads\/2026\/04\/img168-768x514.jpg 768w, https:\/\/messila.fi\/wp-content\/uploads\/2026\/04\/img168-1536x1028.jpg 1536w, https:\/\/messila.fi\/wp-content\/uploads\/2026\/04\/img168-2048x1370.jpg 2048w\" sizes=\"auto, (max-width: 300px) 100vw, 300px\" \/>                                  <div class=\"overlay fill\"\n                      style=\"background-color: rgba(0,0,0,.15)\">\n                  <\/div>\n                                                              <\/div>\n              <div class=\"box-text text-left dark\" >\n                 <p><\/p>\n              <\/div>\n            <\/div>\n            <\/a>          <\/div>\n         <\/div><div class=\"gallery-col col grid-col grid-col-1-2 large-3 medium-6\" >\n          <div class=\"col-inner\">\n            <a class=\"image-lightbox lightbox-gallery\" href=\"https:\/\/messila.fi\/wp-content\/uploads\/2026\/04\/img103-1024x638.jpg\" title=\"\">            <div class=\"box has-hover gallery-box box-overlay dark box-text-center\">\n              <div class=\"box-image image-zoom\" >\n                <img loading=\"lazy\" decoding=\"async\" width=\"300\" height=\"187\" src=\"https:\/\/messila.fi\/wp-content\/uploads\/2026\/04\/img103-300x187.jpg\" class=\"attachment-medium size-medium\" alt=\"\" ids=\"21327,21333,21315,21309\" type=\"grid\" grid=\"3\" image_hover=\"zoom\" srcset=\"https:\/\/messila.fi\/wp-content\/uploads\/2026\/04\/img103-300x187.jpg 300w, https:\/\/messila.fi\/wp-content\/uploads\/2026\/04\/img103-1024x638.jpg 1024w, https:\/\/messila.fi\/wp-content\/uploads\/2026\/04\/img103-768x478.jpg 768w, https:\/\/messila.fi\/wp-content\/uploads\/2026\/04\/img103-1536x957.jpg 1536w, https:\/\/messila.fi\/wp-content\/uploads\/2026\/04\/img103-2048x1276.jpg 2048w\" sizes=\"auto, (max-width: 300px) 100vw, 300px\" \/>                                  <div class=\"overlay fill\"\n                      style=\"background-color: rgba(0,0,0,.15)\">\n                  <\/div>\n                                                              <\/div>\n              <div class=\"box-text text-left dark\" >\n                 <p><\/p>\n              <\/div>\n            <\/div>\n            <\/a>          <\/div>\n         <\/div><\/div>\n\t\t<\/div>\n\t\t\t\t\t<\/div>\n\n\t\n<\/div>\n\t\t<\/div>\n\n\t\t\n<style>\n#section_902011987 {\n  padding-top: 100px;\n  padding-bottom: 100px;\n}\n<\/style>\n\t<\/section>\n\t\n","protected":false},"excerpt":{"rendered":"","protected":false},"author":9,"featured_media":0,"parent":8501,"menu_order":0,"comment_status":"closed","ping_status":"closed","template":"page-blank.php","meta":{"_acf_changed":false,"footnotes":""},"class_list":["post-8530","page","type-page","status-publish","hentry"],"acf":[],"yoast_head":"<!-- This site is optimized with the Yoast SEO plugin v27.3 - https:\/\/yoast.com\/product\/yoast-seo-wordpress\/ -->\n<title>Messil\u00e4 Manor history - Messil\u00e4<\/title>\n<meta name=\"robots\" content=\"index, follow, max-snippet:-1, max-image-preview:large, max-video-preview:-1\" \/>\n<link rel=\"canonical\" href=\"https:\/\/messila.fi\/en\/conferences-and-celebrations\/messila-manor-history\/\" \/>\n<meta property=\"og:locale\" content=\"en_US\" \/>\n<meta property=\"og:type\" content=\"article\" \/>\n<meta property=\"og:title\" content=\"Messil\u00e4 Manor history - Messil\u00e4\" \/>\n<meta property=\"og:url\" content=\"https:\/\/messila.fi\/en\/conferences-and-celebrations\/messila-manor-history\/\" \/>\n<meta property=\"og:site_name\" content=\"Messil\u00e4\" \/>\n<meta property=\"article:modified_time\" content=\"2026-04-08T11:21:02+00:00\" \/>\n<meta name=\"twitter:card\" content=\"summary_large_image\" \/>\n<script type=\"application\/ld+json\" class=\"yoast-schema-graph\">{\"@context\":\"https:\\\/\\\/schema.org\",\"@graph\":[{\"@type\":\"WebPage\",\"@id\":\"https:\\\/\\\/messila.fi\\\/en\\\/conferences-and-celebrations\\\/messila-manor-history\\\/\",\"url\":\"https:\\\/\\\/messila.fi\\\/en\\\/conferences-and-celebrations\\\/messila-manor-history\\\/\",\"name\":\"Messil\u00e4 Manor history - Messil\u00e4\",\"isPartOf\":{\"@id\":\"https:\\\/\\\/messila.fi\\\/en\\\/#website\"},\"datePublished\":\"2024-10-04T10:55:03+00:00\",\"dateModified\":\"2026-04-08T11:21:02+00:00\",\"breadcrumb\":{\"@id\":\"https:\\\/\\\/messila.fi\\\/en\\\/conferences-and-celebrations\\\/messila-manor-history\\\/#breadcrumb\"},\"inLanguage\":\"en-US\",\"potentialAction\":[{\"@type\":\"ReadAction\",\"target\":[\"https:\\\/\\\/messila.fi\\\/en\\\/conferences-and-celebrations\\\/messila-manor-history\\\/\"]}]},{\"@type\":\"BreadcrumbList\",\"@id\":\"https:\\\/\\\/messila.fi\\\/en\\\/conferences-and-celebrations\\\/messila-manor-history\\\/#breadcrumb\",\"itemListElement\":[{\"@type\":\"ListItem\",\"position\":1,\"name\":\"Etusivu\",\"item\":\"https:\\\/\\\/messila.fi\\\/en\\\/\"},{\"@type\":\"ListItem\",\"position\":2,\"name\":\"Conferences and celebrations\",\"item\":\"https:\\\/\\\/messila.fi\\\/en\\\/conferences-and-celebrations\\\/\"},{\"@type\":\"ListItem\",\"position\":3,\"name\":\"Messil\u00e4 Manor history\"}]},{\"@type\":\"WebSite\",\"@id\":\"https:\\\/\\\/messila.fi\\\/en\\\/#website\",\"url\":\"https:\\\/\\\/messila.fi\\\/en\\\/\",\"name\":\"Messil\u00e4\",\"description\":\"Messil\u00e4 Maailma Oy\",\"potentialAction\":[{\"@type\":\"SearchAction\",\"target\":{\"@type\":\"EntryPoint\",\"urlTemplate\":\"https:\\\/\\\/messila.fi\\\/en\\\/?s={search_term_string}\"},\"query-input\":{\"@type\":\"PropertyValueSpecification\",\"valueRequired\":true,\"valueName\":\"search_term_string\"}}],\"inLanguage\":\"en-US\"}]}<\/script>\n<!-- \/ Yoast SEO plugin. -->","yoast_head_json":{"title":"Messil\u00e4 Manor history - Messil\u00e4","robots":{"index":"index","follow":"follow","max-snippet":"max-snippet:-1","max-image-preview":"max-image-preview:large","max-video-preview":"max-video-preview:-1"},"canonical":"https:\/\/messila.fi\/en\/conferences-and-celebrations\/messila-manor-history\/","og_locale":"en_US","og_type":"article","og_title":"Messil\u00e4 Manor history - Messil\u00e4","og_url":"https:\/\/messila.fi\/en\/conferences-and-celebrations\/messila-manor-history\/","og_site_name":"Messil\u00e4","article_modified_time":"2026-04-08T11:21:02+00:00","twitter_card":"summary_large_image","schema":{"@context":"https:\/\/schema.org","@graph":[{"@type":"WebPage","@id":"https:\/\/messila.fi\/en\/conferences-and-celebrations\/messila-manor-history\/","url":"https:\/\/messila.fi\/en\/conferences-and-celebrations\/messila-manor-history\/","name":"Messil\u00e4 Manor history - Messil\u00e4","isPartOf":{"@id":"https:\/\/messila.fi\/en\/#website"},"datePublished":"2024-10-04T10:55:03+00:00","dateModified":"2026-04-08T11:21:02+00:00","breadcrumb":{"@id":"https:\/\/messila.fi\/en\/conferences-and-celebrations\/messila-manor-history\/#breadcrumb"},"inLanguage":"en-US","potentialAction":[{"@type":"ReadAction","target":["https:\/\/messila.fi\/en\/conferences-and-celebrations\/messila-manor-history\/"]}]},{"@type":"BreadcrumbList","@id":"https:\/\/messila.fi\/en\/conferences-and-celebrations\/messila-manor-history\/#breadcrumb","itemListElement":[{"@type":"ListItem","position":1,"name":"Etusivu","item":"https:\/\/messila.fi\/en\/"},{"@type":"ListItem","position":2,"name":"Conferences and celebrations","item":"https:\/\/messila.fi\/en\/conferences-and-celebrations\/"},{"@type":"ListItem","position":3,"name":"Messil\u00e4 Manor history"}]},{"@type":"WebSite","@id":"https:\/\/messila.fi\/en\/#website","url":"https:\/\/messila.fi\/en\/","name":"Messil\u00e4","description":"Messil\u00e4 Maailma Oy","potentialAction":[{"@type":"SearchAction","target":{"@type":"EntryPoint","urlTemplate":"https:\/\/messila.fi\/en\/?s={search_term_string}"},"query-input":{"@type":"PropertyValueSpecification","valueRequired":true,"valueName":"search_term_string"}}],"inLanguage":"en-US"}]}},"_links":{"self":[{"href":"https:\/\/messila.fi\/en\/wp-json\/wp\/v2\/pages\/8530","targetHints":{"allow":["GET"]}}],"collection":[{"href":"https:\/\/messila.fi\/en\/wp-json\/wp\/v2\/pages"}],"about":[{"href":"https:\/\/messila.fi\/en\/wp-json\/wp\/v2\/types\/page"}],"author":[{"embeddable":true,"href":"https:\/\/messila.fi\/en\/wp-json\/wp\/v2\/users\/9"}],"replies":[{"embeddable":true,"href":"https:\/\/messila.fi\/en\/wp-json\/wp\/v2\/comments?post=8530"}],"version-history":[{"count":6,"href":"https:\/\/messila.fi\/en\/wp-json\/wp\/v2\/pages\/8530\/revisions"}],"predecessor-version":[{"id":21339,"href":"https:\/\/messila.fi\/en\/wp-json\/wp\/v2\/pages\/8530\/revisions\/21339"}],"up":[{"embeddable":true,"href":"https:\/\/messila.fi\/en\/wp-json\/wp\/v2\/pages\/8501"}],"wp:attachment":[{"href":"https:\/\/messila.fi\/en\/wp-json\/wp\/v2\/media?parent=8530"}],"curies":[{"name":"wp","href":"https:\/\/api.w.org\/{rel}","templated":true}]}}