{"id":8568,"date":"2024-10-04T14:00:39","date_gmt":"2024-10-04T12:00:39","guid":{"rendered":"https:\/\/messila.fi\/?page_id=8568"},"modified":"2026-04-02T09:59:00","modified_gmt":"2026-04-02T07:59:00","slug":"groups","status":"publish","type":"page","link":"https:\/\/messila.fi\/en\/ski-resort\/groups\/","title":{"rendered":"Groups"},"content":{"rendered":"\n\t<section class=\"section dark\" id=\"section_1316320293\">\n\t\t<div class=\"section-bg fill\" >\n\t\t\t\t\t\t\t\t\t<div class=\"section-bg-overlay absolute fill\"><\/div>\n\t\t\t\n\n\t\t<\/div>\n\n\t\t\n\t<div class=\"ux-shape-divider ux-shape-divider--bottom ux-shape-divider--style-waves-opacity-3\">\n\t\t<svg viewBox=\"0 0 1000 300\" xmlns=\"http:\/\/www.w3.org\/2000\/svg\" preserveAspectRatio=\"none\">\n\t<path class=\"ux-shape-fill\" opacity=\"0.05\" d=\"M1014 264V386H206L34 300C34 300 344.42 277.16 436 221C542 156 590 160 704 209C811 255 899.11 214.94 979 346L1014 264Z\"\/>\n\t<path class=\"ux-shape-fill\" opacity=\"0.1\" d=\"M-302 55C-302 55 -66.73 263.25 50 214C178 160 283 116 353 141C445.68 174.1 534.28 256.19 588 249C692.9 235 764.52 75.94 855 131C940.61 183.09 1000 254 1000 254V328L-306 338L-302 55Z\"\/>\n\t<path class=\"ux-shape-fill\" opacity=\"0.15\" d=\"M-286 255C-286 255 -72 152 52 126C176 100 255 155 436 227C581.57 284.91 614.7 277.79 708 227C787 184 1009 3.0001 1093 164C1146 265.63 1031 293 1031 293L924 377L-288 389L-286 255Z\"\/>\n\t<path class=\"ux-shape-fill\" opacity=\"0.3\" d=\"M-24 69C-24 69 275.68 370.66 389 314C397 310 622 316 673 356C690.47 369.7 845 224 890 182C944.8 130.85 1018 92 1078 143C1154.12 207.7 1196 242 1196 242L1184 374L-28 386L-24 69Z\"\/>\n\t<path class=\"ux-shape-fill\" d=\"M-12 201C-12 201 58 284 182 258C306 232 342.29 221.23 456 264C565 305 640.82 288.36 721 249C776 222 837.5 191.31 935 253C984 284 1030 279 1030 279L1024 430L-12 440V201Z\"\/>\n<\/svg>\n\t<\/div>\n\n\t\t<div class=\"section-content relative\">\n\t\t\t\n<div class=\"row\"  id=\"row-294674640\">\n\n\t<div id=\"col-1062790273\" class=\"col small-12 large-12\"  >\n\t\t\t\t<div class=\"col-inner text-center text-shadow-4\"  >\n\t\t\t\n\t\t\t\n\t<div id=\"text-3464724785\" class=\"text\">\n\t\t\n<h1>Groups<\/h1>\n\t\t\n<style>\n#text-3464724785 {\n  font-size: 2.25rem;\n  line-height: 1;\n}\n@media (min-width:550px) {\n  #text-3464724785 {\n    font-size: 2.5rem;\n  }\n}\n@media (min-width:850px) {\n  #text-3464724785 {\n    font-size: 3rem;\n  }\n}\n<\/style>\n\t<\/div>\n\t\n\t\t<\/div>\n\t\t\t\t\t<\/div>\n\n\t\n<\/div>\n\t\t<\/div>\n\n\t\t\n<style>\n#section_1316320293 {\n  padding-top: 30px;\n  padding-bottom: 30px;\n  min-height: 100px;\n}\n#section_1316320293 .section-bg-overlay {\n  background-color: #0077a0;\n}\n#section_1316320293 .ux-shape-divider--bottom svg {\n  height: 100px;\n  --divider-width: 100%;\n}\n<\/style>\n\t<\/section>\n\t\n<div class=\"row\"  id=\"row-1259339604\">\n\n\t<div id=\"col-362434691\" class=\"col small-12 large-12\"  >\n\t\t\t\t<div class=\"col-inner text-center\"  >\n\t\t\t\n\t\t\t\n\n<span><span><a href=\"https:\/\/messila.fi\/en\/\">Etusivu<\/a><\/span><\/span>\n\n\t\t<\/div>\n\t\t\t\t\t<\/div>\n\n\t\n<\/div>\n\n\t<section class=\"section\" id=\"section_94320813\">\n\t\t<div class=\"section-bg fill\" >\n\t\t\t\t\t\t\t\t\t\n\t\t\t\n\n\t\t<\/div>\n\n\t\t\n\n\t\t<div class=\"section-content relative\">\n\t\t\t\n<div class=\"row row-full-width align-middle align-center\"  id=\"row-122771032\">\n\n\t<div id=\"col-1310203781\" class=\"col medium-5 small-12 large-5\"  >\n\t\t\t\t<div class=\"col-inner\"  >\n\t\t\t\n\t\t\t\n<h2>Group Reservations<\/h2>\n<p><span data-olk-copy-source=\"MessageBody\">When you make a group reservation in advance through our sales service (messila@messila.fi), your arrival will be smooth and swift. Groups of at least 16 people who book in advance receive a 10% discount on regular ski pass prices.\u00a0<\/span><\/p>\n<p>Messil\u00e4 is an excellent location for a variety of events and activities for groups. Anything and everything from associations and\u00a0 businesses recreational days, to different athletic camps and confirmation camps.<\/p>\n<p><span data-olk-copy-source=\"MessageBody\">During ski season a conference day can conveniently be combined with a hop on the slopes or freestyle in Messil\u00e4&#8217;s park and playground.\u00a0<\/span><\/p>\n<p>Please note that only group reservations made in advance are eligible for billing. If the resevations has not been made in advance, the ski passes must be paid in full at Messil\u00e4. Messil\u00e4 uses electronic invoicing, with an invoicing fee 8 \u20ac. For more information on Messil\u00e4&#8221;s electronic invoicing see <a href=\"https:\/\/messila.fi\/en\/contact-information\/messilas-invoicing-information\/\">here<\/a>.<\/p>\n<p>If you are looking for a charter service for your group, Messil\u00e4 recommends our partner <a href=\"https:\/\/messila.fi\/en\/skiexpress\/\">Reissu Ruoti Busses<\/a>.\u00a0<\/p>\n<h3 class=\"uppercase\"><span data-olk-copy-source=\"MessageBody\">Sales service<\/span><\/h3>\n<div>tel. +358 3 860 11<\/div>\n<div>email: <a href=\"mailto:messila@messila.fi\" target=\"_blank\" rel=\"noopener\">messila@messila.fi<\/a><\/div>\n\t\t<\/div>\n\t\t\t\t\t<\/div>\n\n\t\n\n\t<div id=\"col-668447527\" class=\"col medium-5 small-12 large-5 small-col-first\"  >\n\t\t\t\t<div class=\"col-inner\"  >\n\t\t\t\n\t\t\t\n\t<div class=\"img has-hover x md-x lg-x y md-y lg-y\" id=\"image_2050486816\">\n\t\t\t\t\t\t\t\t<div class=\"img-inner image-cover dark\" style=\"padding-top:75%;\">\n\t\t\t<img loading=\"lazy\" decoding=\"async\" width=\"768\" height=\"644\" src=\"https:\/\/messila.fi\/wp-content\/uploads\/2025\/04\/Messila_helmikuu_73-768x644.jpg\" class=\"attachment-medium_large size-medium_large\" alt=\"\" srcset=\"https:\/\/messila.fi\/wp-content\/uploads\/2025\/04\/Messila_helmikuu_73-768x644.jpg 768w, https:\/\/messila.fi\/wp-content\/uploads\/2025\/04\/Messila_helmikuu_73-300x251.jpg 300w, https:\/\/messila.fi\/wp-content\/uploads\/2025\/04\/Messila_helmikuu_73-1024x858.jpg 1024w, https:\/\/messila.fi\/wp-content\/uploads\/2025\/04\/Messila_helmikuu_73-1536x1287.jpg 1536w, https:\/\/messila.fi\/wp-content\/uploads\/2025\/04\/Messila_helmikuu_73-2048x1716.jpg 2048w\" sizes=\"auto, (max-width: 768px) 100vw, 768px\" \/>\t\t\t\t\t\t\n\t\t\t\t\t<\/div>\n\t\t\t\t\t\t\t\t\n<style>\n#image_2050486816 {\n  width: 80%;\n}\n<\/style>\n\t<\/div>\n\t\n\t\t<\/div>\n\t\t\t\t\t<\/div>\n\n\t\n<\/div>\n<div class=\"row row-full-width align-center\"  id=\"row-2089449741\">\n\n\t<div id=\"col-832958162\" class=\"col medium-10 small-12 large-10\"  >\n\t\t\t\t<div class=\"col-inner\"  >\n\t\t\t\n\t\t\t\n<h2>Youth Groups<\/h2>\n<p>Youth groups, such as congregation youth groups, association youth groups and youth groups from youth centers can receive a discount on ski passes if they make a group reservation in advance.<\/p>\n<p>SPECIAL OFFER FOR YOUTH GROUPS<\/p>\n<ul>\n<li>6 hour ski pass 25 \u20ac (full price 48 \u20ac)<\/li>\n<\/ul>\n<p>The offer applies to groups with 16 persons. The discounted ski pass is for group members between 12-18 years of age. Additionally, only group reservations made through Messil\u00e4&#8217;s sales service (messila@messila.fi) are entitled to the discounted price and can be invoiced. Otherwise the group must pay at Messil\u00e4. Group leaders over the age of 18 are not included in the discounted ski pass offer.<\/p>\n<p>Contact SkiMac rental and service shop at skimac@skimac.com to ask for an offer on ski gear rental discounts.<\/p>\n<h2><span data-olk-copy-source=\"MessageBody\">School Groups and school recreational days<\/span><\/h2>\n\t<div id=\"text-3373392293\" class=\"text\">\n\t\t\n<p>Messil\u00e4 ski resort has been a popular destination among Finnish schools for decades. Messil\u00e4 is located only 15 min away from the city of Lahti and an hour away form the Helsinki capitol region. Messil\u00e4 offers a variety of wintry activities for students including downhill,- freestyle,- and crosscountry skiing, snowboarding and sledding. Messil\u00e4 is also located close by to the Hollola and Lahti crosscountry ski routes that are free for everyone to use.<\/p>\n<p>We have upgraded our park and playground in 2024 for freestyle skiers and snowboarders to enjoy. For beginner level freestylers Pikku Parkki in Pikkukyl\u00e4 offers a great place to practice their skills.<\/p>\n<p>A recreational day can include small lighthearted competitions on the slopes, a class with the ski school, of fun in Pikkukyl\u00e4. Bistro restaurant in Messil\u00e4&#8217;s yard circle is a great place to take a break and enjoy a snack or lunch.<\/p>\n<p>LHS Ski School and SkiMac Rental and Maintenance Shop operate in Messil\u00e4 a skier doesn&#8217;t have their own gear, it isn&#8217;t a problem! SkiMac&#8217;s knowledgeable staff is happy to help every skier to find suitable gear for their skill level. If you are interested in downhill skiing, but are unsure if you have enough skill, or if you are looking to learn downhill skiing, LHS Ski School offers group skiing lessons in downhill skiing and snowboarding for students of all skill levels.<br \/>\n\t\t\n<style>\n#text-3373392293 {\n  text-align: left;\n}\n<\/style>\n\t<\/div>\n\t\n\t\t<\/div>\n\t\t\t\t\t<\/div>\n\n\t\n<\/div>\n<div class=\"row row-full-width align-center\"  id=\"row-2103389096\">\n\n\t<div id=\"col-495480717\" class=\"col medium-10 small-12 large-10\"  >\n\t\t\t\t<div class=\"col-inner\"  >\n\t\t\t\n\t\t\t\n<section class=\"article-content clearfix\">\n<h2><span data-olk-copy-source=\"MessageBody\">School Groups Price List for Season 25\/26<\/span><\/h2>\n<ul>\n<li>Pikkukyl\u00e4 area 6 hours pass 7 \u20ac<\/li>\n<li>All of the slopes 6 hours pass 18 \u20ac<\/li>\n<li><span data-olk-copy-source=\"MessageBody\">Ski- or blade set including a helmet 20 \u20ac<\/span><\/li>\n<li><span data-olk-copy-source=\"MessageBody\">Twin Tip- or telemark set<\/span>\u00a0<span data-olk-copy-source=\"MessageBody\">including a helmet<\/span> 20 \u20ac<\/li>\n<li><span data-olk-copy-source=\"MessageBody\">Snowboard set<\/span>\u00a0<span data-olk-copy-source=\"MessageBody\">including a helmet<\/span> 20 \u20ac<\/li>\n<li><span data-olk-copy-source=\"MessageBody\">Cross-country gear set<\/span> 20 \u20ac<\/li>\n<li><span data-olk-copy-source=\"MessageBody\">Sled<\/span> 5 \u20ac<\/li>\n<li><span data-olk-copy-source=\"MessageBody\">Helmet<\/span> 5 \u20ac<\/li>\n<li><span data-olk-copy-source=\"MessageBody\">Ski school during winter season<\/span> 25\/26 45 min. 90 \u20ac \/ <span data-olk-copy-source=\"MessageBody\">group<\/span>. <span data-olk-copy-source=\"MessageBody\">The price of ski teaching does not include a ski pass<\/span>. Max. 8 <span data-olk-copy-source=\"MessageBody\">students with skis or 4 students with snowboards per lesson.<\/span><\/li>\n<li>Messil\u00e4&#8217;s partner Reissu Ruoti Busses is a charter bus service that we recommend to our customers, who are looking for transportation to Messil\u00e4.<\/li>\n<\/ul>\n<p><span data-olk-copy-source=\"MessageBody\">One teacher \/ group leader can ski and have lunch free of charge per 15 paying students. This offer requires an advance booking and is not available on week 8. The billing fee for invoices is 8 \u20ac.<\/span><\/p>\n<p><span data-olk-copy-source=\"MessageBody\">In regards to gear rentals, please contact SkiMac rental service directly. <a href=\"https:\/\/messila.fi\/en\/ski-resort\/skimac-messila\/\">SkiMac<\/a> opens 30 minutes before the slopes open.<\/span><\/p>\n<p><span data-olk-copy-source=\"MessageBody\">Ski teaching should be booked in advance directly from <a href=\"https:\/\/messila.fi\/en\/ski-resort\/lhs-ski-school-messila\/\">LHS Ski School<\/a><\/span>.<\/p>\n<p>Slopebus <span data-olk-copy-source=\"MessageBody\">transport should be booked in advance directly from <a href=\"_wp_link_placeholder\" data-wplink-edit=\"true\">Reissu Ruoti<\/a><\/span>.<\/p>\n<\/section>\n\t\t<\/div>\n\t\t\t\t\t<\/div>\n\n\t\n<\/div>\n<div class=\"row row-full-width align-center\"  id=\"row-925436285\">\n<\/div>\n\t\t<\/div>\n\n\t\t\n<style>\n#section_94320813 {\n  padding-top: 75px;\n  padding-bottom: 75px;\n  background-color: rgb(255,255,255);\n}\n<\/style>\n\t<\/section>\n\t\n","protected":false},"excerpt":{"rendered":"","protected":false},"author":9,"featured_media":0,"parent":8540,"menu_order":0,"comment_status":"closed","ping_status":"closed","template":"page-blank.php","meta":{"_acf_changed":false,"footnotes":""},"class_list":["post-8568","page","type-page","status-publish","hentry"],"acf":[],"yoast_head":"<!-- This site is optimized with the Yoast SEO plugin v27.4 - https:\/\/yoast.com\/product\/yoast-seo-wordpress\/ -->\n<title>Groups - Messil\u00e4<\/title>\n<meta name=\"robots\" content=\"index, follow, max-snippet:-1, max-image-preview:large, max-video-preview:-1\" \/>\n<link rel=\"canonical\" href=\"https:\/\/messila.fi\/en\/ski-resort\/groups\/\" \/>\n<meta property=\"og:locale\" content=\"en_US\" \/>\n<meta property=\"og:type\" content=\"article\" \/>\n<meta property=\"og:title\" content=\"Groups - Messil\u00e4\" \/>\n<meta property=\"og:url\" content=\"https:\/\/messila.fi\/en\/ski-resort\/groups\/\" \/>\n<meta property=\"og:site_name\" content=\"Messil\u00e4\" \/>\n<meta property=\"article:modified_time\" content=\"2026-04-02T07:59:00+00:00\" \/>\n<meta name=\"twitter:card\" content=\"summary_large_image\" \/>\n<script type=\"application\/ld+json\" class=\"yoast-schema-graph\">{\"@context\":\"https:\\\/\\\/schema.org\",\"@graph\":[{\"@type\":\"WebPage\",\"@id\":\"https:\\\/\\\/messila.fi\\\/en\\\/ski-resort\\\/groups\\\/\",\"url\":\"https:\\\/\\\/messila.fi\\\/en\\\/ski-resort\\\/groups\\\/\",\"name\":\"Groups - Messil\u00e4\",\"isPartOf\":{\"@id\":\"https:\\\/\\\/messila.fi\\\/en\\\/#website\"},\"datePublished\":\"2024-10-04T12:00:39+00:00\",\"dateModified\":\"2026-04-02T07:59:00+00:00\",\"breadcrumb\":{\"@id\":\"https:\\\/\\\/messila.fi\\\/en\\\/ski-resort\\\/groups\\\/#breadcrumb\"},\"inLanguage\":\"en-US\",\"potentialAction\":[{\"@type\":\"ReadAction\",\"target\":[\"https:\\\/\\\/messila.fi\\\/en\\\/ski-resort\\\/groups\\\/\"]}]},{\"@type\":\"BreadcrumbList\",\"@id\":\"https:\\\/\\\/messila.fi\\\/en\\\/ski-resort\\\/groups\\\/#breadcrumb\",\"itemListElement\":[{\"@type\":\"ListItem\",\"position\":1,\"name\":\"Etusivu\",\"item\":\"https:\\\/\\\/messila.fi\\\/en\\\/\"},{\"@type\":\"ListItem\",\"position\":2,\"name\":\"Ski Resort\",\"item\":\"https:\\\/\\\/messila.fi\\\/en\\\/ski-resort\\\/\"},{\"@type\":\"ListItem\",\"position\":3,\"name\":\"Groups\"}]},{\"@type\":\"WebSite\",\"@id\":\"https:\\\/\\\/messila.fi\\\/en\\\/#website\",\"url\":\"https:\\\/\\\/messila.fi\\\/en\\\/\",\"name\":\"Messil\u00e4\",\"description\":\"Messil\u00e4 Maailma Oy\",\"potentialAction\":[{\"@type\":\"SearchAction\",\"target\":{\"@type\":\"EntryPoint\",\"urlTemplate\":\"https:\\\/\\\/messila.fi\\\/en\\\/?s={search_term_string}\"},\"query-input\":{\"@type\":\"PropertyValueSpecification\",\"valueRequired\":true,\"valueName\":\"search_term_string\"}}],\"inLanguage\":\"en-US\"}]}<\/script>\n<!-- \/ Yoast SEO plugin. -->","yoast_head_json":{"title":"Groups - Messil\u00e4","robots":{"index":"index","follow":"follow","max-snippet":"max-snippet:-1","max-image-preview":"max-image-preview:large","max-video-preview":"max-video-preview:-1"},"canonical":"https:\/\/messila.fi\/en\/ski-resort\/groups\/","og_locale":"en_US","og_type":"article","og_title":"Groups - Messil\u00e4","og_url":"https:\/\/messila.fi\/en\/ski-resort\/groups\/","og_site_name":"Messil\u00e4","article_modified_time":"2026-04-02T07:59:00+00:00","twitter_card":"summary_large_image","schema":{"@context":"https:\/\/schema.org","@graph":[{"@type":"WebPage","@id":"https:\/\/messila.fi\/en\/ski-resort\/groups\/","url":"https:\/\/messila.fi\/en\/ski-resort\/groups\/","name":"Groups - Messil\u00e4","isPartOf":{"@id":"https:\/\/messila.fi\/en\/#website"},"datePublished":"2024-10-04T12:00:39+00:00","dateModified":"2026-04-02T07:59:00+00:00","breadcrumb":{"@id":"https:\/\/messila.fi\/en\/ski-resort\/groups\/#breadcrumb"},"inLanguage":"en-US","potentialAction":[{"@type":"ReadAction","target":["https:\/\/messila.fi\/en\/ski-resort\/groups\/"]}]},{"@type":"BreadcrumbList","@id":"https:\/\/messila.fi\/en\/ski-resort\/groups\/#breadcrumb","itemListElement":[{"@type":"ListItem","position":1,"name":"Etusivu","item":"https:\/\/messila.fi\/en\/"},{"@type":"ListItem","position":2,"name":"Ski Resort","item":"https:\/\/messila.fi\/en\/ski-resort\/"},{"@type":"ListItem","position":3,"name":"Groups"}]},{"@type":"WebSite","@id":"https:\/\/messila.fi\/en\/#website","url":"https:\/\/messila.fi\/en\/","name":"Messil\u00e4","description":"Messil\u00e4 Maailma Oy","potentialAction":[{"@type":"SearchAction","target":{"@type":"EntryPoint","urlTemplate":"https:\/\/messila.fi\/en\/?s={search_term_string}"},"query-input":{"@type":"PropertyValueSpecification","valueRequired":true,"valueName":"search_term_string"}}],"inLanguage":"en-US"}]}},"_links":{"self":[{"href":"https:\/\/messila.fi\/en\/wp-json\/wp\/v2\/pages\/8568","targetHints":{"allow":["GET"]}}],"collection":[{"href":"https:\/\/messila.fi\/en\/wp-json\/wp\/v2\/pages"}],"about":[{"href":"https:\/\/messila.fi\/en\/wp-json\/wp\/v2\/types\/page"}],"author":[{"embeddable":true,"href":"https:\/\/messila.fi\/en\/wp-json\/wp\/v2\/users\/9"}],"replies":[{"embeddable":true,"href":"https:\/\/messila.fi\/en\/wp-json\/wp\/v2\/comments?post=8568"}],"version-history":[{"count":48,"href":"https:\/\/messila.fi\/en\/wp-json\/wp\/v2\/pages\/8568\/revisions"}],"predecessor-version":[{"id":21113,"href":"https:\/\/messila.fi\/en\/wp-json\/wp\/v2\/pages\/8568\/revisions\/21113"}],"up":[{"embeddable":true,"href":"https:\/\/messila.fi\/en\/wp-json\/wp\/v2\/pages\/8540"}],"wp:attachment":[{"href":"https:\/\/messila.fi\/en\/wp-json\/wp\/v2\/media?parent=8568"}],"curies":[{"name":"wp","href":"https:\/\/api.w.org\/{rel}","templated":true}]}}