{"id":8580,"date":"2024-10-04T14:07:08","date_gmt":"2024-10-04T12:07:08","guid":{"rendered":"https:\/\/messila.fi\/?page_id=8580"},"modified":"2026-04-02T09:59:28","modified_gmt":"2026-04-02T07:59:28","slug":"business-ski-passes","status":"publish","type":"page","link":"https:\/\/messila.fi\/en\/ski-resort\/business-ski-passes\/","title":{"rendered":"Business ski passes"},"content":{"rendered":"\n\t<section class=\"section dark\" id=\"section_573851956\">\n\t\t<div class=\"section-bg fill\" >\n\t\t\t\t\t\t\t\t\t<div class=\"section-bg-overlay absolute fill\"><\/div>\n\t\t\t\n\n\t\t<\/div>\n\n\t\t\n\t<div class=\"ux-shape-divider ux-shape-divider--bottom ux-shape-divider--style-waves-opacity-3\">\n\t\t<svg viewBox=\"0 0 1000 300\" xmlns=\"http:\/\/www.w3.org\/2000\/svg\" preserveAspectRatio=\"none\">\n\t<path class=\"ux-shape-fill\" opacity=\"0.05\" d=\"M1014 264V386H206L34 300C34 300 344.42 277.16 436 221C542 156 590 160 704 209C811 255 899.11 214.94 979 346L1014 264Z\"\/>\n\t<path class=\"ux-shape-fill\" opacity=\"0.1\" d=\"M-302 55C-302 55 -66.73 263.25 50 214C178 160 283 116 353 141C445.68 174.1 534.28 256.19 588 249C692.9 235 764.52 75.94 855 131C940.61 183.09 1000 254 1000 254V328L-306 338L-302 55Z\"\/>\n\t<path class=\"ux-shape-fill\" opacity=\"0.15\" d=\"M-286 255C-286 255 -72 152 52 126C176 100 255 155 436 227C581.57 284.91 614.7 277.79 708 227C787 184 1009 3.0001 1093 164C1146 265.63 1031 293 1031 293L924 377L-288 389L-286 255Z\"\/>\n\t<path class=\"ux-shape-fill\" opacity=\"0.3\" d=\"M-24 69C-24 69 275.68 370.66 389 314C397 310 622 316 673 356C690.47 369.7 845 224 890 182C944.8 130.85 1018 92 1078 143C1154.12 207.7 1196 242 1196 242L1184 374L-28 386L-24 69Z\"\/>\n\t<path class=\"ux-shape-fill\" d=\"M-12 201C-12 201 58 284 182 258C306 232 342.29 221.23 456 264C565 305 640.82 288.36 721 249C776 222 837.5 191.31 935 253C984 284 1030 279 1030 279L1024 430L-12 440V201Z\"\/>\n<\/svg>\n\t<\/div>\n\n\t\t<div class=\"section-content relative\">\n\t\t\t\n<div class=\"row\"  id=\"row-858034815\">\n\n\t<div id=\"col-164649519\" class=\"col small-12 large-12\"  >\n\t\t\t\t<div class=\"col-inner text-center text-shadow-4\"  >\n\t\t\t\n\t\t\t\n\t<div id=\"text-58442044\" class=\"text\">\n\t\t\n<h1>Business Ski Passes<\/h1>\n\t\t\n<style>\n#text-58442044 {\n  font-size: 2.25rem;\n  line-height: 1;\n}\n@media (min-width:550px) {\n  #text-58442044 {\n    font-size: 2.5rem;\n  }\n}\n@media (min-width:850px) {\n  #text-58442044 {\n    font-size: 3rem;\n  }\n}\n<\/style>\n\t<\/div>\n\t\n\t\t<\/div>\n\t\t\t\t\t<\/div>\n\n\t\n<\/div>\n\t\t<\/div>\n\n\t\t\n<style>\n#section_573851956 {\n  padding-top: 30px;\n  padding-bottom: 30px;\n  min-height: 100px;\n}\n#section_573851956 .section-bg-overlay {\n  background-color: #0077a0;\n}\n#section_573851956 .ux-shape-divider--bottom svg {\n  height: 100px;\n  --divider-width: 100%;\n}\n<\/style>\n\t<\/section>\n\t\n<div class=\"row\"  id=\"row-1703696531\">\n\n\t<div id=\"col-2017062427\" class=\"col small-12 large-12\"  >\n\t\t\t\t<div class=\"col-inner text-center\"  >\n\t\t\t\n\t\t\t\n\n<span><span><a href=\"https:\/\/messila.fi\/en\/\">Etusivu<\/a><\/span><\/span>\n\n\t\t<\/div>\n\t\t\t\t\t<\/div>\n\n\t\n<\/div>\n\n\t<section class=\"section\" id=\"section_1670547356\">\n\t\t<div class=\"section-bg fill\" >\n\t\t\t\t\t\t\t\t\t\n\t\t\t\n\n\t\t<\/div>\n\n\t\t\n\n\t\t<div class=\"section-content relative\">\n\t\t\t\n<div class=\"row\"  id=\"row-15181471\">\n\n\t<div id=\"col-1614312296\" class=\"col small-12 large-12\"  >\n\t\t\t\t<div class=\"col-inner\"  >\n\t\t\t\n\t\t\t\n\t\t<\/div>\n\t\t\t\t\t<\/div>\n\n\t\n<\/div>\n<div class=\"row align-middle\"  id=\"row-394773518\">\n\n\t<div id=\"col-977830157\" class=\"col small-12 large-12\"  >\n\t\t\t\t<div class=\"col-inner\"  >\n\t\t\t\n\t\t\t\n<h2>Season- and ski pass prices for businesses 25\/26\u00a0<\/h2>\n<p>Messil\u00e4 Ski Resort offers a variety of options for businesses and associations seeking to broaden their wellness services for their staff and active members. Messil\u00e4 offer both discount codes and business Ski Passes for businesses and associations. Please find the detailed descriptions for both options below.<\/p>\n<p>All contracts and agreements are done for one season.<\/p>\n<h3 class=\"uppercase\">Sales Services<\/h3>\n<div>\n<div>Messil\u00e4&#8217;s sales services is located in Hotel Messil\u00e4. Please find the contact information for Messil\u00e4&#8217;s sales services below.<\/div>\n<div>\u00a0<\/div>\n<div>Tel +358 3 860 11<\/div>\n<div>Email: <a href=\"mailto:messila@messila.fi\" target=\"_blank\" rel=\"noopener\">messila@messila.fi<\/a><\/div>\n<\/div>\n\t\t<\/div>\n\t\t\t\t\t<\/div>\n\n\t\n<\/div>\n<div class=\"row row-solid\"  id=\"row-2047203473\">\n\n\t<div id=\"col-1198407852\" class=\"col medium-6 small-12 large-6\"  >\n\t\t\t\t<div class=\"col-inner\"  >\n\t\t\t\n\t\t\t\n<h3>Contract for businesses on ski passes<\/h3>\n<p>We recommend that businesses sign contracts before the ski season opens, so that they can get the most benefit out of their ski passes to Messil\u00e4.<\/p>\n<p>By signing the contract, businesses agree to the terms, conditions and guidelines below.<\/p>\n<h3>Contract for businesses on ski passes in practice<\/h3>\n<p>With the contract for businesses you can receive a discount on ski passes to Messil\u00e4&#8217;s slopes, when loading your ski pass, by using a discount code on our <a href=\"https:\/\/messila.skiperformance.com\/fi\/store#\/fi\/buy?skugroup_id=827\">online store<\/a>.<\/p>\n<p>When loading your keycard on Messil\u00e4&#8217;s online store, you must fill in your name and age information. Messil\u00e4 will invoice the used codes and ski passes afterward and provide a list of used tickets. The business signing the contract with Messil\u00e4 is responsible for ensuring that the codes provided in the contract are not abused and only authorized persons use the code. The business signing the contract is obligated to pay for all ticket orders made with the business contract code. In order for the contract to be valid, the business must have a valid business ID. Messil\u00e4 will also review the businesses&#8217; credit information.<\/p>\n<p>Businesses entering a contract with Messil\u00e4 will receive more detailed instructions on how to use the codes after the contract is signed.<\/p>\n<h3>Keycard\u00a0<\/h3>\n<p>Every skier must have a reusable keycard for their ticket. The keycard used in Messil\u00e4 is also useable in several ski resorts in Finland and in hundreds of ski resorts internationally. Please note that one keycard can house only one ski pass at a time. Lift tickets are personal, but keycards are not. More than one person can use the same keycard, but not at the same time. Keycards are reusable.\u00a0 \u00a0 \u00a0 \u00a0 \u00a0 \u00a0 \u00a0 \u00a0 \u00a0 \u00a0 \u00a0 \u00a0 \u00a0 \u00a0 \u00a0 \u00a0 \u00a0 \u00a0 \u00a0 \u00a0 \u00a0 \u00a0 \u00a0 \u00a0 \u00a0 \u00a0 \u00a0 \u00a0 \u00a0 \u00a0 \u00a0 \u00a0 \u00a0 \u00a0 \u00a0 \u00a0 .<\/p>\n\t\t<\/div>\n\t\t\t\t\t<\/div>\n\n\t\n\n\t<div id=\"col-939643238\" class=\"col medium-6 small-12 large-6\"  >\n\t\t\t\t<div class=\"col-inner\"  >\n\t\t\t\n\t\t\t\n<h3>Season Passes for Businesses<\/h3>\n<p>Businesses can purchase one or more business season passes. The business season pass it can be used by more than one person and it is not tied to one person&#8217;s identity. When you purchase more than one season pass, you will receive a discount for the additional season passes you purchase.<\/p>\n<h3>Price list for 2025-2026<\/h3>\n<ul>\n<li>Business Season Pass 1100 \u20ac<\/li>\n<li>Discounted price for Season Pass after the first 1000 \u20ac<\/li>\n<li>Storage at Messil\u00e4&#8217;s Ticket Sales office 50 \u20ac per season<\/li>\n<\/ul>\n<p>Businesses can store their Business Season Passes at Messil\u00e4&#8217;s Ticket S\u00e4le Office, of which Messil\u00e4 collect a storage fee. In this case we require the business to deliver a list of people authorized to use the season pass via email. Businesses can also notify Messil\u00e4&#8217;s ticket Sales office of a reservation list and schedule of their Business Season pass. In this case, the Ticket Sales Office will ahnd the Business Season pass over to only the person on the reservation list.<\/p>\n<p>The email address for the Ticket Sales Office is: <a href=\"mailto:lipunmyynti@messila.fi\">lipunmyynti@messila.fi<\/a><\/p>\n<h3>Payment Method<\/h3>\n<p>The invoicing happens when a business orders a Business Season pass. messil\u00e4 will send an invoice within two days of the time, when the signed Business Season Pass contract has been delivered to Messil\u00e4&#8217;s sales services. The Business Season pass is handed over to the business when the payment of the season pass is registered in Messil\u00e4&#8217;s system. The invoicing fee is 8 \u20ac. All prices include tax.<\/p>\n\t\t<\/div>\n\t\t\t\t\t<\/div>\n\n\t\n<\/div>\n<div class=\"row\"  id=\"row-1479530669\">\n\n\t<div id=\"col-2030058462\" class=\"col small-12 large-12\"  >\n\t\t\t\t<div class=\"col-inner\"  >\n\t\t\t\n\t\t\t\n<div>\n<div>\n<h2>Please note:<\/h2>\n<ul>\n<li>Opening hours may vary depending on snow and weather conditions or visitor numbers. Resort staff may open or close the ski resort, lifts, slopes, or other service areas as necessary.<\/li>\n<li>On weekdays, the opening hours of certain slopes or lifts may be adjusted based on visitor numbers<\/li>\n<li>Up-to-date weekly opening hours can be found on Messil\u00e4\u2019s website.\n<p data-start=\"150\" data-end=\"503\"><br data-start=\"332\" data-end=\"335\" \/>.<br data-start=\"434\" data-end=\"437\" \/><\/p>\n<\/li>\n<\/ul>\n<\/div>\n<p>\u00a0<\/p>\n<\/div>\n\t\t<\/div>\n\t\t\t\t\t<\/div>\n\n\t\n<\/div>\n\t\t<\/div>\n\n\t\t\n<style>\n#section_1670547356 {\n  padding-top: 75px;\n  padding-bottom: 75px;\n  background-color: rgb(255,255,255);\n}\n<\/style>\n\t<\/section>\n\t\n","protected":false},"excerpt":{"rendered":"","protected":false},"author":9,"featured_media":0,"parent":8540,"menu_order":0,"comment_status":"closed","ping_status":"closed","template":"page-blank.php","meta":{"_acf_changed":false,"footnotes":""},"class_list":["post-8580","page","type-page","status-publish","hentry"],"acf":[],"yoast_head":"<!-- This site is optimized with the Yoast SEO plugin v27.3 - https:\/\/yoast.com\/product\/yoast-seo-wordpress\/ -->\n<title>Business ski passes - Messil\u00e4<\/title>\n<meta name=\"robots\" content=\"index, follow, max-snippet:-1, max-image-preview:large, max-video-preview:-1\" \/>\n<link rel=\"canonical\" href=\"https:\/\/messila.fi\/en\/ski-resort\/business-ski-passes\/\" \/>\n<meta property=\"og:locale\" content=\"en_US\" \/>\n<meta property=\"og:type\" content=\"article\" \/>\n<meta property=\"og:title\" content=\"Business ski passes - Messil\u00e4\" \/>\n<meta property=\"og:url\" content=\"https:\/\/messila.fi\/en\/ski-resort\/business-ski-passes\/\" \/>\n<meta property=\"og:site_name\" content=\"Messil\u00e4\" \/>\n<meta property=\"article:modified_time\" content=\"2026-04-02T07:59:28+00:00\" \/>\n<meta name=\"twitter:card\" content=\"summary_large_image\" \/>\n<script type=\"application\/ld+json\" class=\"yoast-schema-graph\">{\"@context\":\"https:\\\/\\\/schema.org\",\"@graph\":[{\"@type\":\"WebPage\",\"@id\":\"https:\\\/\\\/messila.fi\\\/en\\\/ski-resort\\\/business-ski-passes\\\/\",\"url\":\"https:\\\/\\\/messila.fi\\\/en\\\/ski-resort\\\/business-ski-passes\\\/\",\"name\":\"Business ski passes - Messil\u00e4\",\"isPartOf\":{\"@id\":\"https:\\\/\\\/messila.fi\\\/en\\\/#website\"},\"datePublished\":\"2024-10-04T12:07:08+00:00\",\"dateModified\":\"2026-04-02T07:59:28+00:00\",\"breadcrumb\":{\"@id\":\"https:\\\/\\\/messila.fi\\\/en\\\/ski-resort\\\/business-ski-passes\\\/#breadcrumb\"},\"inLanguage\":\"en-US\",\"potentialAction\":[{\"@type\":\"ReadAction\",\"target\":[\"https:\\\/\\\/messila.fi\\\/en\\\/ski-resort\\\/business-ski-passes\\\/\"]}]},{\"@type\":\"BreadcrumbList\",\"@id\":\"https:\\\/\\\/messila.fi\\\/en\\\/ski-resort\\\/business-ski-passes\\\/#breadcrumb\",\"itemListElement\":[{\"@type\":\"ListItem\",\"position\":1,\"name\":\"Etusivu\",\"item\":\"https:\\\/\\\/messila.fi\\\/en\\\/\"},{\"@type\":\"ListItem\",\"position\":2,\"name\":\"Ski Resort\",\"item\":\"https:\\\/\\\/messila.fi\\\/en\\\/ski-resort\\\/\"},{\"@type\":\"ListItem\",\"position\":3,\"name\":\"Business ski passes\"}]},{\"@type\":\"WebSite\",\"@id\":\"https:\\\/\\\/messila.fi\\\/en\\\/#website\",\"url\":\"https:\\\/\\\/messila.fi\\\/en\\\/\",\"name\":\"Messil\u00e4\",\"description\":\"Messil\u00e4 Maailma Oy\",\"potentialAction\":[{\"@type\":\"SearchAction\",\"target\":{\"@type\":\"EntryPoint\",\"urlTemplate\":\"https:\\\/\\\/messila.fi\\\/en\\\/?s={search_term_string}\"},\"query-input\":{\"@type\":\"PropertyValueSpecification\",\"valueRequired\":true,\"valueName\":\"search_term_string\"}}],\"inLanguage\":\"en-US\"}]}<\/script>\n<!-- \/ Yoast SEO plugin. -->","yoast_head_json":{"title":"Business ski passes - Messil\u00e4","robots":{"index":"index","follow":"follow","max-snippet":"max-snippet:-1","max-image-preview":"max-image-preview:large","max-video-preview":"max-video-preview:-1"},"canonical":"https:\/\/messila.fi\/en\/ski-resort\/business-ski-passes\/","og_locale":"en_US","og_type":"article","og_title":"Business ski passes - Messil\u00e4","og_url":"https:\/\/messila.fi\/en\/ski-resort\/business-ski-passes\/","og_site_name":"Messil\u00e4","article_modified_time":"2026-04-02T07:59:28+00:00","twitter_card":"summary_large_image","schema":{"@context":"https:\/\/schema.org","@graph":[{"@type":"WebPage","@id":"https:\/\/messila.fi\/en\/ski-resort\/business-ski-passes\/","url":"https:\/\/messila.fi\/en\/ski-resort\/business-ski-passes\/","name":"Business ski passes - Messil\u00e4","isPartOf":{"@id":"https:\/\/messila.fi\/en\/#website"},"datePublished":"2024-10-04T12:07:08+00:00","dateModified":"2026-04-02T07:59:28+00:00","breadcrumb":{"@id":"https:\/\/messila.fi\/en\/ski-resort\/business-ski-passes\/#breadcrumb"},"inLanguage":"en-US","potentialAction":[{"@type":"ReadAction","target":["https:\/\/messila.fi\/en\/ski-resort\/business-ski-passes\/"]}]},{"@type":"BreadcrumbList","@id":"https:\/\/messila.fi\/en\/ski-resort\/business-ski-passes\/#breadcrumb","itemListElement":[{"@type":"ListItem","position":1,"name":"Etusivu","item":"https:\/\/messila.fi\/en\/"},{"@type":"ListItem","position":2,"name":"Ski Resort","item":"https:\/\/messila.fi\/en\/ski-resort\/"},{"@type":"ListItem","position":3,"name":"Business ski passes"}]},{"@type":"WebSite","@id":"https:\/\/messila.fi\/en\/#website","url":"https:\/\/messila.fi\/en\/","name":"Messil\u00e4","description":"Messil\u00e4 Maailma Oy","potentialAction":[{"@type":"SearchAction","target":{"@type":"EntryPoint","urlTemplate":"https:\/\/messila.fi\/en\/?s={search_term_string}"},"query-input":{"@type":"PropertyValueSpecification","valueRequired":true,"valueName":"search_term_string"}}],"inLanguage":"en-US"}]}},"_links":{"self":[{"href":"https:\/\/messila.fi\/en\/wp-json\/wp\/v2\/pages\/8580","targetHints":{"allow":["GET"]}}],"collection":[{"href":"https:\/\/messila.fi\/en\/wp-json\/wp\/v2\/pages"}],"about":[{"href":"https:\/\/messila.fi\/en\/wp-json\/wp\/v2\/types\/page"}],"author":[{"embeddable":true,"href":"https:\/\/messila.fi\/en\/wp-json\/wp\/v2\/users\/9"}],"replies":[{"embeddable":true,"href":"https:\/\/messila.fi\/en\/wp-json\/wp\/v2\/comments?post=8580"}],"version-history":[{"count":14,"href":"https:\/\/messila.fi\/en\/wp-json\/wp\/v2\/pages\/8580\/revisions"}],"predecessor-version":[{"id":21115,"href":"https:\/\/messila.fi\/en\/wp-json\/wp\/v2\/pages\/8580\/revisions\/21115"}],"up":[{"embeddable":true,"href":"https:\/\/messila.fi\/en\/wp-json\/wp\/v2\/pages\/8540"}],"wp:attachment":[{"href":"https:\/\/messila.fi\/en\/wp-json\/wp\/v2\/media?parent=8580"}],"curies":[{"name":"wp","href":"https:\/\/api.w.org\/{rel}","templated":true}]}}