{"id":8622,"date":"2024-10-04T14:30:49","date_gmt":"2024-10-04T12:30:49","guid":{"rendered":"https:\/\/messila.fi\/?page_id=8622"},"modified":"2026-04-02T09:58:35","modified_gmt":"2026-04-02T07:58:35","slug":"skibus","status":"publish","type":"page","link":"https:\/\/messila.fi\/en\/skibus\/","title":{"rendered":"SkiBus"},"content":{"rendered":"\n\t<section class=\"section dark\" id=\"section_22163910\">\n\t\t<div class=\"section-bg fill\" >\n\t\t\t\t\t\t\t\t\t\n\t\t\t\n\n\t\t<\/div>\n\n\t\t\n\t<div class=\"ux-shape-divider ux-shape-divider--bottom ux-shape-divider--style-waves-opacity-3\">\n\t\t<svg viewBox=\"0 0 1000 300\" xmlns=\"http:\/\/www.w3.org\/2000\/svg\" preserveAspectRatio=\"none\">\n\t<path class=\"ux-shape-fill\" opacity=\"0.05\" d=\"M1014 264V386H206L34 300C34 300 344.42 277.16 436 221C542 156 590 160 704 209C811 255 899.11 214.94 979 346L1014 264Z\"\/>\n\t<path class=\"ux-shape-fill\" opacity=\"0.1\" d=\"M-302 55C-302 55 -66.73 263.25 50 214C178 160 283 116 353 141C445.68 174.1 534.28 256.19 588 249C692.9 235 764.52 75.94 855 131C940.61 183.09 1000 254 1000 254V328L-306 338L-302 55Z\"\/>\n\t<path class=\"ux-shape-fill\" opacity=\"0.15\" d=\"M-286 255C-286 255 -72 152 52 126C176 100 255 155 436 227C581.57 284.91 614.7 277.79 708 227C787 184 1009 3.0001 1093 164C1146 265.63 1031 293 1031 293L924 377L-288 389L-286 255Z\"\/>\n\t<path class=\"ux-shape-fill\" opacity=\"0.3\" d=\"M-24 69C-24 69 275.68 370.66 389 314C397 310 622 316 673 356C690.47 369.7 845 224 890 182C944.8 130.85 1018 92 1078 143C1154.12 207.7 1196 242 1196 242L1184 374L-28 386L-24 69Z\"\/>\n\t<path class=\"ux-shape-fill\" d=\"M-12 201C-12 201 58 284 182 258C306 232 342.29 221.23 456 264C565 305 640.82 288.36 721 249C776 222 837.5 191.31 935 253C984 284 1030 279 1030 279L1024 430L-12 440V201Z\"\/>\n<\/svg>\n\t<\/div>\n\n\t\t<div class=\"section-content relative\">\n\t\t\t\n<div class=\"row\"  id=\"row-327564827\">\n\n\t<div id=\"col-1833503537\" class=\"col small-12 large-12\"  >\n\t\t\t\t<div class=\"col-inner text-center text-shadow-4\"  >\n\t\t\t\n\t\t\t\n\t<div id=\"text-808348\" class=\"text\">\n\t\t\n<h1>SkiBus<\/h1>\n\t\t\n<style>\n#text-808348 {\n  font-size: 2.25rem;\n  line-height: 1;\n}\n@media (min-width:550px) {\n  #text-808348 {\n    font-size: 2.5rem;\n  }\n}\n@media (min-width:850px) {\n  #text-808348 {\n    font-size: 3rem;\n  }\n}\n<\/style>\n\t<\/div>\n\t\n\t\t<\/div>\n\t\t\t\t\t<\/div>\n\n\t\n<\/div>\n\t\t<\/div>\n\n\t\t\n<style>\n#section_22163910 {\n  padding-top: 30px;\n  padding-bottom: 30px;\n  min-height: 100px;\n  background-color: #0077a0;\n}\n#section_22163910 .ux-shape-divider--bottom svg {\n  height: 100px;\n  --divider-width: 100%;\n}\n<\/style>\n\t<\/section>\n\t\n<div class=\"row\"  id=\"row-1878058136\">\n\n\t<div id=\"col-914176524\" class=\"col small-12 large-12\"  >\n\t\t\t\t<div class=\"col-inner text-center\"  >\n\t\t\t\n\t\t\t\n\n<span><span><a href=\"https:\/\/messila.fi\/en\/\">Etusivu<\/a><\/span><\/span>\n\n\t\t<\/div>\n\t\t\t\t\t<\/div>\n\n\t\n<\/div>\n\n\t<section class=\"section\" id=\"section_354913739\">\n\t\t<div class=\"section-bg fill\" >\n\t\t\t\t\t\t\t\t\t\n\t\t\t\n\n\t\t<\/div>\n\n\t\t\n\n\t\t<div class=\"section-content relative\">\n\t\t\t\n<div class=\"row\"  id=\"row-995737836\">\n\n\t<div id=\"col-1129552365\" class=\"col small-12 large-12\"  >\n\t\t\t\t<div class=\"col-inner\"  >\n\t\t\t\n\t\t\t\n\t<div class=\"img has-hover x md-x lg-x y md-y lg-y\" id=\"image_712024294\">\n\t\t\t\t\t\t\t\t<div class=\"img-inner dark\" >\n\t\t\t<img loading=\"lazy\" decoding=\"async\" width=\"1020\" height=\"114\" src=\"https:\/\/messila.fi\/wp-content\/uploads\/2021\/12\/reissuruoti-logo-1024x114.jpg\" class=\"attachment-large size-large\" alt=\"\" srcset=\"https:\/\/messila.fi\/wp-content\/uploads\/2021\/12\/reissuruoti-logo-1024x114.jpg 1024w, https:\/\/messila.fi\/wp-content\/uploads\/2021\/12\/reissuruoti-logo-300x33.jpg 300w, https:\/\/messila.fi\/wp-content\/uploads\/2021\/12\/reissuruoti-logo-768x85.jpg 768w, https:\/\/messila.fi\/wp-content\/uploads\/2021\/12\/reissuruoti-logo-1536x170.jpg 1536w, https:\/\/messila.fi\/wp-content\/uploads\/2021\/12\/reissuruoti-logo-2048x227.jpg 2048w\" sizes=\"auto, (max-width: 1020px) 100vw, 1020px\" \/>\t\t\t\t\t\t\n\t\t\t\t\t<\/div>\n\t\t\t\t\t\t\t\t\n<style>\n#image_712024294 {\n  width: 100%;\n}\n<\/style>\n\t<\/div>\n\t\n\t\t<\/div>\n\t\t\t\t\t<\/div>\n\n\t\n<\/div>\n<div class=\"row align-center\"  id=\"row-1537223274\">\n\n\t<div id=\"col-1450865130\" class=\"col small-12 large-12\"  >\n\t\t\t\t<div class=\"col-inner\"  >\n\t\t\t\n\t\t\t\n<p class=\"lead\" style=\"text-align: center;\">The<span data-olk-copy-source=\"MessageBody\"> most convenient way of getting to Messil\u00e4 from the Helsinki capitol area is to hop onto the SkiBus<\/span>. Ski Express runs based on advance bookings, so if you wish to ensure you have a seat on the bus, be sure to book it in advance according to the guidelines below.<\/p>\n\t\t<\/div>\n\t\t\t\t\t<\/div>\n\n\t\n<\/div>\n<div class=\"row align-middle\"  id=\"row-1655302153\">\n\n\t<div id=\"col-1096094142\" class=\"col medium-6 small-12 large-6 small-col-first\"  >\n\t\t\t\t<div class=\"col-inner\"  >\n\t\t\t\n\t\t\t\n\t<div class=\"img has-hover x md-x lg-x y md-y lg-y\" id=\"image_1521231112\">\n\t\t\t\t\t\t\t\t<div class=\"img-inner image-cover dark\" style=\"padding-top:100%;\">\n\t\t\t<img loading=\"lazy\" decoding=\"async\" width=\"1020\" height=\"959\" src=\"https:\/\/messila.fi\/wp-content\/uploads\/2023\/11\/auto4-1024x963.jpeg\" class=\"attachment-large size-large\" alt=\"\" srcset=\"https:\/\/messila.fi\/wp-content\/uploads\/2023\/11\/auto4-1024x963.jpeg 1024w, https:\/\/messila.fi\/wp-content\/uploads\/2023\/11\/auto4-300x282.jpeg 300w, https:\/\/messila.fi\/wp-content\/uploads\/2023\/11\/auto4-768x722.jpeg 768w, https:\/\/messila.fi\/wp-content\/uploads\/2023\/11\/auto4.jpeg 1174w\" sizes=\"auto, (max-width: 1020px) 100vw, 1020px\" \/>\t\t\t\t\t\t\n\t\t\t\t\t<\/div>\n\t\t\t\t\t\t\t\t\n<style>\n#image_1521231112 {\n  width: 100%;\n}\n<\/style>\n\t<\/div>\n\t\n\t\t<\/div>\n\t\t\t\t\t<\/div>\n\n\t\n\n\t<div id=\"col-61383577\" class=\"col medium-6 small-12 large-6\"  >\n\t\t\t\t<div class=\"col-inner\"  >\n\t\t\t\n\t\t\t\n<h2><span style=\"font-size: 100%;\"><span data-olk-copy-source=\"MessageBody\">Ski season 25\/26<\/span><\/span><\/h2>\n<p><span data-olk-copy-source=\"MessageBody\">SkiBus operates between the Helsinki capitol area and Messil\u00e4 every Saturday<\/span>.<\/p>\n<ul>\n<li>Taking the SkiBus requires you to book your trip in advance.<\/li>\n<li>The advance booking is binding and must be made by 12 PM on Friday the week of the trip.<\/li>\n<li><a href=\"https:\/\/www.reissuruoti.fi\/uutiset\/messila-skiexpress-rinnebussi-info\/\">Book your trip on the Reissu Ruoti website with the signup sheet.<\/a><\/li>\n<li>Please fill in all the required sections of the signup sheet and remember that every passenger needs to fill out their own signup sheet.<\/li>\n<li>Payment only with card.<\/li>\n<\/ul>\n<div class=\"row\"  id=\"row-656295694\">\n\n\t<div id=\"col-1302110053\" class=\"col medium-7 small-12 large-7\"  >\n\t\t\t\t<div class=\"col-inner\"  >\n\t\t\t\n\t\t\t\n<h5 class=\"uppercase\"><span lang=\"EN-US\">Contact information<\/span><\/h5>\n<div>tel. +358 29 170 0120<\/div>\n<div>email asiakaspalvelu@reissuruoti.fi<\/div>\n<div>\u00a0<\/div>\n\t\t<\/div>\n\t\t\t\t\t<\/div>\n\n\t\n\n\t<div id=\"col-1374080728\" class=\"col medium-5 small-12 large-5\"  >\n\t\t\t\t<div class=\"col-inner\"  >\n\t\t\t\n\t\t\t\n\t<div id=\"gap-1221069506\" class=\"gap-element clearfix hide-for-medium\" style=\"display:block; height:auto;\">\n\t\t\n<style>\n#gap-1221069506 {\n  padding-top: 30px;\n}\n<\/style>\n\t<\/div>\n\t\n<a href=\"https:\/\/www.reissuruoti.fi\/uutiset\/messila-skiexpress-rinnebussi-info\/\" target=\"_blank\" class=\"button primary\" rel=\"noopener\" style=\"border-radius:99px;\">\n\t\t<span>Website<\/span>\n\t<i class=\"icon-angle-right\" aria-hidden=\"true\"><\/i><\/a>\n\n\t\t<\/div>\n\t\t\t\t\t<\/div>\n\n\t\n<\/div>\n\t\t<\/div>\n\t\t\t\t\t<\/div>\n\n\t\n<\/div>\n<div class=\"row align-middle\"  id=\"row-1667919698\">\n\n\t<div id=\"col-1471138452\" class=\"col medium-6 small-12 large-6\"  >\n\t\t\t\t<div class=\"col-inner\"  >\n\t\t\t\n\t\t\t\n<h2><span style=\"font-size: 100%;\">SkiBus -package<\/span><\/h2>\n<p><span lang=\"EN-US\" data-olk-copy-source=\"MessageBody\">6 hour ski pass and roundtrip \u20ac 65 pr person. The single use keycard is included in the price.<\/span><\/p>\n<p class=\"x_MsoNormal\">During the winter season 25\/26, Reissu Ruoti will operate, in additon to the SkiExperess bus, a separate transport service from Marolankatu (Lahti city center) to Messil\u00e4 and back!<\/p>\n<a href=\"https:\/\/fienta.com\/fi\/s\/skiexpress\" target=\"_blank\" class=\"button primary\" rel=\"noopener\" style=\"border-radius:99px;\">\n\t\t<span>Book your trip!<\/span>\n\t<i class=\"icon-angle-right\" aria-hidden=\"true\"><\/i><\/a>\n\n<h2><span style=\"font-size: 100%;\">Group bookings<\/span><\/h2>\n<p><span data-olk-copy-source=\"MessageBody\">For larger groups we recommend a group booking with Reissu Ruoti. For your convenience, it is recommended that you book a ride for your group well in advance on the Reissu Ruoti <\/span><span data-olk-copy-source=\"MessageBody\">website.<\/span><\/p>\n\t\t<\/div>\n\t\t\t\t\t<\/div>\n\n\t\n\n\t<div id=\"col-1801484664\" class=\"col medium-6 small-12 large-6 small-col-first\"  >\n\t\t\t\t<div class=\"col-inner\"  >\n\t\t\t\n\t\t\t\n\n\n<table id=\"tablepress-16\" class=\"tablepress tablepress-id-16\">\n<thead>\n<tr class=\"row-1\">\n\t<th class=\"column-1\">Bus stop  <\/th><th class=\"column-2\">Departure <\/th><th class=\"column-3\">Return<\/th>\n<\/tr>\n<\/thead>\n<tbody class=\"row-hover\">\n<tr class=\"row-2\">\n\t<td class=\"column-1\">Iso Omena shopping center, Espoo: Piispanaukio bus stop E3111<\/td><td class=\"column-2\">8.25<\/td><td class=\"column-3\">approx. 20.15<\/td>\n<\/tr>\n<tr class=\"row-3\">\n\t<td class=\"column-1\">Etel\u00e4inen Rautatienkatu 10, Autotalo parking lot<\/td><td class=\"column-2\">approx. 8.40<\/td><td class=\"column-3\">approx. 20.00<\/td>\n<\/tr>\n<tr class=\"row-4\">\n\t<td class=\"column-1\">Turunlinnantie 16,<br \/>\nbus stop outside of Tallinn Square<\/td><td class=\"column-2\">approx. 9.05<\/td><td class=\"column-3\">approx. 19.35<\/td>\n<\/tr>\n<tr class=\"row-5\">\n\t<td class=\"column-1\">Tikkurila station<br \/>\n(in front of the Hotel Vantaa)<\/td><td class=\"column-2\">approx. 9.30<\/td><td class=\"column-3\">approx. 19.10<\/td>\n<\/tr>\n<tr class=\"row-6\">\n\t<td class=\"column-1\">M\u00e4nts\u00e4l\u00e4 bus station, Yhdystie 1<\/td><td class=\"column-2\">approx. 10.10<\/td><td class=\"column-3\">approx. 18.30<\/td>\n<\/tr>\n<tr class=\"row-7\">\n\t<td class=\"column-1\">Renkom\u00e4ki ABC (bus parking area)<\/td><td class=\"column-2\">approx. 10.40<\/td><td class=\"column-3\">approx. 18.00<\/td>\n<\/tr>\n<tr class=\"row-8\">\n\t<td class=\"column-1\">Messil\u00e4<\/td><td class=\"column-2\">11<\/td><td class=\"column-3\">17.30<\/td>\n<\/tr>\n<\/tbody>\n<\/table>\n<!-- #tablepress-16 from cache -->\n\n\t\t<\/div>\n\t\t\t\t\t<\/div>\n\n\t\n<\/div>\n<div class=\"row\"  id=\"row-1834871005\">\n\n\t<div id=\"col-2123672263\" class=\"col medium-6 small-12 large-6\"  >\n\t\t\t\t<div class=\"col-inner\"  >\n\t\t\t\n\t\t\t\n\n\n<table id=\"tablepress-100\" class=\"tablepress tablepress-id-100\">\n<thead>\n<tr class=\"row-1\">\n\t<th class=\"column-1\">TRANSPORT PRICES WITHOUT A SKI PASS<\/th><td class=\"column-2\"><\/td>\n<\/tr>\n<\/thead>\n<tbody class=\"row-striping row-hover\">\n<tr class=\"row-2\">\n\t<td class=\"column-1\">Espoo - Messil\u00e4 - Espoo (round trip)<\/td><td class=\"column-2\">\u20ac40<\/td>\n<\/tr>\n<tr class=\"row-3\">\n\t<td class=\"column-1\">Espoo - Messil\u00e4 OR Messil\u00e4 - Espoo (one way)<\/td><td class=\"column-2\">\u20ac25<\/td>\n<\/tr>\n<tr class=\"row-4\">\n\t<td class=\"column-1\">Renkom\u00e4ki ABC - Messil\u00e4 - Renkom\u00e4ki ABC<\/td><td class=\"column-2\">\u20ac10<\/td>\n<\/tr>\n<tr class=\"row-5\">\n\t<td class=\"column-1\">Renkom\u00e4ki ABC - Messil\u00e4<\/td><td class=\"column-2\">\u20ac7<\/td>\n<\/tr>\n<tr class=\"row-6\">\n\t<td class=\"column-1\">Messil\u00e4 - Renkom\u00e4ki ABC<\/td><td class=\"column-2\">\u20ac7<\/td>\n<\/tr>\n<tr class=\"row-7\">\n\t<td class=\"column-1\"><\/td><td class=\"column-2\"><\/td>\n<\/tr>\n<tr class=\"row-8\">\n\t<td class=\"column-1\">Marolankatu - Messil\u00e4 - Marolankatu<\/td><td class=\"column-2\">\u20ac10<\/td>\n<\/tr>\n<tr class=\"row-9\">\n\t<td class=\"column-1\">Marolankatu - Messil\u00e4<\/td><td class=\"column-2\">\u20ac7<\/td>\n<\/tr>\n<tr class=\"row-10\">\n\t<td class=\"column-1\">Messil\u00e4 - Marolankatu<\/td><td class=\"column-2\">\u20ac7<\/td>\n<\/tr>\n<\/tbody>\n<\/table>\n<!-- #tablepress-100 from cache -->\n\n\t\t<\/div>\n\t\t\t\t\t<\/div>\n\n\t\n\n\t<div id=\"col-540825013\" class=\"col medium-6 small-12 large-6\"  >\n\t\t\t\t<div class=\"col-inner\"  >\n\t\t\t\n\t\t\t\n\n\n<table id=\"tablepress-99\" class=\"tablepress tablepress-id-99\">\n<thead>\n<tr class=\"row-1\">\n\t<th class=\"column-1\">MAROLANKATU - MESSIL\u00c4<\/th><th class=\"column-2\">DEPARTURE<\/th><th class=\"column-3\">RETURN<\/th>\n<\/tr>\n<\/thead>\n<tbody class=\"row-striping row-hover\">\n<tr class=\"row-2\">\n\t<td class=\"column-1\">Marolankatu charter stop<\/td><td class=\"column-2\">11.55<\/td><td class=\"column-3\">17.45<\/td>\n<\/tr>\n<tr class=\"row-3\">\n\t<td class=\"column-1\">Messil\u00e4<\/td><td class=\"column-2\">12.10<\/td><td class=\"column-3\">17.30<\/td>\n<\/tr>\n<\/tbody>\n<\/table>\n<!-- #tablepress-99 from cache -->\n\n\t\t<\/div>\n\t\t\t\t\t<\/div>\n\n\t\n<\/div>\n\t\t<\/div>\n\n\t\t\n<style>\n#section_354913739 {\n  padding-top: 75px;\n  padding-bottom: 75px;\n  background-color: rgb(255,255,255);\n}\n<\/style>\n\t<\/section>\n\t\n","protected":false},"excerpt":{"rendered":"","protected":false},"author":9,"featured_media":0,"parent":0,"menu_order":0,"comment_status":"closed","ping_status":"closed","template":"page-blank.php","meta":{"_acf_changed":false,"footnotes":""},"class_list":["post-8622","page","type-page","status-publish","hentry"],"acf":[],"yoast_head":"<!-- This site is optimized with the Yoast SEO plugin v27.3 - https:\/\/yoast.com\/product\/yoast-seo-wordpress\/ -->\n<title>SkiBus - Messil\u00e4<\/title>\n<meta name=\"robots\" content=\"index, follow, max-snippet:-1, max-image-preview:large, max-video-preview:-1\" \/>\n<link rel=\"canonical\" href=\"https:\/\/messila.fi\/en\/skibus\/\" \/>\n<meta property=\"og:locale\" content=\"en_US\" \/>\n<meta property=\"og:type\" content=\"article\" \/>\n<meta property=\"og:title\" content=\"SkiBus - Messil\u00e4\" \/>\n<meta property=\"og:url\" content=\"https:\/\/messila.fi\/en\/skibus\/\" \/>\n<meta property=\"og:site_name\" content=\"Messil\u00e4\" \/>\n<meta property=\"article:modified_time\" content=\"2026-04-02T07:58:35+00:00\" \/>\n<meta name=\"twitter:card\" content=\"summary_large_image\" \/>\n<script type=\"application\/ld+json\" class=\"yoast-schema-graph\">{\"@context\":\"https:\\\/\\\/schema.org\",\"@graph\":[{\"@type\":\"WebPage\",\"@id\":\"https:\\\/\\\/messila.fi\\\/en\\\/skibus\\\/\",\"url\":\"https:\\\/\\\/messila.fi\\\/en\\\/skibus\\\/\",\"name\":\"SkiBus - Messil\u00e4\",\"isPartOf\":{\"@id\":\"https:\\\/\\\/messila.fi\\\/en\\\/#website\"},\"datePublished\":\"2024-10-04T12:30:49+00:00\",\"dateModified\":\"2026-04-02T07:58:35+00:00\",\"breadcrumb\":{\"@id\":\"https:\\\/\\\/messila.fi\\\/en\\\/skibus\\\/#breadcrumb\"},\"inLanguage\":\"en-US\",\"potentialAction\":[{\"@type\":\"ReadAction\",\"target\":[\"https:\\\/\\\/messila.fi\\\/en\\\/skibus\\\/\"]}]},{\"@type\":\"BreadcrumbList\",\"@id\":\"https:\\\/\\\/messila.fi\\\/en\\\/skibus\\\/#breadcrumb\",\"itemListElement\":[{\"@type\":\"ListItem\",\"position\":1,\"name\":\"Etusivu\",\"item\":\"https:\\\/\\\/messila.fi\\\/en\\\/\"},{\"@type\":\"ListItem\",\"position\":2,\"name\":\"SkiBus\"}]},{\"@type\":\"WebSite\",\"@id\":\"https:\\\/\\\/messila.fi\\\/en\\\/#website\",\"url\":\"https:\\\/\\\/messila.fi\\\/en\\\/\",\"name\":\"Messil\u00e4\",\"description\":\"Messil\u00e4 Maailma Oy\",\"potentialAction\":[{\"@type\":\"SearchAction\",\"target\":{\"@type\":\"EntryPoint\",\"urlTemplate\":\"https:\\\/\\\/messila.fi\\\/en\\\/?s={search_term_string}\"},\"query-input\":{\"@type\":\"PropertyValueSpecification\",\"valueRequired\":true,\"valueName\":\"search_term_string\"}}],\"inLanguage\":\"en-US\"}]}<\/script>\n<!-- \/ Yoast SEO plugin. -->","yoast_head_json":{"title":"SkiBus - Messil\u00e4","robots":{"index":"index","follow":"follow","max-snippet":"max-snippet:-1","max-image-preview":"max-image-preview:large","max-video-preview":"max-video-preview:-1"},"canonical":"https:\/\/messila.fi\/en\/skibus\/","og_locale":"en_US","og_type":"article","og_title":"SkiBus - Messil\u00e4","og_url":"https:\/\/messila.fi\/en\/skibus\/","og_site_name":"Messil\u00e4","article_modified_time":"2026-04-02T07:58:35+00:00","twitter_card":"summary_large_image","schema":{"@context":"https:\/\/schema.org","@graph":[{"@type":"WebPage","@id":"https:\/\/messila.fi\/en\/skibus\/","url":"https:\/\/messila.fi\/en\/skibus\/","name":"SkiBus - Messil\u00e4","isPartOf":{"@id":"https:\/\/messila.fi\/en\/#website"},"datePublished":"2024-10-04T12:30:49+00:00","dateModified":"2026-04-02T07:58:35+00:00","breadcrumb":{"@id":"https:\/\/messila.fi\/en\/skibus\/#breadcrumb"},"inLanguage":"en-US","potentialAction":[{"@type":"ReadAction","target":["https:\/\/messila.fi\/en\/skibus\/"]}]},{"@type":"BreadcrumbList","@id":"https:\/\/messila.fi\/en\/skibus\/#breadcrumb","itemListElement":[{"@type":"ListItem","position":1,"name":"Etusivu","item":"https:\/\/messila.fi\/en\/"},{"@type":"ListItem","position":2,"name":"SkiBus"}]},{"@type":"WebSite","@id":"https:\/\/messila.fi\/en\/#website","url":"https:\/\/messila.fi\/en\/","name":"Messil\u00e4","description":"Messil\u00e4 Maailma Oy","potentialAction":[{"@type":"SearchAction","target":{"@type":"EntryPoint","urlTemplate":"https:\/\/messila.fi\/en\/?s={search_term_string}"},"query-input":{"@type":"PropertyValueSpecification","valueRequired":true,"valueName":"search_term_string"}}],"inLanguage":"en-US"}]}},"_links":{"self":[{"href":"https:\/\/messila.fi\/en\/wp-json\/wp\/v2\/pages\/8622","targetHints":{"allow":["GET"]}}],"collection":[{"href":"https:\/\/messila.fi\/en\/wp-json\/wp\/v2\/pages"}],"about":[{"href":"https:\/\/messila.fi\/en\/wp-json\/wp\/v2\/types\/page"}],"author":[{"embeddable":true,"href":"https:\/\/messila.fi\/en\/wp-json\/wp\/v2\/users\/9"}],"replies":[{"embeddable":true,"href":"https:\/\/messila.fi\/en\/wp-json\/wp\/v2\/comments?post=8622"}],"version-history":[{"count":24,"href":"https:\/\/messila.fi\/en\/wp-json\/wp\/v2\/pages\/8622\/revisions"}],"predecessor-version":[{"id":21111,"href":"https:\/\/messila.fi\/en\/wp-json\/wp\/v2\/pages\/8622\/revisions\/21111"}],"wp:attachment":[{"href":"https:\/\/messila.fi\/en\/wp-json\/wp\/v2\/media?parent=8622"}],"curies":[{"name":"wp","href":"https:\/\/api.w.org\/{rel}","templated":true}]}}