{"id":8749,"date":"2024-10-10T11:46:28","date_gmt":"2024-10-10T09:46:28","guid":{"rendered":"https:\/\/messila.fi\/?page_id=8749"},"modified":"2026-04-02T09:16:23","modified_gmt":"2026-04-02T07:16:23","slug":"celebrations","status":"publish","type":"page","link":"https:\/\/messila.fi\/en\/conferences-and-celebrations\/celebrations\/","title":{"rendered":"Celebrations"},"content":{"rendered":"\n\t<section class=\"section dark\" id=\"section_2003374702\">\n\t\t<div class=\"section-bg fill\" >\n\t\t\t\t\t\t\t\t\t<div class=\"section-bg-overlay absolute fill\"><\/div>\n\t\t\t\n\n\t\t<\/div>\n\n\t\t\n\t<div class=\"ux-shape-divider ux-shape-divider--bottom ux-shape-divider--style-waves-opacity-3\">\n\t\t<svg viewBox=\"0 0 1000 300\" xmlns=\"http:\/\/www.w3.org\/2000\/svg\" preserveAspectRatio=\"none\">\n\t<path class=\"ux-shape-fill\" opacity=\"0.05\" d=\"M1014 264V386H206L34 300C34 300 344.42 277.16 436 221C542 156 590 160 704 209C811 255 899.11 214.94 979 346L1014 264Z\"\/>\n\t<path class=\"ux-shape-fill\" opacity=\"0.1\" d=\"M-302 55C-302 55 -66.73 263.25 50 214C178 160 283 116 353 141C445.68 174.1 534.28 256.19 588 249C692.9 235 764.52 75.94 855 131C940.61 183.09 1000 254 1000 254V328L-306 338L-302 55Z\"\/>\n\t<path class=\"ux-shape-fill\" opacity=\"0.15\" d=\"M-286 255C-286 255 -72 152 52 126C176 100 255 155 436 227C581.57 284.91 614.7 277.79 708 227C787 184 1009 3.0001 1093 164C1146 265.63 1031 293 1031 293L924 377L-288 389L-286 255Z\"\/>\n\t<path class=\"ux-shape-fill\" opacity=\"0.3\" d=\"M-24 69C-24 69 275.68 370.66 389 314C397 310 622 316 673 356C690.47 369.7 845 224 890 182C944.8 130.85 1018 92 1078 143C1154.12 207.7 1196 242 1196 242L1184 374L-28 386L-24 69Z\"\/>\n\t<path class=\"ux-shape-fill\" d=\"M-12 201C-12 201 58 284 182 258C306 232 342.29 221.23 456 264C565 305 640.82 288.36 721 249C776 222 837.5 191.31 935 253C984 284 1030 279 1030 279L1024 430L-12 440V201Z\"\/>\n<\/svg>\n\t<\/div>\n\n\t\t<div class=\"section-content relative\">\n\t\t\t\n<div class=\"row\"  id=\"row-1338526873\">\n\n\t<div id=\"col-1767753359\" class=\"col small-12 large-12\"  >\n\t\t\t\t<div class=\"col-inner text-center text-shadow-4\"  >\n\t\t\t\n\t\t\t\n\t<div id=\"text-1648110355\" class=\"text\">\n\t\t\n<h1>Celebrations<\/h1>\n\t\t\n<style>\n#text-1648110355 {\n  font-size: 2.25rem;\n  line-height: 1;\n}\n@media (min-width:550px) {\n  #text-1648110355 {\n    font-size: 2.5rem;\n  }\n}\n@media (min-width:850px) {\n  #text-1648110355 {\n    font-size: 3rem;\n  }\n}\n<\/style>\n\t<\/div>\n\t\n\t\t<\/div>\n\t\t\t\t\t<\/div>\n\n\t\n<\/div>\n\t\t<\/div>\n\n\t\t\n<style>\n#section_2003374702 {\n  padding-top: 30px;\n  padding-bottom: 30px;\n  min-height: 500px;\n}\n#section_2003374702 .section-bg-overlay {\n  background-color: #0077a0;\n}\n#section_2003374702 .ux-shape-divider--bottom svg {\n  height: 100px;\n  --divider-width: 100%;\n}\n<\/style>\n\t<\/section>\n\t\n<div class=\"row\"  id=\"row-740265325\">\n\n\t<div id=\"col-208435950\" class=\"col small-12 large-12\"  >\n\t\t\t\t<div class=\"col-inner text-center\"  >\n\t\t\t\n\t\t\t\n\n<span><span><a href=\"https:\/\/messila.fi\/en\/\">Etusivu<\/a><\/span><\/span>\n\n\t\t<\/div>\n\t\t\t\t\t<\/div>\n\n\t\n<\/div>\n\n\t<section class=\"section\" id=\"section_1536865459\">\n\t\t<div class=\"section-bg fill\" >\n\t\t\t\t\t\t\t\t\t\n\t\t\t\n\n\t\t<\/div>\n\n\t\t\n\n\t\t<div class=\"section-content relative\">\n\t\t\t\n<div class=\"row\"  id=\"row-1892226410\">\n\n\t<div id=\"col-1679557751\" class=\"col small-12 large-12\"  >\n\t\t\t\t<div class=\"col-inner\"  >\n\t\t\t\n\t\t\t\n\t\t<\/div>\n\t\t\t\t\t<\/div>\n\n\t\n<\/div>\n<div class=\"row align-center\"  id=\"row-1966929009\">\n\n\t<div id=\"col-1488287700\" class=\"col medium-8 small-12 large-8\"  >\n\t\t\t\t<div class=\"col-inner text-left\"  >\n\t\t\t\n\t\t\t\n<h2 style=\"text-align: center;\">Pre-Christmas Parties at Messil\u00e4<\/h2>\n<div class=\"slider-wrapper relative\" id=\"slider-869161396\" >\n    <div class=\"slider slider-nav-circle slider-nav-large slider-nav-light slider-style-normal\"\n        data-flickity-options='{\n            \"cellAlign\": \"center\",\n            \"imagesLoaded\": true,\n            \"lazyLoad\": 1,\n            \"freeScroll\": false,\n            \"wrapAround\": true,\n            \"autoPlay\": 6000,\n            \"pauseAutoPlayOnHover\" : true,\n            \"prevNextButtons\": true,\n            \"contain\" : true,\n            \"adaptiveHeight\" : true,\n            \"dragThreshold\" : 10,\n            \"percentPosition\": true,\n            \"pageDots\": true,\n            \"rightToLeft\": false,\n            \"draggable\": true,\n            \"selectedAttraction\": 0.1,\n            \"parallax\" : 0,\n            \"friction\": 0.6        }'\n        >\n        \n\t<div class=\"img has-hover x md-x lg-x y md-y lg-y\" id=\"image_2073615054\">\n\t\t\t\t\t\t\t\t<div class=\"img-inner image-cover dark\" style=\"padding-top:75%;\">\n\t\t\t<img loading=\"lazy\" decoding=\"async\" width=\"2560\" height=\"1920\" src=\"https:\/\/messila.fi\/wp-content\/uploads\/2024\/01\/53-scaled.jpg\" class=\"attachment-original size-original\" alt=\"\" srcset=\"https:\/\/messila.fi\/wp-content\/uploads\/2024\/01\/53-scaled.jpg 2560w, https:\/\/messila.fi\/wp-content\/uploads\/2024\/01\/53-300x225.jpg 300w, https:\/\/messila.fi\/wp-content\/uploads\/2024\/01\/53-1024x768.jpg 1024w, https:\/\/messila.fi\/wp-content\/uploads\/2024\/01\/53-768x576.jpg 768w, https:\/\/messila.fi\/wp-content\/uploads\/2024\/01\/53-1536x1152.jpg 1536w, https:\/\/messila.fi\/wp-content\/uploads\/2024\/01\/53-2048x1536.jpg 2048w\" sizes=\"auto, (max-width: 2560px) 100vw, 2560px\" \/>\t\t\t\t\t\t\n\t\t\t\t\t<\/div>\n\t\t\t\t\t\t\t\t\n<style>\n#image_2073615054 {\n  width: 100%;\n}\n<\/style>\n\t<\/div>\n\t\n\t<div class=\"img has-hover x md-x lg-x y md-y lg-y\" id=\"image_898770906\">\n\t\t\t\t\t\t\t\t<div class=\"img-inner image-cover dark\" style=\"padding-top:75%;\">\n\t\t\t<img loading=\"lazy\" decoding=\"async\" width=\"768\" height=\"1024\" src=\"https:\/\/messila.fi\/wp-content\/uploads\/2024\/10\/Glogi-768x1024.jpeg\" class=\"attachment-large size-large\" alt=\"\" srcset=\"https:\/\/messila.fi\/wp-content\/uploads\/2024\/10\/Glogi-768x1024.jpeg 768w, https:\/\/messila.fi\/wp-content\/uploads\/2024\/10\/Glogi-225x300.jpeg 225w, https:\/\/messila.fi\/wp-content\/uploads\/2024\/10\/Glogi-1152x1536.jpeg 1152w, https:\/\/messila.fi\/wp-content\/uploads\/2024\/10\/Glogi-1536x2048.jpeg 1536w, https:\/\/messila.fi\/wp-content\/uploads\/2024\/10\/Glogi-scaled.jpeg 1920w\" sizes=\"auto, (max-width: 768px) 100vw, 768px\" \/>\t\t\t\t\t\t\n\t\t\t\t\t<\/div>\n\t\t\t\t\t\t\t\t\n<style>\n#image_898770906 {\n  width: 100%;\n}\n<\/style>\n\t<\/div>\n\t\n     <\/div>\n\n     <div class=\"loading-spin dark large centered\"><\/div>\n\n\t<\/div>\n\n\n\t<div id=\"gap-381303821\" class=\"gap-element clearfix\" style=\"display:block; height:auto;\">\n\t\t\n<style>\n#gap-381303821 {\n  padding-top: 15px;\n}\n<\/style>\n\t<\/div>\n\t\n<p class=\"x_MsoNormal\">We invite you to arrange your pre-christmas party at Messil\u00e4 and enjoy the wintry atmosphere of Salpausselk\u00e4. Messil\u00e4 offers a variety of options and venues for your celebration, as well as activities and accommodation, if you wish to extend your stay with us. We will assist you in planning your event to meet your wishes. At Messil\u00e4, you can conveniently combine dining with us, winter sports, celebrating the winter season, sauna and accommodation for a day or two, or over the weekend.<\/p>\n<p class=\"x_MsoNormal\">\u00a0<\/p>\n\t\t<\/div>\n\t\t\t\t\t<\/div>\n\n\t\n<\/div>\n<div class=\"row row-collapse align-middle align-center\"  id=\"row-299152288\">\n\n\t<div id=\"col-1043307165\" class=\"col small-12 large-12\"  >\n\t\t\t\t<div class=\"col-inner\"  >\n\t\t\t\n\t\t\t\n<h3 class=\"uppercase\" style=\"text-align: center;\"><span style=\"font-size: 120%;\">Terms of service<br \/><\/span><\/h3>\n<p style=\"text-align: center;\">We request that you place all conference reservations to Messil\u00e4&#8217;s sales services either via email to messila(at)messila.fi or via telephone <a href=\"tel:+358 3 860 11\">+358 3 860 11<\/a>. All prices include tax.<\/p>\n<p style=\"text-align: center;\">You can also contact Messil\u00e4&#8217;s restaurant manager Katri R\u00e4s\u00e4nen directly about booking your celebration at Messil\u00e4 by telephone <a href=\"tel:+358 44 760 1333 \">+358 44 760 1333 <\/a>or via email\u00a0 \u00a0<a href=\"mailto:katri.rasanen@messila.fi\" target=\"_blank\" rel=\"noopener\">katri.rasanen@messila.fi<\/a>.<\/p>\n<div class=\"row align-middle align-center\"  id=\"row-1185695911\">\n\n\t<div id=\"col-171232925\" class=\"col medium-4 small-12 large-4\"  >\n\t\t\t\t<div class=\"col-inner\"  >\n\t\t\t\n\t\t\t\n<a class=\"button primary expand\" style=\"border-radius:99px;\">\n\t\t<span>Terms of service<\/span>\n\t<i class=\"icon-angle-right\" aria-hidden=\"true\"><\/i><\/a>\n\n\t\t<\/div>\n\t\t\t\t\t<\/div>\n\n\t\n<\/div>\n\t\t<\/div>\n\t\t\t\t\t<\/div>\n\n\t\n<\/div>\n\t\t<\/div>\n\n\t\t\n<style>\n#section_1536865459 {\n  padding-top: 75px;\n  padding-bottom: 75px;\n  background-color: rgb(255,255,255);\n}\n<\/style>\n\t<\/section>\n\t\n\n\t<section class=\"section has-parallax\" id=\"section_566116477\">\n\t\t<div class=\"section-bg fill\" data-parallax-container=\".section\" data-parallax-background data-parallax=\"-4\">\n\t\t\t<img loading=\"lazy\" decoding=\"async\" width=\"1536\" height=\"1022\" src=\"https:\/\/messila.fi\/wp-content\/uploads\/2021\/12\/Messila_kartanoravintola_03-1536x1022.jpg\" class=\"bg attachment-1536x1536 size-1536x1536\" alt=\"\" \/>\t\t\t\t\t\t\n\t\t\t\n\n\t\t<\/div>\n\n\t\t\n\n\t\t<div class=\"section-content relative\">\n\t\t\t\n<div class=\"row align-right\"  id=\"row-2091664128\">\n\n\t<div id=\"col-1377447691\" class=\"col medium-6 small-12 large-6\"  >\n\t\t\t\t<div class=\"col-inner\" style=\"background-color:rgb(255,255,255);\" >\n\t\t\t\n\t\t\t\n<p>Our sales services is happy to help you plan an event to suit your needs.<\/p>\n<a class=\"button primary lowercase\" style=\"border-radius:99px;\">\n\t\t<span>Event inquiry<\/span>\n\t<\/a>\n\n\t\t<\/div>\n\t\t\t\t\n<style>\n#col-1377447691 > .col-inner {\n  padding: 50px 50px 50px 50px;\n  border-radius: 25px;\n}\n<\/style>\n\t<\/div>\n\n\t\n<\/div>\n\t\t<\/div>\n\n\t\t\n<style>\n#section_566116477 {\n  padding-top: 75px;\n  padding-bottom: 75px;\n  min-height: 500px;\n}\n<\/style>\n\t<\/section>\n\t\n","protected":false},"excerpt":{"rendered":"","protected":false},"author":9,"featured_media":0,"parent":8501,"menu_order":0,"comment_status":"closed","ping_status":"closed","template":"page-blank.php","meta":{"_acf_changed":false,"footnotes":""},"class_list":["post-8749","page","type-page","status-publish","hentry"],"acf":[],"yoast_head":"<!-- This site is optimized with the Yoast SEO plugin v27.4 - https:\/\/yoast.com\/product\/yoast-seo-wordpress\/ -->\n<title>Celebrations - Messil\u00e4<\/title>\n<meta name=\"robots\" content=\"index, follow, max-snippet:-1, max-image-preview:large, max-video-preview:-1\" \/>\n<link rel=\"canonical\" href=\"https:\/\/messila.fi\/en\/conferences-and-celebrations\/celebrations\/\" \/>\n<meta property=\"og:locale\" content=\"en_US\" \/>\n<meta property=\"og:type\" content=\"article\" \/>\n<meta property=\"og:title\" content=\"Celebrations - Messil\u00e4\" \/>\n<meta property=\"og:url\" content=\"https:\/\/messila.fi\/en\/conferences-and-celebrations\/celebrations\/\" \/>\n<meta property=\"og:site_name\" content=\"Messil\u00e4\" \/>\n<meta property=\"article:modified_time\" content=\"2026-04-02T07:16:23+00:00\" \/>\n<meta name=\"twitter:card\" content=\"summary_large_image\" \/>\n<script type=\"application\/ld+json\" class=\"yoast-schema-graph\">{\"@context\":\"https:\\\/\\\/schema.org\",\"@graph\":[{\"@type\":\"WebPage\",\"@id\":\"https:\\\/\\\/messila.fi\\\/en\\\/conferences-and-celebrations\\\/celebrations\\\/\",\"url\":\"https:\\\/\\\/messila.fi\\\/en\\\/conferences-and-celebrations\\\/celebrations\\\/\",\"name\":\"Celebrations - Messil\u00e4\",\"isPartOf\":{\"@id\":\"https:\\\/\\\/messila.fi\\\/en\\\/#website\"},\"datePublished\":\"2024-10-10T09:46:28+00:00\",\"dateModified\":\"2026-04-02T07:16:23+00:00\",\"breadcrumb\":{\"@id\":\"https:\\\/\\\/messila.fi\\\/en\\\/conferences-and-celebrations\\\/celebrations\\\/#breadcrumb\"},\"inLanguage\":\"en-US\",\"potentialAction\":[{\"@type\":\"ReadAction\",\"target\":[\"https:\\\/\\\/messila.fi\\\/en\\\/conferences-and-celebrations\\\/celebrations\\\/\"]}]},{\"@type\":\"BreadcrumbList\",\"@id\":\"https:\\\/\\\/messila.fi\\\/en\\\/conferences-and-celebrations\\\/celebrations\\\/#breadcrumb\",\"itemListElement\":[{\"@type\":\"ListItem\",\"position\":1,\"name\":\"Etusivu\",\"item\":\"https:\\\/\\\/messila.fi\\\/en\\\/\"},{\"@type\":\"ListItem\",\"position\":2,\"name\":\"Conferences and celebrations\",\"item\":\"https:\\\/\\\/messila.fi\\\/en\\\/conferences-and-celebrations\\\/\"},{\"@type\":\"ListItem\",\"position\":3,\"name\":\"Celebrations\"}]},{\"@type\":\"WebSite\",\"@id\":\"https:\\\/\\\/messila.fi\\\/en\\\/#website\",\"url\":\"https:\\\/\\\/messila.fi\\\/en\\\/\",\"name\":\"Messil\u00e4\",\"description\":\"Messil\u00e4 Maailma Oy\",\"potentialAction\":[{\"@type\":\"SearchAction\",\"target\":{\"@type\":\"EntryPoint\",\"urlTemplate\":\"https:\\\/\\\/messila.fi\\\/en\\\/?s={search_term_string}\"},\"query-input\":{\"@type\":\"PropertyValueSpecification\",\"valueRequired\":true,\"valueName\":\"search_term_string\"}}],\"inLanguage\":\"en-US\"}]}<\/script>\n<!-- \/ Yoast SEO plugin. -->","yoast_head_json":{"title":"Celebrations - Messil\u00e4","robots":{"index":"index","follow":"follow","max-snippet":"max-snippet:-1","max-image-preview":"max-image-preview:large","max-video-preview":"max-video-preview:-1"},"canonical":"https:\/\/messila.fi\/en\/conferences-and-celebrations\/celebrations\/","og_locale":"en_US","og_type":"article","og_title":"Celebrations - Messil\u00e4","og_url":"https:\/\/messila.fi\/en\/conferences-and-celebrations\/celebrations\/","og_site_name":"Messil\u00e4","article_modified_time":"2026-04-02T07:16:23+00:00","twitter_card":"summary_large_image","schema":{"@context":"https:\/\/schema.org","@graph":[{"@type":"WebPage","@id":"https:\/\/messila.fi\/en\/conferences-and-celebrations\/celebrations\/","url":"https:\/\/messila.fi\/en\/conferences-and-celebrations\/celebrations\/","name":"Celebrations - Messil\u00e4","isPartOf":{"@id":"https:\/\/messila.fi\/en\/#website"},"datePublished":"2024-10-10T09:46:28+00:00","dateModified":"2026-04-02T07:16:23+00:00","breadcrumb":{"@id":"https:\/\/messila.fi\/en\/conferences-and-celebrations\/celebrations\/#breadcrumb"},"inLanguage":"en-US","potentialAction":[{"@type":"ReadAction","target":["https:\/\/messila.fi\/en\/conferences-and-celebrations\/celebrations\/"]}]},{"@type":"BreadcrumbList","@id":"https:\/\/messila.fi\/en\/conferences-and-celebrations\/celebrations\/#breadcrumb","itemListElement":[{"@type":"ListItem","position":1,"name":"Etusivu","item":"https:\/\/messila.fi\/en\/"},{"@type":"ListItem","position":2,"name":"Conferences and celebrations","item":"https:\/\/messila.fi\/en\/conferences-and-celebrations\/"},{"@type":"ListItem","position":3,"name":"Celebrations"}]},{"@type":"WebSite","@id":"https:\/\/messila.fi\/en\/#website","url":"https:\/\/messila.fi\/en\/","name":"Messil\u00e4","description":"Messil\u00e4 Maailma Oy","potentialAction":[{"@type":"SearchAction","target":{"@type":"EntryPoint","urlTemplate":"https:\/\/messila.fi\/en\/?s={search_term_string}"},"query-input":{"@type":"PropertyValueSpecification","valueRequired":true,"valueName":"search_term_string"}}],"inLanguage":"en-US"}]}},"_links":{"self":[{"href":"https:\/\/messila.fi\/en\/wp-json\/wp\/v2\/pages\/8749","targetHints":{"allow":["GET"]}}],"collection":[{"href":"https:\/\/messila.fi\/en\/wp-json\/wp\/v2\/pages"}],"about":[{"href":"https:\/\/messila.fi\/en\/wp-json\/wp\/v2\/types\/page"}],"author":[{"embeddable":true,"href":"https:\/\/messila.fi\/en\/wp-json\/wp\/v2\/users\/9"}],"replies":[{"embeddable":true,"href":"https:\/\/messila.fi\/en\/wp-json\/wp\/v2\/comments?post=8749"}],"version-history":[{"count":10,"href":"https:\/\/messila.fi\/en\/wp-json\/wp\/v2\/pages\/8749\/revisions"}],"predecessor-version":[{"id":21081,"href":"https:\/\/messila.fi\/en\/wp-json\/wp\/v2\/pages\/8749\/revisions\/21081"}],"up":[{"embeddable":true,"href":"https:\/\/messila.fi\/en\/wp-json\/wp\/v2\/pages\/8501"}],"wp:attachment":[{"href":"https:\/\/messila.fi\/en\/wp-json\/wp\/v2\/media?parent=8749"}],"curies":[{"name":"wp","href":"https:\/\/api.w.org\/{rel}","templated":true}]}}