{"id":8753,"date":"2024-10-10T11:49:56","date_gmt":"2024-10-10T09:49:56","guid":{"rendered":"https:\/\/messila.fi\/?page_id=8753"},"modified":"2025-12-17T15:22:12","modified_gmt":"2025-12-17T13:22:12","slug":"conferences","status":"publish","type":"page","link":"https:\/\/messila.fi\/en\/conferences-and-celebrations\/conferences\/","title":{"rendered":"Conferences"},"content":{"rendered":"\n\t<section class=\"section dark\" id=\"section_108737003\">\n\t\t<div class=\"section-bg fill\" >\n\t\t\t\t\t\t\t\t\t<div class=\"section-bg-overlay absolute fill\"><\/div>\n\t\t\t\n\n\t\t<\/div>\n\n\t\t\n\t<div class=\"ux-shape-divider ux-shape-divider--bottom ux-shape-divider--style-waves-opacity-3\">\n\t\t<svg viewBox=\"0 0 1000 300\" xmlns=\"http:\/\/www.w3.org\/2000\/svg\" preserveAspectRatio=\"none\">\n\t<path class=\"ux-shape-fill\" opacity=\"0.05\" d=\"M1014 264V386H206L34 300C34 300 344.42 277.16 436 221C542 156 590 160 704 209C811 255 899.11 214.94 979 346L1014 264Z\"\/>\n\t<path class=\"ux-shape-fill\" opacity=\"0.1\" d=\"M-302 55C-302 55 -66.73 263.25 50 214C178 160 283 116 353 141C445.68 174.1 534.28 256.19 588 249C692.9 235 764.52 75.94 855 131C940.61 183.09 1000 254 1000 254V328L-306 338L-302 55Z\"\/>\n\t<path class=\"ux-shape-fill\" opacity=\"0.15\" d=\"M-286 255C-286 255 -72 152 52 126C176 100 255 155 436 227C581.57 284.91 614.7 277.79 708 227C787 184 1009 3.0001 1093 164C1146 265.63 1031 293 1031 293L924 377L-288 389L-286 255Z\"\/>\n\t<path class=\"ux-shape-fill\" opacity=\"0.3\" d=\"M-24 69C-24 69 275.68 370.66 389 314C397 310 622 316 673 356C690.47 369.7 845 224 890 182C944.8 130.85 1018 92 1078 143C1154.12 207.7 1196 242 1196 242L1184 374L-28 386L-24 69Z\"\/>\n\t<path class=\"ux-shape-fill\" d=\"M-12 201C-12 201 58 284 182 258C306 232 342.29 221.23 456 264C565 305 640.82 288.36 721 249C776 222 837.5 191.31 935 253C984 284 1030 279 1030 279L1024 430L-12 440V201Z\"\/>\n<\/svg>\n\t<\/div>\n\n\t\t<div class=\"section-content relative\">\n\t\t\t\n<div class=\"row\"  id=\"row-1450779825\">\n\n\t<div id=\"col-1647300451\" class=\"col small-12 large-12\"  >\n\t\t\t\t<div class=\"col-inner text-center text-shadow-4\"  >\n\t\t\t\n\t\t\t\n\t<div id=\"text-1952240969\" class=\"text\">\n\t\t\n<h1>Conferences<\/h1>\n\t\t\n<style>\n#text-1952240969 {\n  font-size: 2.25rem;\n  line-height: 1;\n}\n@media (min-width:550px) {\n  #text-1952240969 {\n    font-size: 2.5rem;\n  }\n}\n@media (min-width:850px) {\n  #text-1952240969 {\n    font-size: 3rem;\n  }\n}\n<\/style>\n\t<\/div>\n\t\n\t\t<\/div>\n\t\t\t\t\t<\/div>\n\n\t\n<\/div>\n\t\t<\/div>\n\n\t\t\n<style>\n#section_108737003 {\n  padding-top: 30px;\n  padding-bottom: 30px;\n  min-height: 100px;\n}\n#section_108737003 .section-bg-overlay {\n  background-color: #0077a0;\n}\n#section_108737003 .ux-shape-divider--bottom svg {\n  height: 100px;\n  --divider-width: 100%;\n}\n<\/style>\n\t<\/section>\n\t\n<div class=\"row\"  id=\"row-1845199960\">\n\n\t<div id=\"col-145924898\" class=\"col small-12 large-12\"  >\n\t\t\t\t<div class=\"col-inner text-center\"  >\n\t\t\t\n\t\t\t\n\n<span><span><a href=\"https:\/\/messila.fi\/en\/\">Etusivu<\/a><\/span><\/span>\n\n\t\t<\/div>\n\t\t\t\t\t<\/div>\n\n\t\n<\/div>\n\n\t<section class=\"section\" id=\"section_1469405566\">\n\t\t<div class=\"section-bg fill\" >\n\t\t\t\t\t\t\t\t\t\n\t\t\t\n\n\t\t<\/div>\n\n\t\t\n\n\t\t<div class=\"section-content relative\">\n\t\t\t\n<div class=\"row\"  id=\"row-242599911\">\n\n\t<div id=\"col-1740951557\" class=\"col small-12 large-12\"  >\n\t\t\t\t<div class=\"col-inner\"  >\n\t\t\t\n\t\t\t\n\t\t<\/div>\n\t\t\t\t\t<\/div>\n\n\t\n<\/div>\n<div class=\"row row-solid\" style=\"max-width:1450px\" id=\"row-928073738\">\n\n\t<div id=\"col-18114808\" class=\"col medium-6 small-12 large-3\"  >\n\t\t\t\t<div class=\"col-inner\"  >\n\t\t\t\n\t\t\t\n<h3 style=\"text-align: left;\"><span style=\"font-size: 120%;\">Morning Conference package<\/span><\/h3>\n<ul>\n<li style=\"text-align: left;\">Meeting and workspaces<\/li>\n<li>Coffee and a savory treat<\/li>\n<li>Fruit and water during the meeting<\/li>\n<li>Buffet lunch<\/li>\n<\/ul>\n\t\t<\/div>\n\t\t\t\t\t<\/div>\n\n\t\n\n\t<div id=\"col-2016821708\" class=\"col medium-6 small-12 large-3\"  >\n\t\t\t\t<div class=\"col-inner\"  >\n\t\t\t\n\t\t\t\n<h3 style=\"text-align: left;\"><span style=\"font-size: 120%;\">Day conference package<\/span><\/h3>\n<ul>\n<li style=\"text-align: left;\">Meeting and workspaces<\/li>\n<li style=\"text-align: left;\">Coffee and a savory treat<\/li>\n<li style=\"text-align: left;\">Fruit and water during the meeting<\/li>\n<li style=\"text-align: left;\">Buffet lunch<\/li>\n<li style=\"text-align: left;\">Afternoon coffee and a sweet treat<\/li>\n<\/ul>\n\t\t<\/div>\n\t\t\t\t\t<\/div>\n\n\t\n\n\t<div id=\"col-1420381884\" class=\"col medium-6 small-12 large-3\"  >\n\t\t\t\t<div class=\"col-inner\"  >\n\t\t\t\n\t\t\t\n<h3 style=\"text-align: left;\"><span style=\"font-size: 120%;\">Afternoon Conference Package<\/span><\/h3>\n<ul>\n<li style=\"text-align: left;\">Meeting and workspaces<\/li>\n<li style=\"text-align: left;\">Fruit and water at the meeting<\/li>\n<li style=\"text-align: left;\">Buffet lunch<\/li>\n<li style=\"text-align: left;\">Afternoon coffee and a sweet treat<\/li>\n<\/ul>\n\t\t<\/div>\n\t\t\t\t\t<\/div>\n\n\t\n\n\t<div id=\"col-311748315\" class=\"col medium-6 small-12 large-3\"  >\n\t\t\t\t<div class=\"col-inner\"  >\n\t\t\t\n\t\t\t\n<h3 style=\"text-align: left;\"><span style=\"font-size: 120%;\">Overnight Conference Package<\/span><\/h3>\n<ul>\n<li style=\"text-align: left;\">Meeting room and workspace<\/li>\n<li style=\"text-align: left;\">Coffee and savory treat<\/li>\n<li style=\"text-align: left;\">Two buffet lunches<\/li>\n<li style=\"text-align: left;\">two afternoon coffees and a sweet treat<\/li>\n<li style=\"text-align: left;\">Buffet dinner<\/li>\n<li style=\"text-align: left;\">Fruit at the meeting during day 1.<\/li>\n<li style=\"text-align: left;\">Water in the meeting room<\/li>\n<li style=\"text-align: left;\">Accommodation in two person rooms<\/li>\n<li style=\"text-align: left;\">Breakfast<\/li>\n<\/ul>\n<p style=\"text-align: left;\">Additional fee for a one person room.<\/p>\n\t\t<\/div>\n\t\t\t\t\t<\/div>\n\n\t\n<\/div>\n<div class=\"row\"  id=\"row-1264119386\">\n\n\t<div id=\"col-476343045\" class=\"col small-12 large-12\"  >\n\t\t\t\t<div class=\"col-inner text-left box-shadow-2\"  >\n\t\t\t\n\t\t\t\n<h3><span style=\"font-size: 120%;\"><span style=\"font-size: 100%;\">Reserving only the Meeting Room <\/span><br \/><\/span><\/h3>\n<p>This reservation requires also ordering either coffee and a sweet\u00a0 12\u20ac \/ person or coffee and a sandwich 15 \u20ac \/ person.<\/p>\n<p>This reservation type has no group size requirement.<\/p>\n<p>Ei minimihenkil\u00f6m\u00e4\u00e4r\u00e4\u00e4.<\/p>\n\t\t<\/div>\n\t\t\t\t\n<style>\n#col-476343045 > .col-inner {\n  padding: 10px 10px 10px 10px;\n}\n<\/style>\n\t<\/div>\n\n\t\n<\/div>\n<div class=\"row row-collapse align-middle align-center\"  id=\"row-1094776793\">\n\n\t<div id=\"col-699204152\" class=\"col small-12 large-12\"  >\n\t\t\t\t<div class=\"col-inner\"  >\n\t\t\t\n\t\t\t\n<h3 class=\"uppercase\" style=\"text-align: center;\"><span style=\"font-size: 120%;\">Terms of service<br \/><\/span><\/h3>\n<p style=\"text-align: center;\">We request that you place all conference reservations to Messil\u00e4&#8217;s sales services either via email to messila(at)messila.fi or via telephone +358 3 860 11. All prices include tax.<\/p>\n<div class=\"row align-middle align-center\"  id=\"row-1683484643\">\n\n\t<div id=\"col-336230511\" class=\"col medium-4 small-12 large-4\"  >\n\t\t\t\t<div class=\"col-inner\"  >\n\t\t\t\n\t\t\t\n<a class=\"button primary expand\" style=\"border-radius:99px;\">\n\t\t<span>Terms of service<\/span>\n\t<i class=\"icon-angle-right\" aria-hidden=\"true\"><\/i><\/a>\n\n\t\t<\/div>\n\t\t\t\t\t<\/div>\n\n\t\n<\/div>\n\t\t<\/div>\n\t\t\t\t\t<\/div>\n\n\t\n<\/div>\n\t\t<\/div>\n\n\t\t\n<style>\n#section_1469405566 {\n  padding-top: 75px;\n  padding-bottom: 75px;\n  background-color: rgb(255,255,255);\n}\n<\/style>\n\t<\/section>\n\t\n\n\t<section class=\"section has-parallax\" id=\"section_890189279\">\n\t\t<div class=\"section-bg fill\" data-parallax-container=\".section\" data-parallax-background data-parallax=\"-4\">\n\t\t\t<img loading=\"lazy\" decoding=\"async\" width=\"1536\" height=\"1022\" src=\"https:\/\/messila.fi\/wp-content\/uploads\/2021\/12\/Messila_kartanoravintola_03-1536x1022.jpg\" class=\"bg attachment-1536x1536 size-1536x1536\" alt=\"\" \/>\t\t\t\t\t\t\n\t\t\t\n\n\t\t<\/div>\n\n\t\t\n\n\t\t<div class=\"section-content relative\">\n\t\t\t\n<div class=\"row align-right\"  id=\"row-1859942128\">\n\n\t<div id=\"col-405114094\" class=\"col medium-6 small-12 large-6\"  >\n\t\t\t\t<div class=\"col-inner\" style=\"background-color:rgb(255,255,255);\" >\n\t\t\t\n\t\t\t\n\t<div id=\"text-4050507500\" class=\"text\">\n\t\t\n\t\t\n<style>\n#text-4050507500 {\n  font-size: 2rem;\n}\n<\/style>\n\t<\/div>\n\t\n<p>Our sales services is happy to help you plan an event to suit your needs.<\/p>\n<a href=\"http:\/\/messila@messila.fi\" target=\"_blank\" class=\"button primary lowercase\" rel=\"noopener\" style=\"border-radius:99px;\">\n\t\t<span>Conference inquiry<\/span>\n\t<\/a>\n\n\t\t<\/div>\n\t\t\t\t\n<style>\n#col-405114094 > .col-inner {\n  padding: 50px 50px 50px 50px;\n  border-radius: 25px;\n}\n<\/style>\n\t<\/div>\n\n\t\n<\/div>\n\t\t<\/div>\n\n\t\t\n<style>\n#section_890189279 {\n  padding-top: 75px;\n  padding-bottom: 75px;\n  min-height: 500px;\n}\n<\/style>\n\t<\/section>\n\t\n","protected":false},"excerpt":{"rendered":"","protected":false},"author":9,"featured_media":0,"parent":8501,"menu_order":0,"comment_status":"closed","ping_status":"closed","template":"page-blank.php","meta":{"_acf_changed":false,"footnotes":""},"class_list":["post-8753","page","type-page","status-publish","hentry"],"acf":[],"yoast_head":"<!-- This site is optimized with the Yoast SEO plugin v27.3 - https:\/\/yoast.com\/product\/yoast-seo-wordpress\/ -->\n<title>Conferences - Messil\u00e4<\/title>\n<meta name=\"robots\" content=\"index, follow, max-snippet:-1, max-image-preview:large, max-video-preview:-1\" \/>\n<link rel=\"canonical\" href=\"https:\/\/messila.fi\/en\/conferences-and-celebrations\/conferences\/\" \/>\n<meta property=\"og:locale\" content=\"en_US\" \/>\n<meta property=\"og:type\" content=\"article\" \/>\n<meta property=\"og:title\" content=\"Conferences - Messil\u00e4\" \/>\n<meta property=\"og:url\" content=\"https:\/\/messila.fi\/en\/conferences-and-celebrations\/conferences\/\" \/>\n<meta property=\"og:site_name\" content=\"Messil\u00e4\" \/>\n<meta property=\"article:modified_time\" content=\"2025-12-17T13:22:12+00:00\" \/>\n<meta name=\"twitter:card\" content=\"summary_large_image\" \/>\n<script type=\"application\/ld+json\" class=\"yoast-schema-graph\">{\"@context\":\"https:\\\/\\\/schema.org\",\"@graph\":[{\"@type\":\"WebPage\",\"@id\":\"https:\\\/\\\/messila.fi\\\/en\\\/conferences-and-celebrations\\\/conferences\\\/\",\"url\":\"https:\\\/\\\/messila.fi\\\/en\\\/conferences-and-celebrations\\\/conferences\\\/\",\"name\":\"Conferences - Messil\u00e4\",\"isPartOf\":{\"@id\":\"https:\\\/\\\/messila.fi\\\/en\\\/#website\"},\"datePublished\":\"2024-10-10T09:49:56+00:00\",\"dateModified\":\"2025-12-17T13:22:12+00:00\",\"breadcrumb\":{\"@id\":\"https:\\\/\\\/messila.fi\\\/en\\\/conferences-and-celebrations\\\/conferences\\\/#breadcrumb\"},\"inLanguage\":\"en-US\",\"potentialAction\":[{\"@type\":\"ReadAction\",\"target\":[\"https:\\\/\\\/messila.fi\\\/en\\\/conferences-and-celebrations\\\/conferences\\\/\"]}]},{\"@type\":\"BreadcrumbList\",\"@id\":\"https:\\\/\\\/messila.fi\\\/en\\\/conferences-and-celebrations\\\/conferences\\\/#breadcrumb\",\"itemListElement\":[{\"@type\":\"ListItem\",\"position\":1,\"name\":\"Etusivu\",\"item\":\"https:\\\/\\\/messila.fi\\\/en\\\/\"},{\"@type\":\"ListItem\",\"position\":2,\"name\":\"Conferences and celebrations\",\"item\":\"https:\\\/\\\/messila.fi\\\/en\\\/conferences-and-celebrations\\\/\"},{\"@type\":\"ListItem\",\"position\":3,\"name\":\"Conferences\"}]},{\"@type\":\"WebSite\",\"@id\":\"https:\\\/\\\/messila.fi\\\/en\\\/#website\",\"url\":\"https:\\\/\\\/messila.fi\\\/en\\\/\",\"name\":\"Messil\u00e4\",\"description\":\"Messil\u00e4 Maailma Oy\",\"potentialAction\":[{\"@type\":\"SearchAction\",\"target\":{\"@type\":\"EntryPoint\",\"urlTemplate\":\"https:\\\/\\\/messila.fi\\\/en\\\/?s={search_term_string}\"},\"query-input\":{\"@type\":\"PropertyValueSpecification\",\"valueRequired\":true,\"valueName\":\"search_term_string\"}}],\"inLanguage\":\"en-US\"}]}<\/script>\n<!-- \/ Yoast SEO plugin. -->","yoast_head_json":{"title":"Conferences - Messil\u00e4","robots":{"index":"index","follow":"follow","max-snippet":"max-snippet:-1","max-image-preview":"max-image-preview:large","max-video-preview":"max-video-preview:-1"},"canonical":"https:\/\/messila.fi\/en\/conferences-and-celebrations\/conferences\/","og_locale":"en_US","og_type":"article","og_title":"Conferences - Messil\u00e4","og_url":"https:\/\/messila.fi\/en\/conferences-and-celebrations\/conferences\/","og_site_name":"Messil\u00e4","article_modified_time":"2025-12-17T13:22:12+00:00","twitter_card":"summary_large_image","schema":{"@context":"https:\/\/schema.org","@graph":[{"@type":"WebPage","@id":"https:\/\/messila.fi\/en\/conferences-and-celebrations\/conferences\/","url":"https:\/\/messila.fi\/en\/conferences-and-celebrations\/conferences\/","name":"Conferences - Messil\u00e4","isPartOf":{"@id":"https:\/\/messila.fi\/en\/#website"},"datePublished":"2024-10-10T09:49:56+00:00","dateModified":"2025-12-17T13:22:12+00:00","breadcrumb":{"@id":"https:\/\/messila.fi\/en\/conferences-and-celebrations\/conferences\/#breadcrumb"},"inLanguage":"en-US","potentialAction":[{"@type":"ReadAction","target":["https:\/\/messila.fi\/en\/conferences-and-celebrations\/conferences\/"]}]},{"@type":"BreadcrumbList","@id":"https:\/\/messila.fi\/en\/conferences-and-celebrations\/conferences\/#breadcrumb","itemListElement":[{"@type":"ListItem","position":1,"name":"Etusivu","item":"https:\/\/messila.fi\/en\/"},{"@type":"ListItem","position":2,"name":"Conferences and celebrations","item":"https:\/\/messila.fi\/en\/conferences-and-celebrations\/"},{"@type":"ListItem","position":3,"name":"Conferences"}]},{"@type":"WebSite","@id":"https:\/\/messila.fi\/en\/#website","url":"https:\/\/messila.fi\/en\/","name":"Messil\u00e4","description":"Messil\u00e4 Maailma Oy","potentialAction":[{"@type":"SearchAction","target":{"@type":"EntryPoint","urlTemplate":"https:\/\/messila.fi\/en\/?s={search_term_string}"},"query-input":{"@type":"PropertyValueSpecification","valueRequired":true,"valueName":"search_term_string"}}],"inLanguage":"en-US"}]}},"_links":{"self":[{"href":"https:\/\/messila.fi\/en\/wp-json\/wp\/v2\/pages\/8753","targetHints":{"allow":["GET"]}}],"collection":[{"href":"https:\/\/messila.fi\/en\/wp-json\/wp\/v2\/pages"}],"about":[{"href":"https:\/\/messila.fi\/en\/wp-json\/wp\/v2\/types\/page"}],"author":[{"embeddable":true,"href":"https:\/\/messila.fi\/en\/wp-json\/wp\/v2\/users\/9"}],"replies":[{"embeddable":true,"href":"https:\/\/messila.fi\/en\/wp-json\/wp\/v2\/comments?post=8753"}],"version-history":[{"count":13,"href":"https:\/\/messila.fi\/en\/wp-json\/wp\/v2\/pages\/8753\/revisions"}],"predecessor-version":[{"id":15572,"href":"https:\/\/messila.fi\/en\/wp-json\/wp\/v2\/pages\/8753\/revisions\/15572"}],"up":[{"embeddable":true,"href":"https:\/\/messila.fi\/en\/wp-json\/wp\/v2\/pages\/8501"}],"wp:attachment":[{"href":"https:\/\/messila.fi\/en\/wp-json\/wp\/v2\/media?parent=8753"}],"curies":[{"name":"wp","href":"https:\/\/api.w.org\/{rel}","templated":true}]}}